{"id":1717,"date":"2019-04-16T23:21:14","date_gmt":"2019-04-16T21:21:14","guid":{"rendered":"https:\/\/goriffee.com\/my-account\/"},"modified":"2024-01-07T19:53:16","modified_gmt":"2024-01-07T18:53:16","slug":"my-account","status":"publish","type":"page","link":"https:\/\/www.goriffee.com\/en\/my-account\/","title":{"rendered":"My account"},"content":{"rendered":"<div class=\"woocommerce\"><div class=\"woocommerce-notices-wrapper\"><\/div>\n\n<div class=\"row\" id=\"customer_login\">\n\n\t<div class=\"col-md-5\">\n\n\t\t\n\t\t<div class=\"woocommerce-form-wrap woocommerce-form-has-background woocommerce-form-login-wrap\">\n\n\t\t\t<h2>Sign In<\/h2>\n\n\t\t\t<form class=\"woocommerce-form woocommerce-form-login login\" method=\"post\" novalidate>\n\n\t\t\t\t\n\t\t\t\t<p class=\"woocommerce-form-row woocommerce-form-row--wide form-row form-row-wide\">\n\t\t\t\t\t<label for=\"username\">Username or email&nbsp;<span\n\t\t\t\t\t\t\tclass=\"required\">*<\/span><span class=\"screen-reader-text\">Required<\/span><\/label>\n\t\t\t\t\t<input type=\"text\" class=\"woocommerce-Input woocommerce-Input--text input-text\" name=\"username\"\n\t\t\t\t\t       id=\"username\" autocomplete=\"username\"\n\t\t\t\t\t       value=\"\" required aria-required=\"true\"\/>\t\t\t\t<\/p>\n\t\t\t\t<p class=\"woocommerce-form-row woocommerce-form-row--wide form-row form-row-wide woocommerce-form-password\">\n\t\t\t\t\t<label for=\"password\">Password&nbsp;<span\n\t\t\t\t\t\t\tclass=\"required\">*<\/span><span class=\"screen-reader-text\">Required<\/span><\/label>\n\t\t\t\t\t<input class=\"woocommerce-Input woocommerce-Input--text input-text\" type=\"password\" name=\"password\"\n\t\t\t\t\t       id=\"password\" autocomplete=\"current-password\" required aria-required=\"true\"\/>\n\t\t\t\t<\/p>\n\n\t\t\t\t\n\t\t\t\t<div class=\"woocommerce-form-row woocommerce-form-row--wide form-row form-row-wide row-flex row-middle\">\n\t\t\t\t\t<div class=\"col-grow\">\n\t\t\t\t\t\t<label\n\t\t\t\t\t\t\tclass=\"woocommerce-form__label woocommerce-form__label-for-checkbox woocommerce-form-login__rememberme\">\n\t\t\t\t\t\t\t<input class=\"woocommerce-form__input woocommerce-form__input-checkbox\" name=\"rememberme\"\n\t\t\t\t\t\t\t       type=\"checkbox\" id=\"rememberme\" value=\"forever\"\/>\n\t\t\t\t\t\t\t<span>Stay signed in<\/span>\n\t\t\t\t\t\t<\/label>\n\t\t\t\t\t<\/div>\n\t\t\t\t\t<div class=\"col-shrink woocommerce-LostPassword lost_password\">\n\t\t\t\t\t\t<a href=\"https:\/\/www.goriffee.com\/en\/my-account\/zabudnute-heslo\/\"\n\t\t\t\t\t\t   class=\"link-transition-02\">Forgot your password?<\/a>\n\t\t\t\t\t<\/div>\n\t\t\t\t<\/div>\n\n\t\t\t\t<input type=\"hidden\" id=\"woocommerce-login-nonce\" name=\"woocommerce-login-nonce\" value=\"91426689f1\" \/><input type=\"hidden\" name=\"_wp_http_referer\" value=\"\/en\/wp-json\/wp\/v2\/pages\/1717\" \/>\t\t\t\t<button type=\"submit\" class=\"woocommerce-button button woocommerce-form-login__submit \" name=\"login\"\n\t\t\t\t        value=\"Log in\">Log in<\/button>\n\n\t\t\t\t\n\t\t\t<\/form>\n\n\t\t<\/div>\n\n\t\t\n\t<\/div>\n\n\t<div class=\"col-md-6 col-md-push-1\">\n\n\t\t<div class=\"woocommerce-form-wrap woocommerce-form-register-wrap\">\n\n\t\t\t<h2>Sign Up<\/h2>\n\n\t\t\t<form method=\"post\"\n\t\t\t      class=\"woocommerce-form woocommerce-form-register register\"  >\n\n\t\t\t\t\t\t<p class=\"woocommerce-form-row woocommerce-form-row--first form-row form-row-first\">\n\t\t\t<label for=\"reg_billing_first_name\">First name\t\t\t\t<span class=\"required\">*<\/span><\/label>\n\t\t\t<input type=\"text\" class=\"input-text\" name=\"billing_first_name\" id=\"reg_billing_first_name\" value=\"\"\/>\n\t\t<\/p>\n\t\t<p class=\"woocommerce-form-row woocommerce-form-row--last form-row form-row-last\">\n\t\t\t<label for=\"reg_billing_last_name\">Last name\t\t\t\t<span class=\"required\">*<\/span><\/label>\n\t\t\t<input type=\"text\" class=\"input-text\" name=\"billing_last_name\" id=\"reg_billing_last_name\" value=\"\"\/>\n\t\t<\/p>\n\t\t<div class=\"clear\"><\/div>\n\t\t\n\t\t\t\t\n\t\t\t\t<p class=\"woocommerce-form-row woocommerce-form-row--wide form-row form-row-wide\">\n\t\t\t\t\t<label for=\"reg_email\">Email address&nbsp;<span\n\t\t\t\t\t\t\tclass=\"required\">*<\/span><span class=\"screen-reader-text\">Required<\/span><\/label>\n\t\t\t\t\t<input type=\"email\" class=\"woocommerce-Input woocommerce-Input--text input-text\" name=\"email\"\n\t\t\t\t\t       id=\"reg_email\" autocomplete=\"email\"\n\t\t\t\t\t       value=\"\" required aria-required=\"true\"\/>\t\t\t\t<\/p>\n\n\t\t\t\t\n\t\t\t\t\t<p>A link to set a new password will be sent to your email address.<\/p>\n\n\t\t\t\t\n\t\t\t\t<wc-order-attribution-inputs><\/wc-order-attribution-inputs><div class=\"woocommerce-privacy-policy-text\"><p>S\u00fahlas\u00edm so  spracovan\u00edm osobn\u00fdch \u00fadajov za \u00fa\u010delom registr\u00e1cie v s\u00falade s Podmienkami spracovania osobn\u00fdch \u00fadajov. S\u00fahlas m\u00f4\u017eete kedyko\u013evek odvola\u0165. <a href=\"https:\/\/www.goriffee.com\/ochrana-osobnych-udajov\/\" class=\"woocommerce-privacy-policy-link\" target=\"_blank\">privacy policy<\/a>.<\/p>\n<\/div>\n\t\t\t\t<p class=\"woocommerce-form-row form-row\">\n\t\t\t\t\t<input type=\"hidden\" id=\"woocommerce-register-nonce\" name=\"woocommerce-register-nonce\" value=\"2e99b570b4\" \/><input type=\"hidden\" name=\"_wp_http_referer\" value=\"\/en\/wp-json\/wp\/v2\/pages\/1717\" \/>\t\t\t\t\t<button type=\"submit\"\n\t\t\t\t\t        class=\"woocommerce-Button woocommerce-button button woocommerce-form-register__submit\"\n\t\t\t\t\t        name=\"register\"\n\t\t\t\t\t        value=\"Register\">Register<\/button>\n\t\t\t\t<\/p>\n\n\t\t\t\t\n\t\t\t<\/form>\n\n\t\t<\/div>\n\n\t<\/div>\n\n<\/div>\n\n<\/div>\n","protected":false},"excerpt":{"rendered":"","protected":false},"author":1,"featured_media":0,"parent":0,"menu_order":0,"comment_status":"closed","ping_status":"closed","template":"","meta":{"_acf_changed":false,"footnotes":""},"class_list":["post-1717","page","type-page","status-publish","hentry","post-no-thumbnail"],"acf":[],"_links":{"self":[{"href":"https:\/\/www.goriffee.com\/en\/wp-json\/wp\/v2\/pages\/1717","targetHints":{"allow":["GET"]}}],"collection":[{"href":"https:\/\/www.goriffee.com\/en\/wp-json\/wp\/v2\/pages"}],"about":[{"href":"https:\/\/www.goriffee.com\/en\/wp-json\/wp\/v2\/types\/page"}],"author":[{"embeddable":true,"href":"https:\/\/www.goriffee.com\/en\/wp-json\/wp\/v2\/users\/1"}],"replies":[{"embeddable":true,"href":"https:\/\/www.goriffee.com\/en\/wp-json\/wp\/v2\/comments?post=1717"}],"version-history":[{"count":0,"href":"https:\/\/www.goriffee.com\/en\/wp-json\/wp\/v2\/pages\/1717\/revisions"}],"wp:attachment":[{"href":"https:\/\/www.goriffee.com\/en\/wp-json\/wp\/v2\/media?parent=1717"}],"curies":[{"name":"wp","href":"https:\/\/api.w.org\/{rel}","templated":true}]}}