{"id":41987,"date":"2024-04-16T08:51:22","date_gmt":"2024-04-16T06:51:22","guid":{"rendered":"https:\/\/www.goriffee.com\/frequently-asked-questions-about-specialty-coffee\/"},"modified":"2025-01-21T10:04:47","modified_gmt":"2025-01-21T09:04:47","slug":"frequently-asked-questions-about-specialty-coffee","status":"publish","type":"page","link":"https:\/\/www.goriffee.com\/en\/frequently-asked-questions-about-specialty-coffee\/","title":{"rendered":"FAQ about specialty coffee"},"content":{"rendered":"\t\t<div data-elementor-type=\"wp-page\" data-elementor-id=\"41987\" class=\"elementor elementor-41987 elementor-331\" data-elementor-post-type=\"page\">\n\t\t\t\t\t\t<section class=\"elementor-section elementor-top-section elementor-element elementor-element-7b9e874 elementor-section-boxed elementor-section-gap-beside-yes elementor-section-height-default elementor-section-height-default elementor-section-content-align-center elementor-section-column-vertical-align-stretch\" data-id=\"7b9e874\" data-element_type=\"section\" data-e-type=\"section\">\n\t\t\t\t\t\t<div class=\"elementor-container elementor-column-gap-extended\">\n\t\t\t\t\t<div class=\"elementor-column elementor-col-100 elementor-top-column elementor-element elementor-element-59165b0\" data-id=\"59165b0\" data-element_type=\"column\" data-e-type=\"column\">\n\t\t\t<div class=\"elementor-widget-wrap elementor-element-populated\">\n\t\t\t\t\t\t<div class=\"elementor-element elementor-element-439c06c elementor-widget elementor-widget-spacer\" data-id=\"439c06c\" data-element_type=\"widget\" data-e-type=\"widget\" data-widget_type=\"spacer.default\">\n\t\t\t\t<div class=\"elementor-widget-container\">\n\t\t\t\t\t\t\t<div class=\"elementor-spacer\">\n\t\t\t<div class=\"elementor-spacer-inner\"><\/div>\n\t\t<\/div>\n\t\t\t\t\t\t<\/div>\n\t\t\t\t<\/div>\n\t\t\t\t<div class=\"elementor-element elementor-element-9403f5a minimog-accordion-style-01 elementor-widget elementor-widget-tm-accordion\" data-id=\"9403f5a\" data-element_type=\"widget\" data-e-type=\"widget\" data-settings=\"{&quot;active_first_item&quot;:&quot;1&quot;}\" data-widget_type=\"tm-accordion.default\">\n\t\t\t\t<div class=\"elementor-widget-container\">\n\t\t\t\t\t\t\t<div class=\"minimog-accordion minimog-accordion-icon-right\">\n\t\t\t\t\t\t\t<div class=\"accordion-section active\">\n\t\t\t\t\t<div class=\"accordion-header\">\n\t\t\t\t\t\t<div class=\"accordion-title-wrapper\">\n\t\t\t\t\t\t\t<h6 class=\"accordion-title\">\u010co je v\u00fdberov\u00e1 k\u00e1va<\/h6>\t\t\t\t\t\t<\/div>\n\t\t\t\t\t\t\t\t\t\t\t\t\t<div class=\"accordion-icons\">\n\t\t\t\t\t\t\t\t<span\n\t\t\t\t\t\t\t\t\tclass=\"accordion-icon opened-icon\"><i class=\"far fa-angle-down\"><\/i><\/span>\n\t\t\t\t\t\t\t\t<span\n\t\t\t\t\t\t\t\t\tclass=\"accordion-icon closed-icon\"><i class=\"far fa-angle-up\"><\/i><\/span>\n\t\t\t\t\t\t\t<\/div>\n\t\t\t\t\t\t\t\t\t\t\t<\/div>\n\t\t\t\t\t<div class=\"accordion-content\">\n\t\t\t\t\t\t<p>Za v\u00fdberov\u00fa k\u00e1vu pova\u017eujeme tak\u00fa, ktor\u00e1 nem\u00e1 viac ako 5 defektov na 300gramov pra\u017eenej k\u00e1vy a z\u00e1rove\u0148 n\u00e1jdeme v jej chu\u0165ovom profile zauj\u00edmav\u00e9 a unik\u00e1tne chu\u0165ov\u00e9 t\u00f3ny. Za v\u00fdberov\u00fa k\u00e1vu s a pova\u017euje len 5% celosvetovej produkcie.<\/p>\t\t\t\t\t<\/div>\n\t\t\t\t<\/div>\n\t\t\t\t\t\t\t<div class=\"accordion-section\">\n\t\t\t\t\t<div class=\"accordion-header\">\n\t\t\t\t\t\t<div class=\"accordion-title-wrapper\">\n\t\t\t\t\t\t\t<h6 class=\"accordion-title\">AK\u00fd je rozdiel medzi v\u00fdberovou a komoditnou k\u00e1vou<\/h6>\t\t\t\t\t\t<\/div>\n\t\t\t\t\t\t\t\t\t\t\t\t\t<div class=\"accordion-icons\">\n\t\t\t\t\t\t\t\t<span\n\t\t\t\t\t\t\t\t\tclass=\"accordion-icon opened-icon\"><i class=\"far fa-angle-down\"><\/i><\/span>\n\t\t\t\t\t\t\t\t<span\n\t\t\t\t\t\t\t\t\tclass=\"accordion-icon closed-icon\"><i class=\"far fa-angle-up\"><\/i><\/span>\n\t\t\t\t\t\t\t<\/div>\n\t\t\t\t\t\t\t\t\t\t\t<\/div>\n\t\t\t\t\t<div class=\"accordion-content\">\n\t\t\t\t\t\t<p>Komoditn\u00e1 k\u00e1va m\u00e1 vo v\u0161eobecnosti ni\u017e\u0161iu kvalitu, viac defektn\u00fdch z\u0155n a menej zauj\u00edmav\u00e9 chu\u0165ov\u00e9 vlastnosti.<\/p>\t\t\t\t\t<\/div>\n\t\t\t\t<\/div>\n\t\t\t\t\t\t\t<div class=\"accordion-section\">\n\t\t\t\t\t<div class=\"accordion-header\">\n\t\t\t\t\t\t<div class=\"accordion-title-wrapper\">\n\t\t\t\t\t\t\t<h6 class=\"accordion-title\">Kedy a ako \u010dasto pra\u017e\u00edte k\u00e1vu<\/h6>\t\t\t\t\t\t<\/div>\n\t\t\t\t\t\t\t\t\t\t\t\t\t<div class=\"accordion-icons\">\n\t\t\t\t\t\t\t\t<span\n\t\t\t\t\t\t\t\t\tclass=\"accordion-icon opened-icon\"><i class=\"far fa-angle-down\"><\/i><\/span>\n\t\t\t\t\t\t\t\t<span\n\t\t\t\t\t\t\t\t\tclass=\"accordion-icon closed-icon\"><i class=\"far fa-angle-up\"><\/i><\/span>\n\t\t\t\t\t\t\t<\/div>\n\t\t\t\t\t\t\t\t\t\t\t<\/div>\n\t\t\t\t\t<div class=\"accordion-content\">\n\t\t\t\t\t\t<p>K\u00e1vu pra\u017e\u00edme v pondelok, stredu a \u0161tvrtok, ka\u017ed\u00fd t\u00fd\u017ede\u0148, \u010derstvo.<\/p>\t\t\t\t\t<\/div>\n\t\t\t\t<\/div>\n\t\t\t\t\t\t\t<div class=\"accordion-section\">\n\t\t\t\t\t<div class=\"accordion-header\">\n\t\t\t\t\t\t<div class=\"accordion-title-wrapper\">\n\t\t\t\t\t\t\t<h6 class=\"accordion-title\">Ako sa dozviem o nov\u00fdch k\u00e1vach v ponuke<\/h6>\t\t\t\t\t\t<\/div>\n\t\t\t\t\t\t\t\t\t\t\t\t\t<div class=\"accordion-icons\">\n\t\t\t\t\t\t\t\t<span\n\t\t\t\t\t\t\t\t\tclass=\"accordion-icon opened-icon\"><i class=\"far fa-angle-down\"><\/i><\/span>\n\t\t\t\t\t\t\t\t<span\n\t\t\t\t\t\t\t\t\tclass=\"accordion-icon closed-icon\"><i class=\"far fa-angle-up\"><\/i><\/span>\n\t\t\t\t\t\t\t<\/div>\n\t\t\t\t\t\t\t\t\t\t\t<\/div>\n\t\t\t\t\t<div class=\"accordion-content\">\n\t\t\t\t\t\t<p>Najlep\u0161\u00edm sp\u00f4sobom je prihl\u00e1si\u0165 sa do n\u00e1\u0161ho newslettera (napr\u00edklad v pati\u010dke tejto str\u00e1nky) alebo sledova\u0165 na\u0161e soci\u00e1lne siete @goriffee.\u00a0<\/p>\t\t\t\t\t<\/div>\n\t\t\t\t<\/div>\n\t\t\t\t\t\t\t<div class=\"accordion-section\">\n\t\t\t\t\t<div class=\"accordion-header\">\n\t\t\t\t\t\t<div class=\"accordion-title-wrapper\">\n\t\t\t\t\t\t\t<h6 class=\"accordion-title\">Je va\u0161a k\u00e1va organick\u00e1?<\/h6>\t\t\t\t\t\t<\/div>\n\t\t\t\t\t\t\t\t\t\t\t\t\t<div class=\"accordion-icons\">\n\t\t\t\t\t\t\t\t<span\n\t\t\t\t\t\t\t\t\tclass=\"accordion-icon opened-icon\"><i class=\"far fa-angle-down\"><\/i><\/span>\n\t\t\t\t\t\t\t\t<span\n\t\t\t\t\t\t\t\t\tclass=\"accordion-icon closed-icon\"><i class=\"far fa-angle-up\"><\/i><\/span>\n\t\t\t\t\t\t\t<\/div>\n\t\t\t\t\t\t\t\t\t\t\t<\/div>\n\t\t\t\t\t<div class=\"accordion-content\">\n\t\t\t\t\t\t<p>Iba firmy, ktor\u00e9 maj\u00fa organic certifik\u00e1t, m\u00f4\u017eu pred\u00e1va\u0165 k\u00e1vu ako organick\u00fa, nako\u013eko je zabezpe\u010den\u00e9, \u017ee tak\u00e1to k\u00e1va je skuto\u010dne organick\u00e1 od zberu a\u017e po zabalenie.<\/p><p>My tak\u00fdto certifik\u00e1t m\u00e1me a m\u00e1me aj niektor\u00e9 organick\u00e9 k\u00e1vy v ponuke.<\/p>\t\t\t\t\t<\/div>\n\t\t\t\t<\/div>\n\t\t\t\t\t\t\t<div class=\"accordion-section\">\n\t\t\t\t\t<div class=\"accordion-header\">\n\t\t\t\t\t\t<div class=\"accordion-title-wrapper\">\n\t\t\t\t\t\t\t<h6 class=\"accordion-title\">Naozaj va\u0161a k\u00e1va obsahuje anan\u00e1s, ban\u00e1ny, \u010dokol\u00e1du alebo orie\u0161ky?<\/h6>\t\t\t\t\t\t<\/div>\n\t\t\t\t\t\t\t\t\t\t\t\t\t<div class=\"accordion-icons\">\n\t\t\t\t\t\t\t\t<span\n\t\t\t\t\t\t\t\t\tclass=\"accordion-icon opened-icon\"><i class=\"far fa-angle-down\"><\/i><\/span>\n\t\t\t\t\t\t\t\t<span\n\t\t\t\t\t\t\t\t\tclass=\"accordion-icon closed-icon\"><i class=\"far fa-angle-up\"><\/i><\/span>\n\t\t\t\t\t\t\t<\/div>\n\t\t\t\t\t\t\t\t\t\t\t<\/div>\n\t\t\t\t\t<div class=\"accordion-content\">\n\t\t\t\t\t\t<p>Nie. Hovor\u00edme o chu\u0165ovom profile alebo potenci\u00e1li na\u0161ich k\u00e1v. Podobne ako v\u00edno, k\u00e1va m\u00e1 tie\u017e chu\u0165ov\u00fd profil. Zatia\u013e bolo identifikovan\u00fdch viac ako 400 chut\u00ed, ktor\u00e9 m\u00f4\u017eeme v k\u00e1ve n\u00e1js\u0165.<\/p>\t\t\t\t\t<\/div>\n\t\t\t\t<\/div>\n\t\t\t\t\t\t\t<div class=\"accordion-section\">\n\t\t\t\t\t<div class=\"accordion-header\">\n\t\t\t\t\t\t<div class=\"accordion-title-wrapper\">\n\t\t\t\t\t\t\t<h6 class=\"accordion-title\">Ak\u00fd je rozdiel medzi light roast, medium roast a full city roast k\u00e1vou?<\/h6>\t\t\t\t\t\t<\/div>\n\t\t\t\t\t\t\t\t\t\t\t\t\t<div class=\"accordion-icons\">\n\t\t\t\t\t\t\t\t<span\n\t\t\t\t\t\t\t\t\tclass=\"accordion-icon opened-icon\"><i class=\"far fa-angle-down\"><\/i><\/span>\n\t\t\t\t\t\t\t\t<span\n\t\t\t\t\t\t\t\t\tclass=\"accordion-icon closed-icon\"><i class=\"far fa-angle-up\"><\/i><\/span>\n\t\t\t\t\t\t\t<\/div>\n\t\t\t\t\t\t\t\t\t\t\t<\/div>\n\t\t\t\t\t<div class=\"accordion-content\">\n\t\t\t\t\t\t<p>Jedn\u00e1 sa o stupne pra\u017eenia. <strong>Light roast<\/strong> je najsvetlej\u0161ie, tieto k\u00e1vy s\u00fa zv\u00e4\u010d\u0161a ovocn\u00e9, vhodn\u00e9 na filtrovanie.<\/p><p><strong>Full city roast<\/strong> je najtmav\u0161ie, s klasick\u00fdm \u010dokol\u00e1dov\u00fdm profilom. <strong>Medium roast<\/strong> je stredn\u00e9 pra\u017eenie, kde s\u00fa zachovan\u00e9 ovocn\u00e9 prvky v chuti, ale k\u00e1va je\u00a0 v\u00fdrazne sladk\u00e1. Tieto k\u00e1vy s\u00fa vhodn\u00e9 na espresso.<\/p>\t\t\t\t\t<\/div>\n\t\t\t\t<\/div>\n\t\t\t\t\t\t\t<div class=\"accordion-section\">\n\t\t\t\t\t<div class=\"accordion-header\">\n\t\t\t\t\t\t<div class=\"accordion-title-wrapper\">\n\t\t\t\t\t\t\t<h6 class=\"accordion-title\">Ak\u00fd je najlep\u0161\u00ed sp\u00f4sob skladovania va\u0161ej v\u00fdberovej k\u00e1vy?<\/h6>\t\t\t\t\t\t<\/div>\n\t\t\t\t\t\t\t\t\t\t\t\t\t<div class=\"accordion-icons\">\n\t\t\t\t\t\t\t\t<span\n\t\t\t\t\t\t\t\t\tclass=\"accordion-icon opened-icon\"><i class=\"far fa-angle-down\"><\/i><\/span>\n\t\t\t\t\t\t\t\t<span\n\t\t\t\t\t\t\t\t\tclass=\"accordion-icon closed-icon\"><i class=\"far fa-angle-up\"><\/i><\/span>\n\t\t\t\t\t\t\t<\/div>\n\t\t\t\t\t\t\t\t\t\t\t<\/div>\n\t\t\t\t\t<div class=\"accordion-content\">\n\t\t\t\t\t\t<p>Vo vzduchotesnom vrecku alebo n\u00e1dobe.<\/p>\t\t\t\t\t<\/div>\n\t\t\t\t<\/div>\n\t\t\t\t\t\t\t<div class=\"accordion-section\">\n\t\t\t\t\t<div class=\"accordion-header\">\n\t\t\t\t\t\t<div class=\"accordion-title-wrapper\">\n\t\t\t\t\t\t\t<h6 class=\"accordion-title\">Ak\u00fd je rozdiel medzi single origin k\u00e1vou a blended k\u00e1vou<\/h6>\t\t\t\t\t\t<\/div>\n\t\t\t\t\t\t\t\t\t\t\t\t\t<div class=\"accordion-icons\">\n\t\t\t\t\t\t\t\t<span\n\t\t\t\t\t\t\t\t\tclass=\"accordion-icon opened-icon\"><i class=\"far fa-angle-down\"><\/i><\/span>\n\t\t\t\t\t\t\t\t<span\n\t\t\t\t\t\t\t\t\tclass=\"accordion-icon closed-icon\"><i class=\"far fa-angle-up\"><\/i><\/span>\n\t\t\t\t\t\t\t<\/div>\n\t\t\t\t\t\t\t\t\t\t\t<\/div>\n\t\t\t\t\t<div class=\"accordion-content\">\n\t\t\t\t\t\t<p>Single origin poch\u00e1dza z jednej farmy. Blend je k\u00e1va, ktor\u00e1 bola\u00a0 namie\u0161an\u00e1 z viacer\u00fdch fariem \u010di dokonca kraj\u00edn p\u00f4vodu.<\/p>\t\t\t\t\t<\/div>\n\t\t\t\t<\/div>\n\t\t\t\t\t\t\t<div class=\"accordion-section\">\n\t\t\t\t\t<div class=\"accordion-header\">\n\t\t\t\t\t\t<div class=\"accordion-title-wrapper\">\n\t\t\t\t\t\t\t<h6 class=\"accordion-title\">Ak\u00fd je rozdiel medzi natur\u00e1lnym, premyt\u00fdm anaerobick\u00fdm spracovan\u00edm k\u00e1vy?<\/h6>\t\t\t\t\t\t<\/div>\n\t\t\t\t\t\t\t\t\t\t\t\t\t<div class=\"accordion-icons\">\n\t\t\t\t\t\t\t\t<span\n\t\t\t\t\t\t\t\t\tclass=\"accordion-icon opened-icon\"><i class=\"far fa-angle-down\"><\/i><\/span>\n\t\t\t\t\t\t\t\t<span\n\t\t\t\t\t\t\t\t\tclass=\"accordion-icon closed-icon\"><i class=\"far fa-angle-up\"><\/i><\/span>\n\t\t\t\t\t\t\t<\/div>\n\t\t\t\t\t\t\t\t\t\t\t<\/div>\n\t\t\t\t\t<div class=\"accordion-content\">\n\t\t\t\t\t\t<p>Pri natur\u00e1lnom sa odstra\u0148uje du\u017eina a zrno sa su\u0161\u00ed na slnku. Pri premytom spracovan\u00ed sa odstra\u0148uje du\u017eina, zrno fermentuje v otvorenom tanku, potom ho premyj\u00fa a potom sa su\u0161\u00ed. Pri anaerobickom spracovan\u00ed zrno fermentuje v uzavretom tanku bez kysl\u00edka. Spracovanie m\u00e1 vplyv na chu\u0165.<\/p>\t\t\t\t\t<\/div>\n\t\t\t\t<\/div>\n\t\t\t\t\t\t\t<div class=\"accordion-section\">\n\t\t\t\t\t<div class=\"accordion-header\">\n\t\t\t\t\t\t<div class=\"accordion-title-wrapper\">\n\t\t\t\t\t\t\t<h6 class=\"accordion-title\">S\u00fa va\u0161e obaly kompostovate\u013en\u00e9 alebo recyklovate\u013en\u00e9? <\/h6>\t\t\t\t\t\t<\/div>\n\t\t\t\t\t\t\t\t\t\t\t\t\t<div class=\"accordion-icons\">\n\t\t\t\t\t\t\t\t<span\n\t\t\t\t\t\t\t\t\tclass=\"accordion-icon opened-icon\"><i class=\"far fa-angle-down\"><\/i><\/span>\n\t\t\t\t\t\t\t\t<span\n\t\t\t\t\t\t\t\t\tclass=\"accordion-icon closed-icon\"><i class=\"far fa-angle-up\"><\/i><\/span>\n\t\t\t\t\t\t\t<\/div>\n\t\t\t\t\t\t\t\t\t\t\t<\/div>\n\t\t\t\t\t<div class=\"accordion-content\">\n\t\t\t\t\t\t<p>Na\u0161e obaly s\u00fa 100% recyklovate\u013en\u00e9 a patria do \u017elt\u00fdch n\u00e1dob na plasty.<\/p>\t\t\t\t\t<\/div>\n\t\t\t\t<\/div>\n\t\t\t\t\t<\/div>\n\t\t\t\t\t\t<\/div>\n\t\t\t\t<\/div>\n\t\t\t\t\t<\/div>\n\t\t<\/div>\n\t\t\t\t\t<\/div>\n\t\t<\/section>\n\t\t\t\t<section class=\"elementor-section elementor-top-section elementor-element elementor-element-9bafa7f elementor-section-boxed elementor-section-gap-beside-yes elementor-section-height-default elementor-section-height-default elementor-section-column-vertical-align-stretch\" data-id=\"9bafa7f\" data-element_type=\"section\" data-e-type=\"section\">\n\t\t\t\t\t\t<div class=\"elementor-container elementor-column-gap-extended\">\n\t\t\t\t\t<div class=\"elementor-column elementor-col-100 elementor-top-column elementor-element elementor-element-435da4b\" data-id=\"435da4b\" data-element_type=\"column\" data-e-type=\"column\">\n\t\t\t<div class=\"elementor-widget-wrap elementor-element-populated\">\n\t\t\t\t\t\t<div class=\"elementor-element elementor-element-f58d2bc elementor-widget elementor-widget-spacer\" data-id=\"f58d2bc\" data-element_type=\"widget\" data-e-type=\"widget\" data-widget_type=\"spacer.default\">\n\t\t\t\t<div class=\"elementor-widget-container\">\n\t\t\t\t\t\t\t<div class=\"elementor-spacer\">\n\t\t\t<div class=\"elementor-spacer-inner\"><\/div>\n\t\t<\/div>\n\t\t\t\t\t\t<\/div>\n\t\t\t\t<\/div>\n\t\t\t\t\t<\/div>\n\t\t<\/div>\n\t\t\t\t\t<\/div>\n\t\t<\/section>\n\t\t\t\t<\/div>\n\t\t","protected":false},"excerpt":{"rendered":"<p>\u010co je v\u00fdberov\u00e1 k\u00e1va Za v\u00fdberov\u00fa k\u00e1vu pova\u017eujeme tak\u00fa, ktor\u00e1 nem\u00e1 viac ako 5 defektov na 300gramov pra\u017eenej k\u00e1vy a z\u00e1rove\u0148 n\u00e1jdeme v jej chu\u0165ovom profile zauj\u00edmav\u00e9 a unik\u00e1tne chu\u0165ov\u00e9 t\u00f3ny. Za v\u00fdberov\u00fa k\u00e1vu s a pova\u017euje len 5% celosvetovej produkcie. AK\u00fd je rozdiel medzi v\u00fdberovou a komoditnou k\u00e1vou Komoditn\u00e1 k\u00e1va m\u00e1 vo v\u0161eobecnosti ni\u017e\u0161iu kvalitu, viac defektn\u00fdch z\u0155n a menej zauj\u00edmav\u00e9 chu\u0165ov\u00e9 vlastnosti. Kedy a ako \u010dasto pra\u017e\u00edte k\u00e1vu K\u00e1vu pra\u017e\u00edme v pondelok, stredu a \u0161tvrtok, ka\u017ed\u00fd t\u00fd\u017ede\u0148, \u010derstvo. Ako sa dozviem o nov\u00fdch k\u00e1vach v ponuke Najlep\u0161\u00edm sp\u00f4sobom je prihl\u00e1si\u0165 sa do n\u00e1\u0161ho newslettera (napr\u00edklad v pati\u010dke tejto str\u00e1nky) alebo sledova\u0165 na\u0161e soci\u00e1lne siete @goriffee.\u00a0 Je va\u0161a k\u00e1va organick\u00e1? Iba firmy, ktor\u00e9 maj\u00fa organic certifik\u00e1t, m\u00f4\u017eu pred\u00e1va\u0165 k\u00e1vu ako organick\u00fa, nako\u013eko je zabezpe\u010den\u00e9, \u017ee tak\u00e1to k\u00e1va je skuto\u010dne organick\u00e1 od zberu a\u017e po zabalenie. My tak\u00fdto certifik\u00e1t m\u00e1me a m\u00e1me aj niektor\u00e9 organick\u00e9 k\u00e1vy v ponuke. Naozaj va\u0161a k\u00e1va obsahuje anan\u00e1s, ban\u00e1ny, \u010dokol\u00e1du alebo orie\u0161ky? Nie. Hovor\u00edme o chu\u0165ovom profile alebo potenci\u00e1li na\u0161ich k\u00e1v. Podobne ako v\u00edno, k\u00e1va m\u00e1 tie\u017e chu\u0165ov\u00fd profil. Zatia\u013e bolo identifikovan\u00fdch viac ako 400 chut\u00ed, ktor\u00e9 m\u00f4\u017eeme v k\u00e1ve n\u00e1js\u0165. Ak\u00fd je rozdiel medzi light roast, medium roast a full city roast k\u00e1vou? Jedn\u00e1 sa o stupne pra\u017eenia. Light roast je najsvetlej\u0161ie, tieto k\u00e1vy s\u00fa zv\u00e4\u010d\u0161a ovocn\u00e9, vhodn\u00e9 na filtrovanie. Full city roast je najtmav\u0161ie, s klasick\u00fdm \u010dokol\u00e1dov\u00fdm profilom. Medium roast je stredn\u00e9 pra\u017eenie, kde s\u00fa zachovan\u00e9 ovocn\u00e9 prvky v chuti, ale k\u00e1va je\u00a0 v\u00fdrazne sladk\u00e1. Tieto k\u00e1vy s\u00fa vhodn\u00e9 na espresso. Ak\u00fd je najlep\u0161\u00ed sp\u00f4sob skladovania va\u0161ej v\u00fdberovej k\u00e1vy? Vo vzduchotesnom vrecku alebo n\u00e1dobe. Ak\u00fd je rozdiel medzi single origin k\u00e1vou a blended k\u00e1vou Single origin poch\u00e1dza z jednej farmy. Blend je k\u00e1va, ktor\u00e1 bola\u00a0 namie\u0161an\u00e1 z viacer\u00fdch fariem \u010di dokonca kraj\u00edn p\u00f4vodu. Ak\u00fd je rozdiel medzi natur\u00e1lnym, premyt\u00fdm anaerobick\u00fdm spracovan\u00edm k\u00e1vy? Pri natur\u00e1lnom sa odstra\u0148uje du\u017eina a zrno sa su\u0161\u00ed na slnku. Pri premytom spracovan\u00ed sa odstra\u0148uje du\u017eina, zrno fermentuje v otvorenom tanku, potom ho premyj\u00fa a potom sa su\u0161\u00ed. Pri anaerobickom spracovan\u00ed zrno fermentuje v uzavretom tanku bez kysl\u00edka. Spracovanie m\u00e1 vplyv na chu\u0165. S\u00fa va\u0161e obaly kompostovate\u013en\u00e9 alebo recyklovate\u013en\u00e9? Na\u0161e obaly s\u00fa 100% recyklovate\u013en\u00e9 a patria do \u017elt\u00fdch n\u00e1dob na plasty.<\/p>\n","protected":false},"author":1,"featured_media":0,"parent":0,"menu_order":0,"comment_status":"closed","ping_status":"closed","template":"","meta":{"_acf_changed":false,"footnotes":""},"class_list":["post-41987","page","type-page","status-publish","hentry","post-no-thumbnail"],"acf":[],"_links":{"self":[{"href":"https:\/\/www.goriffee.com\/en\/wp-json\/wp\/v2\/pages\/41987","targetHints":{"allow":["GET"]}}],"collection":[{"href":"https:\/\/www.goriffee.com\/en\/wp-json\/wp\/v2\/pages"}],"about":[{"href":"https:\/\/www.goriffee.com\/en\/wp-json\/wp\/v2\/types\/page"}],"author":[{"embeddable":true,"href":"https:\/\/www.goriffee.com\/en\/wp-json\/wp\/v2\/users\/1"}],"replies":[{"embeddable":true,"href":"https:\/\/www.goriffee.com\/en\/wp-json\/wp\/v2\/comments?post=41987"}],"version-history":[{"count":0,"href":"https:\/\/www.goriffee.com\/en\/wp-json\/wp\/v2\/pages\/41987\/revisions"}],"wp:attachment":[{"href":"https:\/\/www.goriffee.com\/en\/wp-json\/wp\/v2\/media?parent=41987"}],"curies":[{"name":"wp","href":"https:\/\/api.w.org\/{rel}","templated":true}]}}