{"id":63078,"date":"2021-04-08T08:54:40","date_gmt":"2021-04-08T06:54:40","guid":{"rendered":"https:\/\/www.goriffee.com\/wysylka-i-platnosc\/"},"modified":"2025-10-30T13:11:06","modified_gmt":"2025-10-30T12:11:06","slug":"wysylka-i-platnosc","status":"publish","type":"page","link":"https:\/\/www.goriffee.com\/pl\/wysylka-i-platnosc\/","title":{"rendered":"Wysy\u0142ka i p\u0142atno\u015b\u0107"},"content":{"rendered":"\t\t<div data-elementor-type=\"wp-page\" data-elementor-id=\"63078\" class=\"elementor elementor-63078 elementor-16878\" data-elementor-post-type=\"page\">\n\t\t\t\t\t\t<section class=\"elementor-section elementor-top-section elementor-element elementor-element-2790aa23 elementor-section-boxed elementor-section-gap-beside-yes elementor-section-height-default elementor-section-height-default elementor-section-column-vertical-align-stretch\" data-id=\"2790aa23\" data-element_type=\"section\" data-e-type=\"section\">\n\t\t\t\t\t\t<div class=\"elementor-container elementor-column-gap-extended\">\n\t\t\t\t\t<div class=\"elementor-column elementor-col-100 elementor-top-column elementor-element elementor-element-57c72255\" data-id=\"57c72255\" data-element_type=\"column\" data-e-type=\"column\">\n\t\t\t<div class=\"elementor-widget-wrap elementor-element-populated\">\n\t\t\t\t\t\t<div class=\"elementor-element elementor-element-3e0a2194 elementor-widget elementor-widget-text-editor\" data-id=\"3e0a2194\" data-element_type=\"widget\" data-e-type=\"widget\" data-widget_type=\"text-editor.default\">\n\t\t\t\t<div class=\"elementor-widget-container\">\n\t\t\t\t\t\t\t\t\t<p>Transport zapewnia nasza firma kurierska Packeta (punkty wydawania i kurier). Zam\u00f3wienie zostanie wys\u0142ane nie p\u00f3\u017aniej ni\u017c nast\u0119pnego dnia roboczego po jego otrzymaniu. <\/p>\n<p>Mo\u017cesz zap\u0142aci\u0107 w naszym sklepie internetowym za pomoc\u0105 bramki p\u0142atno\u015bci Stripe (p\u0142atno\u015b\u0107 kart\u0105), za po\u015brednictwem Paypal lub vouchera Benefit.<\/p>\n<table summary=\"Cennik transportu\" cellspacing=\"0\">\n<tbody>\n<tr>\n<td>Krajobraz<\/td>\n<td>Podstawowa cena transportu<\/td>\n<td>Bezp\u0142atna wysy\u0142ka powy\u017cej<\/td>\n<\/tr>\n<tr>\n<td><b>S\u0142owacja<\/b><\/td>\n<td><b>Wyj\u015bcia 2,50 \u20ac \/ Na adres 3,69 \u20ac<\/b><\/td>\n<td><b>45 \u20ac<\/b><\/td>\n<\/tr>\n<tr>\n<td><b>Republika Czeska<\/b><\/td>\n<td><b>Outlety 3,44 \u20ac \/ Na adres 4,92 \u20ac<\/b><\/td>\n<td><b>45 \u20ac<\/b><\/td>\n<\/tr>\n<tr>\n<td><b>Polska<\/b><\/td>\n<td><b>od 3,90 \u20ac<\/b><\/td>\n<td><b>45 \u20ac<\/b><\/td>\n<\/tr>\n<tr>\n<td><b>W\u0119gry<\/b><\/td>\n<td><b>5 \u20ac<\/b><\/td>\n<td><b>45 \u20ac<\/b><\/td>\n<\/tr>\n<tr>\n<td><b>Austria<\/b><\/td>\n<td><b>6 \u20ac<\/b><\/td>\n<td><b>45 \u20ac<\/b><\/td>\n<\/tr>\n<tr>\n<td>Niemcy<\/td>\n<td>7 \u20ac<\/td>\n<td>89 \u20ac<\/td>\n<\/tr>\n<tr>\n<td>Belgia<\/td>\n<td>11 \u20ac<\/td>\n<td>89 \u20ac<\/td>\n<\/tr>\n<tr>\n<td>Bu\u0142garia<\/td>\n<td>8 \u20ac<\/td>\n<td>89 \u20ac<\/td>\n<\/tr>\n<tr>\n<td>Chorwacja<\/td>\n<td>8 \u20ac<\/td>\n<td>89 \u20ac<\/td>\n<\/tr>\n<tr>\n<td>Dania<\/td>\n<td>11 \u20ac<\/td>\n<td>89 \u20ac<\/td>\n<\/tr>\n<tr>\n<td>Estonia<\/td>\n<td>12 \u20ac<\/td>\n<td>89 \u20ac<\/td>\n<\/tr>\n<tr>\n<td>Finlandia<\/td>\n<td>14 \u20ac<\/td>\n<td>89 \u20ac<\/td>\n<\/tr>\n<\/tbody>\n<\/table>\n<table summary=\"Cennik transportu\" cellspacing=\"0\">\n<tbody>\n<tr>\n<td>Krajobraz<\/td>\n<td>Podstawowa cena transportu<\/td>\n<td>Bezp\u0142atna wysy\u0142ka powy\u017cej<\/td>\n<\/tr>\n<tr>\n<td>Francja<\/td>\n<td>11 \u20ac<\/td>\n<td>89 \u20ac<\/td>\n<\/tr>\n<tr>\n<td>Holandia<\/td>\n<td>11 \u20ac<\/td>\n<td>89 \u20ac<\/td>\n<\/tr>\n<tr>\n<td>Grecja<\/td>\n<td>12 \u20ac<\/td>\n<td>89 \u20ac<\/td>\n<\/tr>\n<tr>\n<td>Irlandia<\/td>\n<td>13 \u20ac<\/td>\n<td>89 \u20ac<\/td>\n<\/tr>\n<tr>\n<td>\u0141otwa<\/td>\n<td>11 \u20ac<\/td>\n<td>89 \u20ac<\/td>\n<\/tr>\n<tr>\n<td>Luksemburg<\/td>\n<td>12 \u20ac<\/td>\n<td>89 \u20ac<\/td>\n<\/tr>\n<tr>\n<td>Portugalia<\/td>\n<td>12 \u20ac<\/td>\n<td>89 \u20ac<\/td>\n<\/tr>\n<tr>\n<td>Rumunia<\/td>\n<td>6 \u20ac<\/td>\n<td>89 \u20ac<\/td>\n<\/tr>\n<tr>\n<td>S\u0142owenia<\/td>\n<td>8 \u20ac<\/td>\n<td>89 \u20ac<\/td>\n<\/tr>\n<tr>\n<td>Hiszpania<\/td>\n<td>12 \u20ac<\/td>\n<td>89 \u20ac<\/td>\n<\/tr>\n<tr>\n<td>Szwecja<\/td>\n<td>16 \u20ac<\/td>\n<td>89 \u20ac<\/td>\n<\/tr>\n<tr>\n<td>W\u0142ochy<\/td>\n<td>13 \u20ac<\/td>\n<td>89 \u20ac<\/td>\n<\/tr>\n<tr>\n<td>Wielka Brytania<\/td>\n<td>9 \u20ac<\/td>\n<td>89 \u20ac<\/td>\n<\/tr>\n<\/tbody>\n<\/table>\t\t\t\t\t\t\t\t<\/div>\n\t\t\t\t<\/div>\n\t\t\t\t\t<\/div>\n\t\t<\/div>\n\t\t\t\t\t<\/div>\n\t\t<\/section>\n\t\t\t\t<\/div>\n\t\t","protected":false},"excerpt":{"rendered":"<p>Transport zapewnia nasza firma kurierska Packeta (punkty wydawania i kurier). Zam\u00f3wienie zostanie wys\u0142ane nie p\u00f3\u017aniej ni\u017c nast\u0119pnego dnia roboczego po jego otrzymaniu. Mo\u017cesz zap\u0142aci\u0107 w naszym sklepie internetowym za pomoc\u0105 bramki p\u0142atno\u015bci Stripe (p\u0142atno\u015b\u0107 kart\u0105), za po\u015brednictwem Paypal lub vouchera Benefit. Krajobraz Podstawowa cena transportu Bezp\u0142atna wysy\u0142ka powy\u017cej S\u0142owacja Wyj\u015bcia 2,50 \u20ac \/ Na adres 3,69 \u20ac 45 \u20ac Republika Czeska Outlety 3,44 \u20ac \/ Na adres 4,92 \u20ac 45 \u20ac Polska od 3,90 \u20ac 45 \u20ac W\u0119gry 5 \u20ac 45 \u20ac Austria 6 \u20ac 45 \u20ac Niemcy 7 \u20ac 89 \u20ac Belgia 11 \u20ac 89 \u20ac Bu\u0142garia 8 \u20ac 89 \u20ac Chorwacja 8 \u20ac 89 \u20ac Dania 11 \u20ac 89 \u20ac Estonia 12 \u20ac 89 \u20ac Finlandia 14 \u20ac 89 \u20ac Krajobraz Podstawowa cena transportu Bezp\u0142atna wysy\u0142ka powy\u017cej Francja 11 \u20ac 89 \u20ac Holandia 11 \u20ac 89 \u20ac Grecja 12 \u20ac 89 \u20ac Irlandia 13 \u20ac 89 \u20ac \u0141otwa 11 \u20ac 89 \u20ac Luksemburg 12 \u20ac 89 \u20ac Portugalia 12 \u20ac 89 \u20ac Rumunia 6 \u20ac 89 \u20ac S\u0142owenia 8 \u20ac 89 \u20ac Hiszpania 12 \u20ac 89 \u20ac Szwecja 16 \u20ac 89 \u20ac W\u0142ochy 13 \u20ac 89 \u20ac Wielka Brytania 9 \u20ac 89 \u20ac<\/p>\n","protected":false},"author":1,"featured_media":0,"parent":0,"menu_order":0,"comment_status":"closed","ping_status":"closed","template":"","meta":{"_acf_changed":false,"footnotes":""},"class_list":["post-63078","page","type-page","status-publish","hentry","post-no-thumbnail"],"acf":[],"_links":{"self":[{"href":"https:\/\/www.goriffee.com\/pl\/wp-json\/wp\/v2\/pages\/63078","targetHints":{"allow":["GET"]}}],"collection":[{"href":"https:\/\/www.goriffee.com\/pl\/wp-json\/wp\/v2\/pages"}],"about":[{"href":"https:\/\/www.goriffee.com\/pl\/wp-json\/wp\/v2\/types\/page"}],"author":[{"embeddable":true,"href":"https:\/\/www.goriffee.com\/pl\/wp-json\/wp\/v2\/users\/1"}],"replies":[{"embeddable":true,"href":"https:\/\/www.goriffee.com\/pl\/wp-json\/wp\/v2\/comments?post=63078"}],"version-history":[{"count":2,"href":"https:\/\/www.goriffee.com\/pl\/wp-json\/wp\/v2\/pages\/63078\/revisions"}],"predecessor-version":[{"id":63080,"href":"https:\/\/www.goriffee.com\/pl\/wp-json\/wp\/v2\/pages\/63078\/revisions\/63080"}],"wp:attachment":[{"href":"https:\/\/www.goriffee.com\/pl\/wp-json\/wp\/v2\/media?parent=63078"}],"curies":[{"name":"wp","href":"https:\/\/api.w.org\/{rel}","templated":true}]}}