{"id":63112,"date":"2021-06-08T11:58:09","date_gmt":"2021-06-08T09:58:09","guid":{"rendered":"https:\/\/www.goriffee.com\/sklep\/archiwum-naszych-kaw\/"},"modified":"2025-10-30T13:11:19","modified_gmt":"2025-10-30T12:11:19","slug":"archiwum-naszych-kaw","status":"publish","type":"page","link":"https:\/\/www.goriffee.com\/pl\/sklep\/archiwum-naszych-kaw\/","title":{"rendered":"Archiwum naszych kaw"},"content":{"rendered":"\t\t<div data-elementor-type=\"wp-page\" data-elementor-id=\"63112\" class=\"elementor elementor-63112 elementor-17873\" data-elementor-post-type=\"page\">\n\t\t\t\t\t\t<section class=\"elementor-section elementor-top-section elementor-element elementor-element-3632c200 elementor-section-boxed elementor-section-gap-beside-yes elementor-section-height-default elementor-section-height-default elementor-section-column-vertical-align-stretch\" data-id=\"3632c200\" data-element_type=\"section\" data-e-type=\"section\">\n\t\t\t\t\t\t<div class=\"elementor-container elementor-column-gap-extended\">\n\t\t\t\t\t<div class=\"elementor-column elementor-col-100 elementor-top-column elementor-element elementor-element-7acc9b72\" data-id=\"7acc9b72\" data-element_type=\"column\" data-e-type=\"column\">\n\t\t\t<div class=\"elementor-widget-wrap elementor-element-populated\">\n\t\t\t\t\t\t<div class=\"elementor-element elementor-element-7d0e7efb elementor-widget elementor-widget-text-editor\" data-id=\"7d0e7efb\" data-element_type=\"widget\" data-e-type=\"widget\" data-widget_type=\"text-editor.default\">\n\t\t\t\t<div class=\"elementor-widget-container\">\n\t\t\t\t\t\t\t\t\t\n<div class=\"vc_row wpb_row vc_row-fluid vc_custom_1615474935333\">\n<div class=\"wpb_column vc_column_container vc_col-sm-12\">\n<div class=\"vc_column-inner\">\n<div class=\"wpb_wrapper\">\n<div class=\"wpb_text_column wpb_content_element \">\n<div class=\"wpb_wrapper\">\n<p>Archiwum naszych ziaren, kt\u00f3re wypalili\u015bmy i przygotowali\u015bmy dla naszych klient\u00f3w w przesz\u0142o\u015bci. Staramy si\u0119 sprowadza\u0107 nowe kawy z r\u00f3\u017cnych cz\u0119\u015bci \u015bwiata. Dlatego niekt\u00f3re z kaw, kt\u00f3re sprzedawali\u015bmy, nigdy nie b\u0119d\u0105 ju\u017c dost\u0119pne.  <\/p>\n<\/div>\n<\/div>\n<\/div>\n<\/div>\n<\/div>\n<\/div>\n<div class=\"vc_row wpb_row vc_row-fluid vc_custom_1615473030844 vc_row-has-fill\" data-vc-full-width=\"true\" data-vc-full-width-init=\"true\">\n<div class=\"wpb_column vc_column_container vc_col-sm-12 vc_hidden-sm vc_hidden-xs\">\n<div class=\"vc_column-inner\">\n<div class=\"wpb_wrapper\"> <\/div>\n<\/div>\n<\/div>\n<\/div>\n\t\t\t\t\t\t\t\t<\/div>\n\t\t\t\t<\/div>\n\t\t\t\t\t<\/div>\n\t\t<\/div>\n\t\t\t\t\t<\/div>\n\t\t<\/section>\n\t\t\t\t<section class=\"elementor-section elementor-top-section elementor-element elementor-element-e1e0af7 elementor-section-boxed elementor-section-gap-beside-yes elementor-section-height-default elementor-section-height-default elementor-section-column-vertical-align-stretch\" data-id=\"e1e0af7\" data-element_type=\"section\" data-e-type=\"section\">\n\t\t\t\t\t\t<div class=\"elementor-container elementor-column-gap-extended\">\n\t\t\t\t\t<div class=\"elementor-column elementor-col-100 elementor-top-column elementor-element elementor-element-a5c8982\" data-id=\"a5c8982\" data-element_type=\"column\" data-e-type=\"column\">\n\t\t\t<div class=\"elementor-widget-wrap elementor-element-populated\">\n\t\t\t\t\t\t<div class=\"elementor-element elementor-element-1bf3244 elementor-widget elementor-widget-tm-product\" data-id=\"1bf3244\" data-element_type=\"widget\" data-e-type=\"widget\" data-widget_type=\"tm-product.default\">\n\t\t\t\t<div class=\"elementor-widget-container\">\n\t\t\t\t\t\t\t<div class=\"group-style-01 minimog-grid-wrapper minimog-product style-grid-01 caption-style-01\" data-pagination-custom-button-id=\"\">\n\t\t\t\t\t<\/div>\n\t\t\t\t\t\t<\/div>\n\t\t\t\t<\/div>\n\t\t\t\t\t<\/div>\n\t\t<\/div>\n\t\t\t\t\t<\/div>\n\t\t<\/section>\n\t\t\t\t<\/div>\n\t\t","protected":false},"excerpt":{"rendered":"<p>Archiwum naszych ziaren, kt\u00f3re wypalili\u015bmy i przygotowali\u015bmy dla naszych klient\u00f3w w przesz\u0142o\u015bci. Staramy si\u0119 sprowadza\u0107 nowe kawy z r\u00f3\u017cnych cz\u0119\u015bci \u015bwiata. Dlatego niekt\u00f3re z kaw, kt\u00f3re sprzedawali\u015bmy, nigdy nie b\u0119d\u0105 ju\u017c dost\u0119pne.<\/p>\n","protected":false},"author":1,"featured_media":0,"parent":62894,"menu_order":0,"comment_status":"closed","ping_status":"closed","template":"","meta":{"_acf_changed":false,"footnotes":""},"class_list":["post-63112","page","type-page","status-publish","hentry","post-no-thumbnail"],"acf":[],"_links":{"self":[{"href":"https:\/\/www.goriffee.com\/pl\/wp-json\/wp\/v2\/pages\/63112","targetHints":{"allow":["GET"]}}],"collection":[{"href":"https:\/\/www.goriffee.com\/pl\/wp-json\/wp\/v2\/pages"}],"about":[{"href":"https:\/\/www.goriffee.com\/pl\/wp-json\/wp\/v2\/types\/page"}],"author":[{"embeddable":true,"href":"https:\/\/www.goriffee.com\/pl\/wp-json\/wp\/v2\/users\/1"}],"replies":[{"embeddable":true,"href":"https:\/\/www.goriffee.com\/pl\/wp-json\/wp\/v2\/comments?post=63112"}],"version-history":[{"count":4,"href":"https:\/\/www.goriffee.com\/pl\/wp-json\/wp\/v2\/pages\/63112\/revisions"}],"predecessor-version":[{"id":63118,"href":"https:\/\/www.goriffee.com\/pl\/wp-json\/wp\/v2\/pages\/63112\/revisions\/63118"}],"up":[{"embeddable":true,"href":"https:\/\/www.goriffee.com\/pl\/wp-json\/wp\/v2\/pages\/62894"}],"wp:attachment":[{"href":"https:\/\/www.goriffee.com\/pl\/wp-json\/wp\/v2\/media?parent=63112"}],"curies":[{"name":"wp","href":"https:\/\/api.w.org\/{rel}","templated":true}]}}