{"id":67410,"date":"2024-10-14T14:36:46","date_gmt":"2024-10-14T12:36:46","guid":{"rendered":"https:\/\/www.goriffee.com\/sutaz-o-rocne-predplatne-kavy\/"},"modified":"2026-03-17T13:56:13","modified_gmt":"2026-03-17T12:56:13","slug":"sutaz-o-rocne-predplatne-kavy","status":"publish","type":"page","link":"https:\/\/www.goriffee.com\/pl\/sutaz-o-rocne-predplatne-kavy\/","title":{"rendered":"Wygraj darmow\u0105 kaw\u0119 przez sze\u015b\u0107 miesi\u0119cy"},"content":{"rendered":"\n<figure class=\"wp-block-image size-full\"><a href=\"https:\/\/www.goriffee.com\/wp-content\/uploads\/2024\/10\/sutaz-web-banner.jpg\"><img fetchpriority=\"high\" decoding=\"async\" width=\"1200\" height=\"675\" src=\"https:\/\/www.goriffee.com\/wp-content\/uploads\/2024\/10\/sutaz-web-banner.jpg\" alt=\"\" class=\"wp-image-48512\" srcset=\"https:\/\/www.goriffee.com\/wp-content\/uploads\/2024\/10\/sutaz-web-banner.jpg 1200w, https:\/\/www.goriffee.com\/wp-content\/uploads\/2024\/10\/sutaz-web-banner-150x84.jpg 150w, https:\/\/www.goriffee.com\/wp-content\/uploads\/2024\/10\/sutaz-web-banner-600x338.jpg 600w, https:\/\/www.goriffee.com\/wp-content\/uploads\/2024\/10\/sutaz-web-banner-768x432.jpg 768w\" sizes=\"(max-width: 1200px) 100vw, 1200px\" \/><\/a><\/figure>\n\n<p>Nie wyobra\u017casz sobie poranka bez fili\u017canki dobrej kawy? My r\u00f3wnie\u017c. A teraz dajemy Ci szans\u0119 na delektowanie si\u0119 kaw\u0105 Goriffee codziennie, przez kolejne sze\u015b\u0107 miesi\u0119cy i ca\u0142kowicie <strong>za darmo<\/strong>!  <\/p>\n\n<p>We\u017a udzia\u0142 w konkursie, aby wygra\u0107 <strong>sze\u015bciomiesi\u0119czn\u0105 subskrypcj\u0119 kawy Goriffee<\/strong> &#8211; odpowiedz na proste pytania, wype\u0142nij formularz i jeste\u015b w grze. Zwyci\u0119zca otrzyma regularn\u0105 dawk\u0119 doskona\u0142ej kawy dostarczanej pod jego drzwi <\/p>\n\n<p>Rozpie\u015b\u0107 si\u0119 aromatem i smakiem naszych ziaren. By\u0107 mo\u017ce to w\u0142a\u015bnie Ty b\u0119dziesz delektowa\u0107 si\u0119 ka\u017cdym \u0142ykiem z poczuciem wygranej. <\/p>\n\n<p>\ud83d\uddd3\ufe0f Konkurs trwa do niedzieli 16 listopada<br\/>\ud83d\udce2 Zwyci\u0119zc\u0119 og\u0142osimy <strong>w poniedzia\u0142ek 17 <\/strong>listopada na tej stronie i w naszych mediach spo\u0142eczno\u015bciowych. <\/p>\n\n<h2 class=\"wp-block-heading\">Konkurs ma swojego zwyci\u0119zc\u0119<\/h2>\n\n<p>Wzi\u0119\u0142o w nim udzia\u0142 ponad 2000 os\u00f3b! Jeste\u015bmy bardzo szcz\u0119\u015bliwi i dzi\u0119kujemy za udzia\u0142. Jednak zwyci\u0119zca mo\u017ce by\u0107 tylko jeden. Gratulujemy zwyci\u0119\u017cczyni <g id=\"gid_0\">Zuzanie B. z Liptowskiego Petra<\/g>. Skontaktowali\u015bmy si\u0119 ju\u017c ze zwyci\u0119zc\u0105.    <\/p>\n\n<p>Nie wygra\u0142e\u015b? Niewa\u017cne, sprawd\u017a swoj\u0105 skrzynk\u0119 e-mail. Masz od nas ma\u0142y upominek za udzia\u0142 w konkursie.    <\/p>\n","protected":false},"excerpt":{"rendered":"<p>Nie wyobra\u017casz sobie poranka bez fili\u017canki dobrej kawy? My r\u00f3wnie\u017c. A teraz dajemy Ci szans\u0119 na delektowanie si\u0119 kaw\u0105 Goriffee codziennie, przez kolejne sze\u015b\u0107 miesi\u0119cy i ca\u0142kowicie za darmo! We\u017a udzia\u0142 w konkursie, aby wygra\u0107 sze\u015bciomiesi\u0119czn\u0105 subskrypcj\u0119 kawy Goriffee &#8211; odpowiedz na proste pytania, wype\u0142nij formularz i jeste\u015b w grze. Zwyci\u0119zca otrzyma regularn\u0105 dawk\u0119 doskona\u0142ej kawy dostarczanej pod jego drzwi Rozpie\u015b\u0107 si\u0119 aromatem i smakiem naszych ziaren. By\u0107 mo\u017ce to w\u0142a\u015bnie Ty b\u0119dziesz delektowa\u0107 si\u0119 ka\u017cdym \u0142ykiem z poczuciem wygranej. \ud83d\uddd3\ufe0f Konkurs trwa do niedzieli 16 listopada\ud83d\udce2 Zwyci\u0119zc\u0119 og\u0142osimy w poniedzia\u0142ek 17 listopada na tej stronie i w naszych mediach spo\u0142eczno\u015bciowych. Konkurs ma swojego zwyci\u0119zc\u0119 Wzi\u0119\u0142o w nim udzia\u0142 ponad 2000 os\u00f3b! Jeste\u015bmy bardzo szcz\u0119\u015bliwi i dzi\u0119kujemy za udzia\u0142. Jednak zwyci\u0119zca mo\u017ce by\u0107 tylko jeden. Gratulujemy zwyci\u0119\u017cczyni Zuzanie B. z Liptowskiego Petra. Skontaktowali\u015bmy si\u0119 ju\u017c ze zwyci\u0119zc\u0105. Nie wygra\u0142e\u015b? Niewa\u017cne, sprawd\u017a swoj\u0105 skrzynk\u0119 e-mail. Masz od nas ma\u0142y upominek za udzia\u0142 w konkursie.<\/p>\n","protected":false},"author":8,"featured_media":67411,"parent":0,"menu_order":0,"comment_status":"closed","ping_status":"closed","template":"","meta":{"_acf_changed":false,"footnotes":""},"class_list":["post-67410","page","type-page","status-publish","has-post-thumbnail","hentry"],"acf":[],"_links":{"self":[{"href":"https:\/\/www.goriffee.com\/pl\/wp-json\/wp\/v2\/pages\/67410","targetHints":{"allow":["GET"]}}],"collection":[{"href":"https:\/\/www.goriffee.com\/pl\/wp-json\/wp\/v2\/pages"}],"about":[{"href":"https:\/\/www.goriffee.com\/pl\/wp-json\/wp\/v2\/types\/page"}],"author":[{"embeddable":true,"href":"https:\/\/www.goriffee.com\/pl\/wp-json\/wp\/v2\/users\/8"}],"replies":[{"embeddable":true,"href":"https:\/\/www.goriffee.com\/pl\/wp-json\/wp\/v2\/comments?post=67410"}],"version-history":[{"count":1,"href":"https:\/\/www.goriffee.com\/pl\/wp-json\/wp\/v2\/pages\/67410\/revisions"}],"predecessor-version":[{"id":67413,"href":"https:\/\/www.goriffee.com\/pl\/wp-json\/wp\/v2\/pages\/67410\/revisions\/67413"}],"wp:featuredmedia":[{"embeddable":true,"href":"https:\/\/www.goriffee.com\/pl\/wp-json\/wp\/v2\/media\/67411"}],"wp:attachment":[{"href":"https:\/\/www.goriffee.com\/pl\/wp-json\/wp\/v2\/media?parent=67410"}],"curies":[{"name":"wp","href":"https:\/\/api.w.org\/{rel}","templated":true}]}}