{"id":69914,"date":"2026-02-09T20:21:25","date_gmt":"2026-02-09T19:21:25","guid":{"rendered":"https:\/\/www.goriffee.com\/vypredaj-kavy\/"},"modified":"2026-02-10T10:40:12","modified_gmt":"2026-02-10T09:40:12","slug":"vypredaj-kavy","status":"publish","type":"page","link":"https:\/\/www.goriffee.com\/pl\/vypredaj-kavy\/","title":{"rendered":"Sprzeda\u017c kawy"},"content":{"rendered":"\t\t<div data-elementor-type=\"wp-page\" data-elementor-id=\"69914\" class=\"elementor elementor-69914 elementor-69906\" data-elementor-post-type=\"page\">\n\t\t\t\t\t\t<section class=\"elementor-section elementor-top-section elementor-element elementor-element-7e95212 elementor-section-boxed elementor-section-gap-beside-yes elementor-section-height-default elementor-section-height-default elementor-section-column-vertical-align-stretch\" data-id=\"7e95212\" data-element_type=\"section\" data-e-type=\"section\">\n\t\t\t\t\t\t<div class=\"elementor-container elementor-column-gap-extended\">\n\t\t\t\t\t<div class=\"elementor-column elementor-col-50 elementor-top-column elementor-element elementor-element-3d68f92\" data-id=\"3d68f92\" data-element_type=\"column\" data-e-type=\"column\">\n\t\t\t<div class=\"elementor-widget-wrap elementor-element-populated\">\n\t\t\t\t\t\t<div class=\"elementor-element elementor-element-99b067c elementor-widget elementor-widget-image\" data-id=\"99b067c\" data-element_type=\"widget\" data-e-type=\"widget\" data-widget_type=\"image.default\">\n\t\t\t\t<div class=\"elementor-widget-container\">\n\t\t\t\t\t\t\t\t\t\t\t\t\t\t\t<img fetchpriority=\"high\" decoding=\"async\" width=\"1080\" height=\"1080\" src=\"https:\/\/www.goriffee.com\/wp-content\/uploads\/2026\/02\/post_vypredaj_v3_fotka-1.png\" class=\"attachment-large size-large wp-image-69952\" alt=\"\" srcset=\"https:\/\/www.goriffee.com\/wp-content\/uploads\/2026\/02\/post_vypredaj_v3_fotka-1.png 1080w, https:\/\/www.goriffee.com\/wp-content\/uploads\/2026\/02\/post_vypredaj_v3_fotka-1-150x150.png 150w, https:\/\/www.goriffee.com\/wp-content\/uploads\/2026\/02\/post_vypredaj_v3_fotka-1-768x768.png 768w, https:\/\/www.goriffee.com\/wp-content\/uploads\/2026\/02\/post_vypredaj_v3_fotka-1-600x600.png 600w\" sizes=\"(max-width: 1080px) 100vw, 1080px\" \/>\t\t\t\t\t\t\t\t\t\t\t\t\t\t\t<\/div>\n\t\t\t\t<\/div>\n\t\t\t\t\t<\/div>\n\t\t<\/div>\n\t\t\t\t<div class=\"elementor-column elementor-col-50 elementor-top-column elementor-element elementor-element-642a724\" data-id=\"642a724\" data-element_type=\"column\" data-e-type=\"column\">\n\t\t\t<div class=\"elementor-widget-wrap elementor-element-populated\">\n\t\t\t\t\t\t<div class=\"elementor-element elementor-element-f35320b elementor-widget elementor-widget-text-editor\" data-id=\"f35320b\" data-element_type=\"widget\" data-e-type=\"widget\" data-widget_type=\"text-editor.default\">\n\t\t\t\t<div class=\"elementor-widget-container\">\n\t\t\t\t\t\t\t\t\t<p data-path-to-node=\"2\">Najlepsze wyznania mi\u0142o\u015bci rodz\u0105 si\u0119 przy wsp\u00f3lnej fili\u017cance. W tym roku postanowili\u015bmy uczci\u0107 \u015bwi\u0119to wszystkich zakochanych ofert\u0105, kt\u00f3ra zachwyci nie tylko Twoich bliskich, ale tak\u017ce Twoje kubki smakowe. Skorzystaj z doskona\u0142ej okazji, aby uzupe\u0142ni\u0107 domowe zapasy lub spr\u00f3bowa\u0107 czego\u015b zupe\u0142nie nowego. Niezale\u017cnie od tego, czy szukasz prezentu, kt\u00f3ry naprawd\u0119 rozgrzeje serce, czy chcesz uprzyjemni\u0107 sobie wsp\u00f3lne poranki, nasza <b data-path-to-node=\"4\" data-index-in-node=\"191\">oferta kaw<\/b> jest teraz bardziej przyst\u0119pna ni\u017c kiedykolwiek.   <\/p><p data-path-to-node=\"5\">Uzyskaj <b data-path-to-node=\"5\" data-index-in-node=\"9\">20% zni\u017cki<\/b> na wybrane produkty i odkryj \u015bwiat smak\u00f3w, kt\u00f3re starannie dla Ciebie wyselekcjonowali\u015bmy.<\/p><h3 data-path-to-node=\"7\">Zasady wydarzenia<\/h3><ul data-path-to-node=\"8\"><li><p data-path-to-node=\"8,0,0\">Rabat dotyczy wybranych kaw z naszej oferty.<\/p><\/li><li><p data-path-to-node=\"8,1,0\">Zdarzenie jest wa\u017cne do  <b data-path-to-node=\"8,1,0\" data-index-in-node=\"15\">Niedziela 15. 2.<\/b><\/p><\/li><li><p data-path-to-node=\"8,2,0\">Oferta jest ograniczona i wa\u017cna tylko <b data-path-to-node=\"8,2,0\" data-index-in-node=\"33\">do wyczerpania zapas\u00f3w<\/b>.<\/p><\/li><\/ul>\t\t\t\t\t\t\t\t<\/div>\n\t\t\t\t<\/div>\n\t\t\t\t\t<\/div>\n\t\t<\/div>\n\t\t\t\t\t<\/div>\n\t\t<\/section>\n\t\t\t\t<section class=\"elementor-section elementor-top-section elementor-element elementor-element-3d792b2 elementor-section-boxed elementor-section-gap-beside-yes elementor-section-height-default elementor-section-height-default elementor-section-column-vertical-align-stretch\" data-id=\"3d792b2\" data-element_type=\"section\" data-e-type=\"section\">\n\t\t\t\t\t\t<div class=\"elementor-container elementor-column-gap-extended\">\n\t\t\t\t\t<div class=\"elementor-column elementor-col-100 elementor-top-column elementor-element elementor-element-5d24d6d\" data-id=\"5d24d6d\" data-element_type=\"column\" data-e-type=\"column\">\n\t\t\t<div class=\"elementor-widget-wrap elementor-element-populated\">\n\t\t\t\t\t\t<div class=\"elementor-element elementor-element-95d7d48 elementor-widget elementor-widget-shortcode\" data-id=\"95d7d48\" data-element_type=\"widget\" data-e-type=\"widget\" data-widget_type=\"shortcode.default\">\n\t\t\t\t<div class=\"elementor-widget-container\">\n\t\t\t\t\t\t\t<div class=\"elementor-shortcode\">[awdr_sale_items_list]<\/div>\n\t\t\t\t\t\t<\/div>\n\t\t\t\t<\/div>\n\t\t\t\t\t<\/div>\n\t\t<\/div>\n\t\t\t\t\t<\/div>\n\t\t<\/section>\n\t\t\t\t<\/div>\n\t\t","protected":false},"excerpt":{"rendered":"<p>Najlepsze wyznania mi\u0142o\u015bci rodz\u0105 si\u0119 przy wsp\u00f3lnej fili\u017cance. W tym roku postanowili\u015bmy uczci\u0107 \u015bwi\u0119to wszystkich zakochanych ofert\u0105, kt\u00f3ra zachwyci nie tylko Twoich bliskich, ale tak\u017ce Twoje kubki smakowe. Skorzystaj z doskona\u0142ej okazji, aby uzupe\u0142ni\u0107 domowe zapasy lub spr\u00f3bowa\u0107 czego\u015b zupe\u0142nie nowego. Niezale\u017cnie od tego, czy szukasz prezentu, kt\u00f3ry naprawd\u0119 rozgrzeje serce, czy chcesz uprzyjemni\u0107 sobie wsp\u00f3lne poranki, nasza oferta kaw jest teraz bardziej przyst\u0119pna ni\u017c kiedykolwiek. Uzyskaj 20% zni\u017cki na wybrane produkty i odkryj \u015bwiat smak\u00f3w, kt\u00f3re starannie dla Ciebie wyselekcjonowali\u015bmy. Zasady wydarzenia Rabat dotyczy wybranych kaw z naszej oferty. Zdarzenie jest wa\u017cne do Niedziela 15. 2. Oferta jest ograniczona i wa\u017cna tylko do wyczerpania zapas\u00f3w. [awdr_sale_items_list]<\/p>\n","protected":false},"author":1,"featured_media":0,"parent":0,"menu_order":0,"comment_status":"closed","ping_status":"closed","template":"","meta":{"_acf_changed":false,"footnotes":""},"class_list":["post-69914","page","type-page","status-publish","hentry","post-no-thumbnail"],"acf":[],"_links":{"self":[{"href":"https:\/\/www.goriffee.com\/pl\/wp-json\/wp\/v2\/pages\/69914","targetHints":{"allow":["GET"]}}],"collection":[{"href":"https:\/\/www.goriffee.com\/pl\/wp-json\/wp\/v2\/pages"}],"about":[{"href":"https:\/\/www.goriffee.com\/pl\/wp-json\/wp\/v2\/types\/page"}],"author":[{"embeddable":true,"href":"https:\/\/www.goriffee.com\/pl\/wp-json\/wp\/v2\/users\/1"}],"replies":[{"embeddable":true,"href":"https:\/\/www.goriffee.com\/pl\/wp-json\/wp\/v2\/comments?post=69914"}],"version-history":[{"count":10,"href":"https:\/\/www.goriffee.com\/pl\/wp-json\/wp\/v2\/pages\/69914\/revisions"}],"predecessor-version":[{"id":70045,"href":"https:\/\/www.goriffee.com\/pl\/wp-json\/wp\/v2\/pages\/69914\/revisions\/70045"}],"wp:attachment":[{"href":"https:\/\/www.goriffee.com\/pl\/wp-json\/wp\/v2\/media?parent=69914"}],"curies":[{"name":"wp","href":"https:\/\/api.w.org\/{rel}","templated":true}]}}