{"id":63408,"date":"2019-03-19T09:52:40","date_gmt":"2019-03-19T08:52:40","guid":{"rendered":"https:\/\/www.goriffee.com\/produkt\/aeropress-alternatywny-ekspres-do-kawy\/"},"modified":"2025-12-14T17:10:12","modified_gmt":"2025-12-14T16:10:12","slug":"aeropress-2","status":"publish","type":"product","link":"https:\/\/www.goriffee.com\/pl\/shop\/akcesoria\/aeropress-2\/","title":{"rendered":"Aeropress &#8211; alternatywny ekspres do kawy"},"content":{"rendered":"<p>Materia\u0142: Tworzywo sztuczne wolne od BPA<\/p>\n","protected":false},"excerpt":{"rendered":"<p><strong>Genialny ekspres do kawy do r\u0119ki.<\/strong><\/p>\n<p>Dzi\u0119ki aeropressowi masz kontrol\u0119 nad wag\u0105 kawy, temperatur\u0105 lub pr\u0119dko\u015bci\u0105 ekstrakcji. W po\u0142\u0105czeniu z wyborem ziaren Arabiki, mo\u017cesz cieszy\u0107 si\u0119 profesjonaln\u0105 kaw\u0105 w domu i w podr\u00f3\u017cy. AeroPress potrzebuje zaledwie 30 sekund, aby wyczarowa\u0107 w fili\u017cance czarny nap\u00f3j o wyj\u0105tkowym smaku. \u0141\u0105czy w sobie zalety francuskiej prasy i drippera.   <\/p>\n<div class=\"row picto-row\">\n<div class=\"picto-container\">Lekki, sk\u0142adany.<\/div>\n<\/div>\n","protected":false},"featured_media":63421,"comment_status":"closed","ping_status":"closed","template":"","meta":{"_acf_changed":false},"product_brand":[],"product_cat":[1318],"product_tag":[1322,1320,1324,1496],"class_list":{"0":"post-63408","1":"product","2":"type-product","3":"status-publish","4":"has-post-thumbnail","6":"product_cat-akcesoria","7":"product_tag-aeropress","8":"product_tag-ekspres-do-kawy","9":"product_tag-goriffee","10":"product_tag-norepetito","12":"first","13":"instock","14":"taxable","15":"shipping-taxable","16":"purchasable","17":"product-type-simple"},"acf":[],"_links":{"self":[{"href":"https:\/\/www.goriffee.com\/pl\/wp-json\/wp\/v2\/product\/63408","targetHints":{"allow":["GET"]}}],"collection":[{"href":"https:\/\/www.goriffee.com\/pl\/wp-json\/wp\/v2\/product"}],"about":[{"href":"https:\/\/www.goriffee.com\/pl\/wp-json\/wp\/v2\/types\/product"}],"replies":[{"embeddable":true,"href":"https:\/\/www.goriffee.com\/pl\/wp-json\/wp\/v2\/comments?post=63408"}],"version-history":[{"count":1,"href":"https:\/\/www.goriffee.com\/pl\/wp-json\/wp\/v2\/product\/63408\/revisions"}],"predecessor-version":[{"id":63426,"href":"https:\/\/www.goriffee.com\/pl\/wp-json\/wp\/v2\/product\/63408\/revisions\/63426"}],"wp:featuredmedia":[{"embeddable":true,"href":"https:\/\/www.goriffee.com\/pl\/wp-json\/wp\/v2\/media\/63421"}],"wp:attachment":[{"href":"https:\/\/www.goriffee.com\/pl\/wp-json\/wp\/v2\/media?parent=63408"}],"wp:term":[{"taxonomy":"product_brand","embeddable":true,"href":"https:\/\/www.goriffee.com\/pl\/wp-json\/wp\/v2\/product_brand?post=63408"},{"taxonomy":"product_cat","embeddable":true,"href":"https:\/\/www.goriffee.com\/pl\/wp-json\/wp\/v2\/product_cat?post=63408"},{"taxonomy":"product_tag","embeddable":true,"href":"https:\/\/www.goriffee.com\/pl\/wp-json\/wp\/v2\/product_tag?post=63408"}],"curies":[{"name":"wp","href":"https:\/\/api.w.org\/{rel}","templated":true}]}}