{"id":63409,"date":"2024-03-19T09:52:17","date_gmt":"2024-03-19T08:52:17","guid":{"rendered":"https:\/\/www.goriffee.com\/produkt\/kubki-goriffee\/"},"modified":"2026-02-11T09:06:12","modified_gmt":"2026-02-11T08:06:12","slug":"salky-goriffee-2","status":"publish","type":"product","link":"https:\/\/www.goriffee.com\/pl\/shop\/akcesoria\/salky-goriffee-2\/","title":{"rendered":"Kubki Goriffee"},"content":{"rendered":"<ul>\n<li>70 ml, 165 ml i 300 ml<\/li>\n<li>Dom klubowy<\/li>\n<li>W\u0142oska porcelana<\/li>\n<\/ul>\n","protected":false},"excerpt":{"rendered":"<p data-path-to-node=\"2\">Delektuj si\u0119 kaw\u0105 z fili\u017canek, kt\u00f3re zosta\u0142y stworzone z my\u015bl\u0105 o jako\u015bci. Nasze fili\u017canki Goriffee wykonane s\u0105 z najwy\u017cszej jako\u015bci w\u0142oskiej porcelany, kt\u00f3ra gwarantuje nie tylko elegancj\u0119, ale tak\u017ce wysok\u0105 funkcjonalno\u015b\u0107. Materia\u0142 ten doskonale akumuluje ciep\u0142o, dzi\u0119ki czemu wybrana przez Ciebie Kawa speciality d\u0142u\u017cej zachowa sw\u00f3j z\u0142o\u017cony smak i idealn\u0105 temperatur\u0119.  <\/p>\n<p data-path-to-node=\"3\">S\u0105 idealnym wyborem nie tylko do domu, ale przede wszystkim do biura. Nie tylko uprzyjemni\u0105 ci dzie\u0144 pracy, ale te\u017c sprawi\u0105, \u017ce ka\u017cdy b\u0119dzie wiedzia\u0142, jaki rodzaj kawy lubisz najbardziej. Dzi\u0119ki trwa\u0142emu wykonaniu mog\u0105 one r\u00f3wnie\u017c wytrzyma\u0107 intensywne codzienne u\u017cytkowanie.  <\/p>\n<p data-path-to-node=\"4\"><b data-path-to-node=\"4\" data-index-in-node=\"0\">G\u0142\u00f3wne cechy:<\/b><\/p>\n<ul data-path-to-node=\"5\">\n<li>\n<p data-path-to-node=\"5,0,0\">Wykonane z wysokiej jako\u015bci w\u0142oskiej porcelany<\/p>\n<\/li>\n<li>\n<p data-path-to-node=\"5,1,0\">Grubo\u015bcienna konstrukcja dla lepszego utrzymywania temperatury<\/p>\n<\/li>\n<li>\n<p data-path-to-node=\"5,2,0\">Wysoka wytrzyma\u0142o\u015b\u0107 i d\u0142uga \u017cywotno\u015b\u0107<\/p>\n<\/li>\n<li>\n<p data-path-to-node=\"5,3,0\">Projekt z logo Goriffee<\/p>\n<\/li>\n<\/ul>\n","protected":false},"featured_media":63431,"comment_status":"open","ping_status":"closed","template":"","meta":{"_acf_changed":false},"product_brand":[],"product_cat":[1318,1323],"product_tag":[1326,1324,1325,1327,1496,1328],"class_list":{"0":"post-63409","1":"product","2":"type-product","3":"status-publish","4":"has-post-thumbnail","6":"product_cat-akcesoria","7":"product_cat-towar","8":"product_tag-filizanka","9":"product_tag-goriffee","10":"product_tag-kawa","11":"product_tag-kubek","12":"product_tag-norepetito","13":"product_tag-towar","14":"pa_objem-cappuccino-165-ml","15":"pa_objem-espresso-70-ml","16":"pa_objem-latte-300ml","18":"first","19":"instock","20":"taxable","21":"shipping-taxable","22":"purchasable","23":"product-type-variable"},"acf":[],"_links":{"self":[{"href":"https:\/\/www.goriffee.com\/pl\/wp-json\/wp\/v2\/product\/63409","targetHints":{"allow":["GET"]}}],"collection":[{"href":"https:\/\/www.goriffee.com\/pl\/wp-json\/wp\/v2\/product"}],"about":[{"href":"https:\/\/www.goriffee.com\/pl\/wp-json\/wp\/v2\/types\/product"}],"replies":[{"embeddable":true,"href":"https:\/\/www.goriffee.com\/pl\/wp-json\/wp\/v2\/comments?post=63409"}],"version-history":[{"count":2,"href":"https:\/\/www.goriffee.com\/pl\/wp-json\/wp\/v2\/product\/63409\/revisions"}],"predecessor-version":[{"id":70185,"href":"https:\/\/www.goriffee.com\/pl\/wp-json\/wp\/v2\/product\/63409\/revisions\/70185"}],"wp:featuredmedia":[{"embeddable":true,"href":"https:\/\/www.goriffee.com\/pl\/wp-json\/wp\/v2\/media\/63431"}],"wp:attachment":[{"href":"https:\/\/www.goriffee.com\/pl\/wp-json\/wp\/v2\/media?parent=63409"}],"wp:term":[{"taxonomy":"product_brand","embeddable":true,"href":"https:\/\/www.goriffee.com\/pl\/wp-json\/wp\/v2\/product_brand?post=63409"},{"taxonomy":"product_cat","embeddable":true,"href":"https:\/\/www.goriffee.com\/pl\/wp-json\/wp\/v2\/product_cat?post=63409"},{"taxonomy":"product_tag","embeddable":true,"href":"https:\/\/www.goriffee.com\/pl\/wp-json\/wp\/v2\/product_tag?post=63409"}],"curies":[{"name":"wp","href":"https:\/\/api.w.org\/{rel}","templated":true}]}}