{"id":63410,"date":"2020-03-25T19:36:06","date_gmt":"2020-03-25T18:36:06","guid":{"rendered":"https:\/\/www.goriffee.com\/produkt\/zestaw-do-kawy-filtrowanej-hario-v60-dripper-karafka-filtry\/"},"modified":"2025-10-30T13:16:38","modified_gmt":"2025-10-30T12:16:38","slug":"zestaw-do-kawy-filtrowanej-hario-v60-dripper-karafka-filtry","status":"publish","type":"product","link":"https:\/\/www.goriffee.com\/pl\/shop\/akcesoria\/zestaw-do-kawy-filtrowanej-hario-v60-dripper-karafka-filtry\/","title":{"rendered":"Zestaw do kawy filtrowanej Hario V60 (dripper, karafka, filtry)"},"content":{"rendered":"<p><strong>Zestaw Hario V60 Pour Over Kit zawiera<\/strong><\/p>\n<p>Plastikowy ociekacz do kawy<br \/>\nSzklany pojemnik na kaw\u0119 z pokrywk\u0105<br \/>\nBibu\u0142ki filtracyjne w rozmiarze 02 (40 szt.)<br \/>\n\u0141y\u017cka miarowa<\/p>\n","protected":false},"excerpt":{"rendered":"<p>Je\u015bli naprawd\u0119 powa\u017cnie my\u015blisz o kawie filtrowanej i lubisz ekspresy typu &#8220;wszystko w jednym&#8221;, pokochasz Hario V60 Pour over Kit japo\u0144skiej marki Hario. Zestaw zawiera wszystko, czego potrzebujesz do szybkiego, \u0142atwego, a jednocze\u015bnie profesjonalnego przygotowania kawy filtrowanej o doskona\u0142ym smaku. <\/p>\n<ul>\n<li>Plastikowy dripper do kawy<\/li>\n<li>Szklana karafka (700 ml)<\/li>\n<li>40 filtr\u00f3w papierowych<\/li>\n<li>Miarka do kawy<\/li>\n<\/ul>\n","protected":false},"featured_media":63415,"comment_status":"closed","ping_status":"closed","template":"","meta":{"_acf_changed":false},"product_brand":[],"product_cat":[1318],"product_tag":[1329],"class_list":{"0":"post-63410","1":"product","2":"type-product","3":"status-publish","4":"has-post-thumbnail","6":"product_cat-akcesoria","7":"product_tag-hario","9":"first","10":"outofstock","11":"taxable","12":"shipping-taxable","13":"purchasable","14":"product-type-simple"},"acf":[],"_links":{"self":[{"href":"https:\/\/www.goriffee.com\/pl\/wp-json\/wp\/v2\/product\/63410","targetHints":{"allow":["GET"]}}],"collection":[{"href":"https:\/\/www.goriffee.com\/pl\/wp-json\/wp\/v2\/product"}],"about":[{"href":"https:\/\/www.goriffee.com\/pl\/wp-json\/wp\/v2\/types\/product"}],"replies":[{"embeddable":true,"href":"https:\/\/www.goriffee.com\/pl\/wp-json\/wp\/v2\/comments?post=63410"}],"version-history":[{"count":1,"href":"https:\/\/www.goriffee.com\/pl\/wp-json\/wp\/v2\/product\/63410\/revisions"}],"predecessor-version":[{"id":63436,"href":"https:\/\/www.goriffee.com\/pl\/wp-json\/wp\/v2\/product\/63410\/revisions\/63436"}],"wp:featuredmedia":[{"embeddable":true,"href":"https:\/\/www.goriffee.com\/pl\/wp-json\/wp\/v2\/media\/63415"}],"wp:attachment":[{"href":"https:\/\/www.goriffee.com\/pl\/wp-json\/wp\/v2\/media?parent=63410"}],"wp:term":[{"taxonomy":"product_brand","embeddable":true,"href":"https:\/\/www.goriffee.com\/pl\/wp-json\/wp\/v2\/product_brand?post=63410"},{"taxonomy":"product_cat","embeddable":true,"href":"https:\/\/www.goriffee.com\/pl\/wp-json\/wp\/v2\/product_cat?post=63410"},{"taxonomy":"product_tag","embeddable":true,"href":"https:\/\/www.goriffee.com\/pl\/wp-json\/wp\/v2\/product_tag?post=63410"}],"curies":[{"name":"wp","href":"https:\/\/api.w.org\/{rel}","templated":true}]}}