{"id":63441,"date":"2024-03-19T09:52:33","date_gmt":"2024-03-19T08:52:33","guid":{"rendered":"https:\/\/www.goriffee.com\/produkt\/filtry-papierowe-do-aeropressu\/"},"modified":"2025-12-14T17:10:13","modified_gmt":"2025-12-14T16:10:13","slug":"aeropress-papierove-filtre","status":"publish","type":"product","link":"https:\/\/www.goriffee.com\/pl\/shop\/akcesoria\/aeropress-papierove-filtre\/","title":{"rendered":"Filtry papierowe do aeropressu"},"content":{"rendered":"<ul>\n<li>Liczba sztuk w opakowaniu: 350 sztuk<\/li>\n<\/ul>\n","protected":false},"excerpt":{"rendered":"<p>Uzupe\u0142nij zapas papierowych filtr\u00f3w do parzenia kawy filtrowanej za pomoc\u0105 Aeropressu.<\/p>\n","protected":false},"featured_media":63452,"comment_status":"open","ping_status":"closed","template":"","meta":{"_acf_changed":false},"product_brand":[],"product_cat":[1318],"product_tag":[1330,1331,1496],"class_list":{"0":"post-63441","1":"product","2":"type-product","3":"status-publish","4":"has-post-thumbnail","6":"product_cat-akcesoria","7":"product_tag-filtr","8":"product_tag-filtr-papierowy","9":"product_tag-norepetito","11":"first","12":"instock","13":"taxable","14":"shipping-taxable","15":"purchasable","16":"product-type-simple"},"acf":[],"_links":{"self":[{"href":"https:\/\/www.goriffee.com\/pl\/wp-json\/wp\/v2\/product\/63441","targetHints":{"allow":["GET"]}}],"collection":[{"href":"https:\/\/www.goriffee.com\/pl\/wp-json\/wp\/v2\/product"}],"about":[{"href":"https:\/\/www.goriffee.com\/pl\/wp-json\/wp\/v2\/types\/product"}],"replies":[{"embeddable":true,"href":"https:\/\/www.goriffee.com\/pl\/wp-json\/wp\/v2\/comments?post=63441"}],"version-history":[{"count":1,"href":"https:\/\/www.goriffee.com\/pl\/wp-json\/wp\/v2\/product\/63441\/revisions"}],"predecessor-version":[{"id":63453,"href":"https:\/\/www.goriffee.com\/pl\/wp-json\/wp\/v2\/product\/63441\/revisions\/63453"}],"wp:featuredmedia":[{"embeddable":true,"href":"https:\/\/www.goriffee.com\/pl\/wp-json\/wp\/v2\/media\/63452"}],"wp:attachment":[{"href":"https:\/\/www.goriffee.com\/pl\/wp-json\/wp\/v2\/media?parent=63441"}],"wp:term":[{"taxonomy":"product_brand","embeddable":true,"href":"https:\/\/www.goriffee.com\/pl\/wp-json\/wp\/v2\/product_brand?post=63441"},{"taxonomy":"product_cat","embeddable":true,"href":"https:\/\/www.goriffee.com\/pl\/wp-json\/wp\/v2\/product_cat?post=63441"},{"taxonomy":"product_tag","embeddable":true,"href":"https:\/\/www.goriffee.com\/pl\/wp-json\/wp\/v2\/product_tag?post=63441"}],"curies":[{"name":"wp","href":"https:\/\/api.w.org\/{rel}","templated":true}]}}