{"id":63469,"date":"2019-03-19T09:52:18","date_gmt":"2019-03-19T08:52:18","guid":{"rendered":"https:\/\/www.goriffee.com\/produkt\/butelka-do-parzenia-kawy-na-zimno-hario\/"},"modified":"2025-12-14T17:11:08","modified_gmt":"2025-12-14T16:11:08","slug":"hario-filter-in-coffee-bottle-bottle-for-cold-brew-brown-2","status":"publish","type":"product","link":"https:\/\/www.goriffee.com\/pl\/shop\/akcesoria\/hario-filter-in-coffee-bottle-bottle-for-cold-brew-brown-2\/","title":{"rendered":"Butelka do parzenia kawy na zimno Hario"},"content":{"rendered":"<p>Marka: Hario<br \/>\nKolor: br\u0105zowy \/ mokka<br \/>\nPojemno\u015b\u0107: 650 ml<\/p>\n","protected":false},"excerpt":{"rendered":"<p><strong>Butelka do kawy parzonej na zimno<\/strong><\/p>\n<p>Hario Filter-In Coffee Bottle to butelka filtruj\u0105ca, kt\u00f3ra pomo\u017ce Ci przygotowa\u0107 pyszn\u0105 kaw\u0119 parzon\u0105 na zimno, kt\u00f3ra z pewno\u015bci\u0105 ugasi Twoje pragnienie. Kawa przygotowana w ten spos\u00f3b ma bardzo delikatny smak, z nisk\u0105 goryczk\u0105 i mo\u017ce by\u0107 przechowywana przez kilka dni bez utraty smaku. Butelka ma prost\u0105 i eleganck\u0105 obudow\u0119 &#8211; pi\u0119knie uzupe\u0142ni wystr\u00f3j ka\u017cdej kuchni. Wykonana jest z japo\u0144skiego szk\u0142a i silikonu. Wyposa\u017cona jest w delikatny filtr z tworzywa sztucznego, dzi\u0119ki kt\u00f3remu zmielona kawa nie przedostaje si\u0119 do napoju, a ca\u0142o\u015b\u0107 jest \u0142atwa w utrzymaniu.    <\/p>\n","protected":false},"featured_media":63474,"comment_status":"closed","ping_status":"closed","template":"","meta":{"_acf_changed":false},"product_brand":[1349],"product_cat":[1318],"product_tag":[1496,1350],"class_list":{"0":"post-63469","1":"product","2":"type-product","3":"status-publish","4":"has-post-thumbnail","6":"product_brand-hario","7":"product_cat-akcesoria","8":"product_tag-norepetito","9":"product_tag-zimny-napar","11":"first","12":"instock","13":"taxable","14":"shipping-taxable","15":"purchasable","16":"product-type-variable"},"acf":[],"_links":{"self":[{"href":"https:\/\/www.goriffee.com\/pl\/wp-json\/wp\/v2\/product\/63469","targetHints":{"allow":["GET"]}}],"collection":[{"href":"https:\/\/www.goriffee.com\/pl\/wp-json\/wp\/v2\/product"}],"about":[{"href":"https:\/\/www.goriffee.com\/pl\/wp-json\/wp\/v2\/types\/product"}],"replies":[{"embeddable":true,"href":"https:\/\/www.goriffee.com\/pl\/wp-json\/wp\/v2\/comments?post=63469"}],"version-history":[{"count":1,"href":"https:\/\/www.goriffee.com\/pl\/wp-json\/wp\/v2\/product\/63469\/revisions"}],"predecessor-version":[{"id":63477,"href":"https:\/\/www.goriffee.com\/pl\/wp-json\/wp\/v2\/product\/63469\/revisions\/63477"}],"wp:featuredmedia":[{"embeddable":true,"href":"https:\/\/www.goriffee.com\/pl\/wp-json\/wp\/v2\/media\/63474"}],"wp:attachment":[{"href":"https:\/\/www.goriffee.com\/pl\/wp-json\/wp\/v2\/media?parent=63469"}],"wp:term":[{"taxonomy":"product_brand","embeddable":true,"href":"https:\/\/www.goriffee.com\/pl\/wp-json\/wp\/v2\/product_brand?post=63469"},{"taxonomy":"product_cat","embeddable":true,"href":"https:\/\/www.goriffee.com\/pl\/wp-json\/wp\/v2\/product_cat?post=63469"},{"taxonomy":"product_tag","embeddable":true,"href":"https:\/\/www.goriffee.com\/pl\/wp-json\/wp\/v2\/product_tag?post=63469"}],"curies":[{"name":"wp","href":"https:\/\/api.w.org\/{rel}","templated":true}]}}