{"id":63470,"date":"2019-03-19T08:52:16","date_gmt":"2019-03-19T07:52:16","guid":{"rendered":"https:\/\/www.goriffee.com\/produkt\/urnex-cafiza-2-proszek-czyszczacy-900-g\/"},"modified":"2025-12-14T17:11:06","modified_gmt":"2025-12-14T16:11:06","slug":"urnex-cafiza-2-cleaning-powder-900-g","status":"publish","type":"product","link":"https:\/\/www.goriffee.com\/pl\/shop\/akcesoria\/urnex-cafiza-2-cleaning-powder-900-g\/","title":{"rendered":"Urnex Cafiza 2 &#8211; Proszek czyszcz\u0105cy 900 g"},"content":{"rendered":"<p>Ka\u017cdy dobry barista czy domowy mi\u0142o\u015bnik kawy powinien dba\u0107 o sw\u00f3j ekspres do kawy. Tabletki Cafiza ameryka\u0144skiej marki Urnex to profesjonalny \u015brodek czyszcz\u0105cy. <\/p>\n","protected":false},"excerpt":{"rendered":"<p>Profesjonalny <strong>\u015brodek do czyszczenia ekspres\u00f3w do<\/strong> kawy ameryka\u0144skiej marki <strong>Urnex<\/strong>.<\/p>\n","protected":false},"featured_media":63476,"comment_status":"closed","ping_status":"closed","template":"","meta":{"_acf_changed":false},"product_brand":[],"product_cat":[1318],"product_tag":[1496,1351],"class_list":{"0":"post-63470","1":"product","2":"type-product","3":"status-publish","4":"has-post-thumbnail","6":"product_cat-akcesoria","7":"product_tag-norepetito","8":"product_tag-urnex","10":"first","11":"instock","12":"taxable","13":"shipping-taxable","14":"purchasable","15":"product-type-simple"},"acf":[],"_links":{"self":[{"href":"https:\/\/www.goriffee.com\/pl\/wp-json\/wp\/v2\/product\/63470","targetHints":{"allow":["GET"]}}],"collection":[{"href":"https:\/\/www.goriffee.com\/pl\/wp-json\/wp\/v2\/product"}],"about":[{"href":"https:\/\/www.goriffee.com\/pl\/wp-json\/wp\/v2\/types\/product"}],"replies":[{"embeddable":true,"href":"https:\/\/www.goriffee.com\/pl\/wp-json\/wp\/v2\/comments?post=63470"}],"version-history":[{"count":1,"href":"https:\/\/www.goriffee.com\/pl\/wp-json\/wp\/v2\/product\/63470\/revisions"}],"predecessor-version":[{"id":63480,"href":"https:\/\/www.goriffee.com\/pl\/wp-json\/wp\/v2\/product\/63470\/revisions\/63480"}],"wp:featuredmedia":[{"embeddable":true,"href":"https:\/\/www.goriffee.com\/pl\/wp-json\/wp\/v2\/media\/63476"}],"wp:attachment":[{"href":"https:\/\/www.goriffee.com\/pl\/wp-json\/wp\/v2\/media?parent=63470"}],"wp:term":[{"taxonomy":"product_brand","embeddable":true,"href":"https:\/\/www.goriffee.com\/pl\/wp-json\/wp\/v2\/product_brand?post=63470"},{"taxonomy":"product_cat","embeddable":true,"href":"https:\/\/www.goriffee.com\/pl\/wp-json\/wp\/v2\/product_cat?post=63470"},{"taxonomy":"product_tag","embeddable":true,"href":"https:\/\/www.goriffee.com\/pl\/wp-json\/wp\/v2\/product_tag?post=63470"}],"curies":[{"name":"wp","href":"https:\/\/api.w.org\/{rel}","templated":true}]}}