{"id":63514,"date":"2019-11-11T16:49:49","date_gmt":"2019-11-11T15:49:49","guid":{"rendered":"https:\/\/www.goriffee.com\/produkt\/subskrypcja-kawy-na-3-miesiace\/"},"modified":"2026-02-28T22:47:50","modified_gmt":"2026-02-28T21:47:50","slug":"subskrypcja-kawy-na-3-miesiace","status":"publish","type":"product","link":"https:\/\/www.goriffee.com\/pl\/shop\/klub-kawowy\/subskrypcja-kawy-na-3-miesiace\/","title":{"rendered":"Subskrypcja kawy na 3 miesi\u0105ce"},"content":{"rendered":"<ul>\n<li><strong>Czas trwania: 3 miesi\u0105ce<\/strong><\/li>\n<li>Idealny dla niezdecydowanych, kt\u00f3rzy chc\u0105 wypr\u00f3bowa\u0107 cz\u0142onkostwo w klubie<\/li>\n<li>Odpowiedni jako prezent dla mi\u0142o\u015bnik\u00f3w kawy<\/li>\n<li>Lepsza cena kawy ni\u017c przy zakupie indywidualnym<\/li>\n<li>Co miesi\u0105c kurier uraczy Ci\u0119 paczk\u0105 kawy<\/li>\n<li>Mo\u017cliwo\u015b\u0107 wyboru opakowania kawy 250 g lub 500 g<\/li>\n<\/ul>\n<p>&nbsp;<\/p>\n","protected":false},"excerpt":{"rendered":"<p>Dzi\u0119ki naszej 3-miesi\u0119cznej <strong>subskrypcji kawy Goriffee<\/strong> mo\u017cesz cieszy\u0107 si\u0119 r\u00f3\u017cnorodno\u015bci\u0105 i elastyczno\u015bci\u0105 kawy bez d\u0142ugoterminowych zobowi\u0105za\u0144. Co miesi\u0105c wy\u015blemy Ci starannie wyselekcjonowan\u0105 kaw\u0119 z naszej aktualnej oferty, dzi\u0119ki czemu mo\u017cesz odkrywa\u0107 nowe smaki i ulubione produkty. Szukasz oryginalnego prezentu dla mi\u0142o\u015bnika kawy? Podaruj 3 miesi\u0105ce pe\u0142ne pysznych kaw Goriffee! Dzi\u0119ki tej subskrypcji obdarowana osoba co miesi\u0105c odkryje now\u0105 kaw\u0119 z naszej palarni i do\u015bwiadczy rado\u015bci z niespodzianki. Idealny dla tych, kt\u00f3rzy lubi\u0105 eksperymentowa\u0107 i szuka\u0107 odpowiedniej kawy dla siebie lub dla tych, kt\u00f3rzy chc\u0105 uszcz\u0119\u015bliwi\u0107 swoich bliskich.     <strong><br \/>\n<\/strong><\/p>\n<ul>\n<li>Odpowiedni jako prezent dla mi\u0142o\u015bnik\u00f3w kawy<\/li>\n<li>Zawsze wysy\u0142amy \u015bwie\u017co palon\u0105 kaw\u0119 w po\u0142owie miesi\u0105ca<\/li>\n<li>Wybierz kaw\u0119 espresso lub filtrowan\u0105 i \u017c\u0105dan\u0105 ilo\u015b\u0107.<\/li>\n<\/ul>\n<h5>W przypadku zakupu na prezent<\/h5>\n<p><strong>Pierwszy pakiet<\/strong> subskrypcji zostanie dostarczony na adres podany jako <strong>adres rozliczeniowy<\/strong> w sekcji <strong>p\u0142atno\u015bci <\/strong>&#8211; dzi\u0119ki temu mo\u017cna fizycznie podarowa\u0107 sobie ten pakiet.<\/p>\n<p><strong><u>Ka\u017cdy dodatkowy pakiet subskrypcji<\/u><\/strong> b\u0119dzie teraz dostarczany na <strong>adres odbiorcy prezentu<\/strong>, kt\u00f3ry mo\u017cna wprowadzi\u0107 poni\u017cej.<\/p>\n","protected":false},"featured_media":62849,"comment_status":"open","ping_status":"closed","template":"","meta":{"_acf_changed":false},"product_brand":[1343],"product_cat":[1357],"product_tag":[1362,1324,1360,1496,1361,1359],"class_list":{"0":"post-63514","1":"product","2":"type-product","3":"status-publish","4":"has-post-thumbnail","6":"product_brand-palarnia-goriffee","7":"product_cat-klub-kawowy","8":"product_tag-3-miesiace","9":"product_tag-goriffee","10":"product_tag-klub-kawowy","11":"product_tag-norepetito","12":"product_tag-srebrne-czlonkostwo","13":"product_tag-subskrypcja-kawy","14":"product_shipping_class-kawa-w-subskrypcji","15":"pa_priprava-kavy-espresso","16":"pa_priprava-kavy-filtr","18":"first","19":"instock","20":"taxable","21":"shipping-taxable","22":"purchasable","23":"product-type-variable"},"acf":[],"_links":{"self":[{"href":"https:\/\/www.goriffee.com\/pl\/wp-json\/wp\/v2\/product\/63514","targetHints":{"allow":["GET"]}}],"collection":[{"href":"https:\/\/www.goriffee.com\/pl\/wp-json\/wp\/v2\/product"}],"about":[{"href":"https:\/\/www.goriffee.com\/pl\/wp-json\/wp\/v2\/types\/product"}],"replies":[{"embeddable":true,"href":"https:\/\/www.goriffee.com\/pl\/wp-json\/wp\/v2\/comments?post=63514"}],"version-history":[{"count":0,"href":"https:\/\/www.goriffee.com\/pl\/wp-json\/wp\/v2\/product\/63514\/revisions"}],"wp:featuredmedia":[{"embeddable":true,"href":"https:\/\/www.goriffee.com\/pl\/wp-json\/wp\/v2\/media\/62849"}],"wp:attachment":[{"href":"https:\/\/www.goriffee.com\/pl\/wp-json\/wp\/v2\/media?parent=63514"}],"wp:term":[{"taxonomy":"product_brand","embeddable":true,"href":"https:\/\/www.goriffee.com\/pl\/wp-json\/wp\/v2\/product_brand?post=63514"},{"taxonomy":"product_cat","embeddable":true,"href":"https:\/\/www.goriffee.com\/pl\/wp-json\/wp\/v2\/product_cat?post=63514"},{"taxonomy":"product_tag","embeddable":true,"href":"https:\/\/www.goriffee.com\/pl\/wp-json\/wp\/v2\/product_tag?post=63514"}],"curies":[{"name":"wp","href":"https:\/\/api.w.org\/{rel}","templated":true}]}}