{"id":63546,"date":"2020-11-16T11:18:49","date_gmt":"2020-11-16T10:18:49","guid":{"rendered":"https:\/\/www.goriffee.com\/produkt\/subskrypcja-kawy-na-12-miesiecy\/"},"modified":"2026-02-24T02:45:05","modified_gmt":"2026-02-24T01:45:05","slug":"subskrypcja-kawy-na-12-miesiecy","status":"publish","type":"product","link":"https:\/\/www.goriffee.com\/pl\/shop\/klub-kawowy\/subskrypcja-kawy-na-12-miesiecy\/","title":{"rendered":"Subskrypcja kawy na 12 miesi\u0119cy"},"content":{"rendered":"<ul>\n<li>Dla najwi\u0119kszych mi\u0142o\u015bnik\u00f3w kawy, kt\u00f3rzy chc\u0105 dba\u0107 o siebie przez ca\u0142y rok<\/li>\n<li>Lepsza cena kawy ni\u017c w przypadku zakupu indywidualnego<\/li>\n<li>Co miesi\u0105c kurier uraczy Ci\u0119 paczk\u0105 kawy<\/li>\n<li>Mo\u017cliwo\u015b\u0107 wyboru opakowania kawy 250 g lub 500 g<\/li>\n<\/ul>\n","protected":false},"excerpt":{"rendered":"<p>Nasza 12-miesi\u0119czna subskrypcja kawy jest idealna dla tych, kt\u00f3rzy chc\u0105 cieszy\u0107 si\u0119 doskona\u0142\u0105 kaw\u0105 bez k\u0142opot\u00f3w. Co miesi\u0105c dostarczamy \u015bwie\u017c\u0105 kaw\u0119 prosto do Twoich drzwi, wi\u0119c mo\u017cesz po prostu usi\u0105\u015b\u0107 i zrelaksowa\u0107 si\u0119 przy fili\u017cance pysznej kawy. <\/p>\n<p>&#8220;Chcesz podarowa\u0107 mi\u0142o\u015bnikowi kawy naprawd\u0119 wyj\u0105tkowy prezent? Podaruj mu nasz\u0105 12-miesi\u0119czn\u0105 subskrypcj\u0119 kawy i zapewnij sta\u0142y dop\u0142yw pysznej kawy przez ca\u0142y rok. To trwa\u0142y prezent, kt\u00f3ry co miesi\u0105c b\u0119dzie przypomina\u0142 obdarowanej osobie o Twojej trosce i uwadze. Kurier co miesi\u0105c dostarczy paczk\u0119 pysznej kawy z naszej palarni, zapewniaj\u0105c mu d\u0142ugotrwa\u0142\u0105 rado\u015b\u0107 i przyjemno\u015b\u0107&#8221;.<\/p>\n<ul>\n<li>\u015awie\u017co palon\u0105 kaw\u0119 wysy\u0142amy w po\u0142owie miesi\u0105ca<\/li>\n<li>Wybierz kaw\u0119 espresso lub filtrowan\u0105 i \u017c\u0105dan\u0105 ilo\u015b\u0107.<\/li>\n<\/ul>\n<h5>W przypadku zakupu na prezent<\/h5>\n<p><strong>Pierwszy pakiet<\/strong> subskrypcji zostanie dostarczony na adres podany jako <strong>adres rozliczeniowy<\/strong> w sekcji <strong>p\u0142atno\u015bci <\/strong>&#8211; dzi\u0119ki temu mo\u017cna fizycznie podarowa\u0107 sobie ten pakiet.<\/p>\n<p><strong><u>Ka\u017cdy dodatkowy pakiet subskrypcji<\/u><\/strong> b\u0119dzie teraz dostarczany na <strong>adres odbiorcy prezentu<\/strong>, kt\u00f3ry mo\u017cna wprowadzi\u0107 poni\u017cej.<\/p>\n","protected":false},"featured_media":62851,"comment_status":"open","ping_status":"closed","template":"","meta":{"_acf_changed":false},"product_brand":[1343],"product_cat":[1357],"product_tag":[1366,1496,1359],"class_list":{"0":"post-63546","1":"product","2":"type-product","3":"status-publish","4":"has-post-thumbnail","6":"product_brand-palarnia-goriffee","7":"product_cat-klub-kawowy","8":"product_tag-12-miesiecy","9":"product_tag-norepetito","10":"product_tag-subskrypcja-kawy","11":"product_shipping_class-kawa-w-subskrypcji","12":"pa_priprava-kavy-espresso","13":"pa_priprava-kavy-filtr","15":"first","16":"instock","17":"taxable","18":"shipping-taxable","19":"purchasable","20":"product-type-variable"},"acf":[],"_links":{"self":[{"href":"https:\/\/www.goriffee.com\/pl\/wp-json\/wp\/v2\/product\/63546","targetHints":{"allow":["GET"]}}],"collection":[{"href":"https:\/\/www.goriffee.com\/pl\/wp-json\/wp\/v2\/product"}],"about":[{"href":"https:\/\/www.goriffee.com\/pl\/wp-json\/wp\/v2\/types\/product"}],"replies":[{"embeddable":true,"href":"https:\/\/www.goriffee.com\/pl\/wp-json\/wp\/v2\/comments?post=63546"}],"version-history":[{"count":0,"href":"https:\/\/www.goriffee.com\/pl\/wp-json\/wp\/v2\/product\/63546\/revisions"}],"wp:featuredmedia":[{"embeddable":true,"href":"https:\/\/www.goriffee.com\/pl\/wp-json\/wp\/v2\/media\/62851"}],"wp:attachment":[{"href":"https:\/\/www.goriffee.com\/pl\/wp-json\/wp\/v2\/media?parent=63546"}],"wp:term":[{"taxonomy":"product_brand","embeddable":true,"href":"https:\/\/www.goriffee.com\/pl\/wp-json\/wp\/v2\/product_brand?post=63546"},{"taxonomy":"product_cat","embeddable":true,"href":"https:\/\/www.goriffee.com\/pl\/wp-json\/wp\/v2\/product_cat?post=63546"},{"taxonomy":"product_tag","embeddable":true,"href":"https:\/\/www.goriffee.com\/pl\/wp-json\/wp\/v2\/product_tag?post=63546"}],"curies":[{"name":"wp","href":"https:\/\/api.w.org\/{rel}","templated":true}]}}