{"id":63552,"date":"2021-02-03T12:26:04","date_gmt":"2021-02-03T11:26:04","guid":{"rendered":"https:\/\/www.goriffee.com\/produkt\/t-shirt-gorilla-autorstwa-martiny-paukovej\/"},"modified":"2025-10-30T13:17:16","modified_gmt":"2025-10-30T12:17:16","slug":"t-shirt-gorilla-autorstwa-martiny-paukovej","status":"publish","type":"product","link":"https:\/\/www.goriffee.com\/pl\/shop\/towar\/t-shirt-gorilla-autorstwa-martiny-paukovej\/","title":{"rendered":"T-shirt Gorilla autorstwa Martiny Paukovej"},"content":{"rendered":"","protected":false},"excerpt":{"rendered":"<p>Goriffee to \u015bwiatowa klasa! Nale\u017cymy do takich marek jak Google, Apple czy New Yorker. Ty te\u017c mo\u017cesz by\u0107. \u015awiatowej s\u0142awy s\u0142owacka ilustratorka Martina Paukov\u00e1 zaprojektowa\u0142a dla nas now\u0105 koszulk\u0119. Poka\u017c wszystkim, jak bardzo kochasz kaw\u0119.    <\/p>\n","protected":false},"featured_media":63553,"comment_status":"closed","ping_status":"closed","template":"","meta":{"_acf_changed":false},"product_brand":[],"product_cat":[1323],"product_tag":[],"class_list":{"0":"post-63552","1":"product","2":"type-product","3":"status-publish","4":"has-post-thumbnail","6":"product_cat-towar","8":"first","9":"outofstock","10":"taxable","11":"shipping-taxable","12":"purchasable","13":"product-type-variable"},"acf":[],"_links":{"self":[{"href":"https:\/\/www.goriffee.com\/pl\/wp-json\/wp\/v2\/product\/63552","targetHints":{"allow":["GET"]}}],"collection":[{"href":"https:\/\/www.goriffee.com\/pl\/wp-json\/wp\/v2\/product"}],"about":[{"href":"https:\/\/www.goriffee.com\/pl\/wp-json\/wp\/v2\/types\/product"}],"replies":[{"embeddable":true,"href":"https:\/\/www.goriffee.com\/pl\/wp-json\/wp\/v2\/comments?post=63552"}],"version-history":[{"count":1,"href":"https:\/\/www.goriffee.com\/pl\/wp-json\/wp\/v2\/product\/63552\/revisions"}],"predecessor-version":[{"id":63554,"href":"https:\/\/www.goriffee.com\/pl\/wp-json\/wp\/v2\/product\/63552\/revisions\/63554"}],"wp:featuredmedia":[{"embeddable":true,"href":"https:\/\/www.goriffee.com\/pl\/wp-json\/wp\/v2\/media\/63553"}],"wp:attachment":[{"href":"https:\/\/www.goriffee.com\/pl\/wp-json\/wp\/v2\/media?parent=63552"}],"wp:term":[{"taxonomy":"product_brand","embeddable":true,"href":"https:\/\/www.goriffee.com\/pl\/wp-json\/wp\/v2\/product_brand?post=63552"},{"taxonomy":"product_cat","embeddable":true,"href":"https:\/\/www.goriffee.com\/pl\/wp-json\/wp\/v2\/product_cat?post=63552"},{"taxonomy":"product_tag","embeddable":true,"href":"https:\/\/www.goriffee.com\/pl\/wp-json\/wp\/v2\/product_tag?post=63552"}],"curies":[{"name":"wp","href":"https:\/\/api.w.org\/{rel}","templated":true}]}}