{"id":63561,"date":"2021-06-23T13:08:25","date_gmt":"2021-06-23T11:08:25","guid":{"rendered":"https:\/\/www.goriffee.com\/produkt\/kurs-baristyczny-basic-zrob-to-lepiej\/"},"modified":"2025-12-14T17:08:56","modified_gmt":"2025-12-14T16:08:56","slug":"baristicky-kurz-basic-make-it-better","status":"publish","type":"product","link":"https:\/\/www.goriffee.com\/pl\/shop\/kursy\/baristicky-kurz-basic-make-it-better\/","title":{"rendered":"Kurs baristyczny BASIC &#8211; Zr\u00f3b to lepiej"},"content":{"rendered":"<p><strong>Kurs baristyczny BASIC &#8211; Zr\u00f3b to lepiej<\/strong><\/p>\n<p>maks. 2 osoby \/ 7 godzin <\/p>\n<ul>\n<li>Teoria<\/li>\n<li>preparaty alternatywne<\/li>\n<li>technologie<\/li>\n<li>woda i filtrowanie<\/li>\n<li>espresso<\/li>\n<li>latte art<\/li>\n<\/ul>\n","protected":false},"excerpt":{"rendered":"<p>Podczas podstawowego kursu baristycznego, w kt\u00f3rym bior\u0105 udzia\u0142 maksymalnie dwie osoby i kt\u00f3ry trwa oko\u0142o 7 godzin, dowiesz si\u0119 wiele o kawowcu, uprawie i przetwarzaniu owoc\u00f3w, a tak\u017ce skosztujesz cascary (herbaty z wi\u015bni kawy). Porozmawiamy o paleniu kawy, przygotujemy kilka alternatywnych preparat\u00f3w i por\u00f3wnamy smaki. Wyja\u015bni\u0119, jaki wp\u0142yw na kaw\u0119 maj\u0105 zmiany temperatury wody, grubo\u015bci mielenia, odcienia, czasu palenia itp. Dowiesz si\u0119, jak wa\u017cny jest sk\u0142ad wody podczas przygotowywania kawy.   <\/p>\n<p>Naucz\u0119 Ci\u0119, jak dopracowa\u0107 szczeg\u00f3\u0142y espresso do smaku, kiedy jest ono niedostatecznie i nadmiernie ekstrahowane, przesta\u0107 martwi\u0107 si\u0119 o m\u0142ynek, nauczy\u0107 si\u0119 rozprowadza\u0107 kaw\u0119 w d\u017awigni, jak prawid\u0142owo i ergonomicznie ubija\u0107, jak prawid\u0142owo nazywa\u0107 napoje na bazie espresso i wiele innych temat\u00f3w.<\/p>\n<p>Po\u015bwi\u0119camy kilka godzin na cz\u0119\u015b\u0107 praktyczn\u0105, mo\u017cesz wybra\u0107 rysowanie serc i rozet oko\u0142o 50 razy lub dopracowa\u0107 szczeg\u00f3\u0142y espresso.<\/p>\n<p>Wszystko zale\u017cy od Ciebie!<\/p>\n<ul>\n<li style=\"list-style-type: none;\">\n<ul>\n<li>Ostatnie p\u00f3\u0142 godziny kursu po\u015bwi\u0119cone b\u0119dzie czyszczeniu i konserwacji ekspresu do kawy i m\u0142ynka.<\/li>\n<\/ul>\n<\/li>\n<\/ul>\n<p><strong><i>Kurs obejmuje certyfikat i notatki.<\/i><\/strong><\/p>\n<p>Cena kursu jest przeznaczona dla 1 osoby<\/p>\n","protected":false},"featured_media":63562,"comment_status":"open","ping_status":"closed","template":"","meta":{"_acf_changed":false},"product_brand":[],"product_cat":[1367],"product_tag":[1368,1370,1369,1496],"class_list":{"0":"post-63561","1":"product","2":"type-product","3":"status-publish","4":"has-post-thumbnail","6":"product_cat-kursy","7":"product_tag-barista","8":"product_tag-edukacja","9":"product_tag-kurs","10":"product_tag-norepetito","12":"first","13":"instock","14":"virtual","15":"taxable","16":"purchasable","17":"product-type-simple"},"acf":[],"_links":{"self":[{"href":"https:\/\/www.goriffee.com\/pl\/wp-json\/wp\/v2\/product\/63561","targetHints":{"allow":["GET"]}}],"collection":[{"href":"https:\/\/www.goriffee.com\/pl\/wp-json\/wp\/v2\/product"}],"about":[{"href":"https:\/\/www.goriffee.com\/pl\/wp-json\/wp\/v2\/types\/product"}],"replies":[{"embeddable":true,"href":"https:\/\/www.goriffee.com\/pl\/wp-json\/wp\/v2\/comments?post=63561"}],"version-history":[{"count":1,"href":"https:\/\/www.goriffee.com\/pl\/wp-json\/wp\/v2\/product\/63561\/revisions"}],"predecessor-version":[{"id":63563,"href":"https:\/\/www.goriffee.com\/pl\/wp-json\/wp\/v2\/product\/63561\/revisions\/63563"}],"wp:featuredmedia":[{"embeddable":true,"href":"https:\/\/www.goriffee.com\/pl\/wp-json\/wp\/v2\/media\/63562"}],"wp:attachment":[{"href":"https:\/\/www.goriffee.com\/pl\/wp-json\/wp\/v2\/media?parent=63561"}],"wp:term":[{"taxonomy":"product_brand","embeddable":true,"href":"https:\/\/www.goriffee.com\/pl\/wp-json\/wp\/v2\/product_brand?post=63561"},{"taxonomy":"product_cat","embeddable":true,"href":"https:\/\/www.goriffee.com\/pl\/wp-json\/wp\/v2\/product_cat?post=63561"},{"taxonomy":"product_tag","embeddable":true,"href":"https:\/\/www.goriffee.com\/pl\/wp-json\/wp\/v2\/product_tag?post=63561"}],"curies":[{"name":"wp","href":"https:\/\/api.w.org\/{rel}","templated":true}]}}