{"id":63583,"date":"2021-06-23T14:48:00","date_gmt":"2021-06-23T12:48:00","guid":{"rendered":"https:\/\/www.goriffee.com\/produkt\/filtry-papierowe-cafec-do-v60\/"},"modified":"2026-03-11T14:32:38","modified_gmt":"2026-03-11T13:32:38","slug":"papierove-filtre-cafec","status":"publish","type":"product","link":"https:\/\/www.goriffee.com\/pl\/shop\/akcesoria\/papierove-filtre-cafec\/","title":{"rendered":"Filtry papierowe CAFEC do V60"},"content":{"rendered":"<ul>\n<li>W ka\u017cdym opakowaniu znajduje si\u0119 100 sztuk filtr\u00f3w papierowych<\/li>\n<li>Wszystkie filtry s\u0105 odpowiednie do przygotowania V60<\/li>\n<\/ul>\n","protected":false},"excerpt":{"rendered":"<p><strong>CAFEC to najwy\u017cszej jako\u015bci japo\u0144skie filtry papierowe do przygotowywania kawy<\/strong>.<\/p>\n<p>Za\u0142o\u017cyciel CAFEC, Shigeji Nakatsuka, przez wiele lat zajmowa\u0142 si\u0119 paleniem i przygotowywaniem kawy filtrowanej i wykorzysta\u0142 to do\u015bwiadczenie przy projektowaniu filtr\u00f3w. Nakatsuka po\u015bwi\u0119ci\u0142 si\u0119 studiowaniu produkcji i struktury papieru, aby osi\u0105gn\u0105\u0107 najlepszy rezultat przygotowanej kawy. Dla ka\u017cdego rodzaju palenia zaprojektowa\u0142 inny rodzaj papieru, kt\u00f3ry wp\u0142ywa na d\u0142ugo\u015b\u0107 przelewu przefiltrowanej kawy.  <\/p>\n<p>Oferujemy 2 rodzaje filtr\u00f3w papierowych<\/p>\n<ul>\n<li>ABACA &#8211; ekologiczne filtry konopne eliminuj\u0105ce posmak papieru<\/li>\n<li>Jasno palona &#8211; specjalnie opracowana, aby wzmocni\u0107 smak kawy.<\/li>\n<\/ul>\n","protected":false},"featured_media":63584,"comment_status":"open","ping_status":"closed","template":"","meta":{"_acf_changed":false},"product_brand":[1383],"product_cat":[1318],"product_tag":[1386,1385,1496,1387,1384],"class_list":{"0":"post-63583","1":"product","2":"type-product","3":"status-publish","4":"has-post-thumbnail","6":"product_brand-cafec","7":"product_cat-akcesoria","8":"product_tag-cafec","9":"product_tag-filtry-papierowe","10":"product_tag-norepetito","11":"product_tag-sutaz","12":"product_tag-v60","14":"first","15":"instock","16":"sale","17":"taxable","18":"shipping-taxable","19":"purchasable","20":"product-type-variable"},"acf":[],"_links":{"self":[{"href":"https:\/\/www.goriffee.com\/pl\/wp-json\/wp\/v2\/product\/63583","targetHints":{"allow":["GET"]}}],"collection":[{"href":"https:\/\/www.goriffee.com\/pl\/wp-json\/wp\/v2\/product"}],"about":[{"href":"https:\/\/www.goriffee.com\/pl\/wp-json\/wp\/v2\/types\/product"}],"replies":[{"embeddable":true,"href":"https:\/\/www.goriffee.com\/pl\/wp-json\/wp\/v2\/comments?post=63583"}],"version-history":[{"count":1,"href":"https:\/\/www.goriffee.com\/pl\/wp-json\/wp\/v2\/product\/63583\/revisions"}],"predecessor-version":[{"id":67423,"href":"https:\/\/www.goriffee.com\/pl\/wp-json\/wp\/v2\/product\/63583\/revisions\/67423"}],"wp:featuredmedia":[{"embeddable":true,"href":"https:\/\/www.goriffee.com\/pl\/wp-json\/wp\/v2\/media\/63584"}],"wp:attachment":[{"href":"https:\/\/www.goriffee.com\/pl\/wp-json\/wp\/v2\/media?parent=63583"}],"wp:term":[{"taxonomy":"product_brand","embeddable":true,"href":"https:\/\/www.goriffee.com\/pl\/wp-json\/wp\/v2\/product_brand?post=63583"},{"taxonomy":"product_cat","embeddable":true,"href":"https:\/\/www.goriffee.com\/pl\/wp-json\/wp\/v2\/product_cat?post=63583"},{"taxonomy":"product_tag","embeddable":true,"href":"https:\/\/www.goriffee.com\/pl\/wp-json\/wp\/v2\/product_tag?post=63583"}],"curies":[{"name":"wp","href":"https:\/\/api.w.org\/{rel}","templated":true}]}}