{"id":63612,"date":"2021-07-12T16:40:51","date_gmt":"2021-07-12T14:40:51","guid":{"rendered":"https:\/\/www.goriffee.com\/produkt\/notatnik-little-goriffee\/"},"modified":"2025-10-30T13:17:31","modified_gmt":"2025-10-30T12:17:31","slug":"notatnik-little-goriffee","status":"publish","type":"product","link":"https:\/\/www.goriffee.com\/pl\/shop\/towar\/notatnik-little-goriffee\/","title":{"rendered":"Notatnik Little Goriffee"},"content":{"rendered":"<p>Rozmiar: A6<br \/>\nRozmiar: 105&#215;148 cm<br \/>\nLineatura: Niezadrukowana, g\u0142adka<br \/>\nRodzaj oprawy: Twarda oprawa<br \/>\nMateria\u0142: Papier, karton &#8211; z recyklingu<\/p>\n","protected":false},"excerpt":{"rendered":"<p>Nadaj swoim notatkom znaczenie i zapisz je w prawdziwym notatniku Goriffee. Od notatek z cuppingu po list\u0119 kaw, kt\u00f3re trzeba kupi\u0107. <\/p>\n","protected":false},"featured_media":63613,"comment_status":"closed","ping_status":"closed","template":"","meta":{"_acf_changed":false},"product_brand":[],"product_cat":[1323],"product_tag":[],"class_list":{"0":"post-63612","1":"product","2":"type-product","3":"status-publish","4":"has-post-thumbnail","6":"product_cat-towar","8":"first","9":"outofstock","10":"taxable","11":"shipping-taxable","12":"purchasable","13":"product-type-simple"},"acf":[],"_links":{"self":[{"href":"https:\/\/www.goriffee.com\/pl\/wp-json\/wp\/v2\/product\/63612","targetHints":{"allow":["GET"]}}],"collection":[{"href":"https:\/\/www.goriffee.com\/pl\/wp-json\/wp\/v2\/product"}],"about":[{"href":"https:\/\/www.goriffee.com\/pl\/wp-json\/wp\/v2\/types\/product"}],"replies":[{"embeddable":true,"href":"https:\/\/www.goriffee.com\/pl\/wp-json\/wp\/v2\/comments?post=63612"}],"version-history":[{"count":1,"href":"https:\/\/www.goriffee.com\/pl\/wp-json\/wp\/v2\/product\/63612\/revisions"}],"predecessor-version":[{"id":63614,"href":"https:\/\/www.goriffee.com\/pl\/wp-json\/wp\/v2\/product\/63612\/revisions\/63614"}],"wp:featuredmedia":[{"embeddable":true,"href":"https:\/\/www.goriffee.com\/pl\/wp-json\/wp\/v2\/media\/63613"}],"wp:attachment":[{"href":"https:\/\/www.goriffee.com\/pl\/wp-json\/wp\/v2\/media?parent=63612"}],"wp:term":[{"taxonomy":"product_brand","embeddable":true,"href":"https:\/\/www.goriffee.com\/pl\/wp-json\/wp\/v2\/product_brand?post=63612"},{"taxonomy":"product_cat","embeddable":true,"href":"https:\/\/www.goriffee.com\/pl\/wp-json\/wp\/v2\/product_cat?post=63612"},{"taxonomy":"product_tag","embeddable":true,"href":"https:\/\/www.goriffee.com\/pl\/wp-json\/wp\/v2\/product_tag?post=63612"}],"curies":[{"name":"wp","href":"https:\/\/api.w.org\/{rel}","templated":true}]}}