{"id":63618,"date":"2022-07-06T09:06:19","date_gmt":"2022-07-06T07:06:19","guid":{"rendered":"https:\/\/www.goriffee.com\/produkt\/karafka-do-kawy-cafec\/"},"modified":"2025-12-14T17:09:27","modified_gmt":"2025-12-14T16:09:27","slug":"dekanter-na-kavu-cafec","status":"publish","type":"product","link":"https:\/\/www.goriffee.com\/pl\/shop\/akcesoria\/dekanter-na-kavu-cafec\/","title":{"rendered":"Karafka do kawy CAFEC"},"content":{"rendered":"<p>Materia\u0142: Tritan<br \/>\nPojemno\u015b\u0107: 400 ml i 750 ml<\/p>\n","protected":false},"excerpt":{"rendered":"<p>Karafka do kawy CAFEC jest wykonana z bardzo wytrzyma\u0142ego materia\u0142u Tritan. Ten materia\u0142 nowej generacji zachowuje przejrzysty wygl\u0105d, wytrzyma\u0142o\u015b\u0107, odporno\u015b\u0107 mechaniczn\u0105, stabilno\u015b\u0107 chemiczn\u0105 i odporno\u015b\u0107 na ciep\u0142o. <\/p>\n<p>Karafka posiada skal\u0119 z oznaczeniami fili\u017canek, a tak\u017ce skal\u0119 mililitrow\u0105.<\/p>\n","protected":false},"featured_media":63619,"comment_status":"closed","ping_status":"closed","template":"","meta":{"_acf_changed":false},"product_brand":[],"product_cat":[1318],"product_tag":[1496],"class_list":{"0":"post-63618","1":"product","2":"type-product","3":"status-publish","4":"has-post-thumbnail","6":"product_cat-akcesoria","7":"product_tag-norepetito","8":"pa_objem-400-ml","9":"pa_objem-750-ml","11":"first","12":"outofstock","13":"taxable","14":"shipping-taxable","15":"product-type-variable"},"acf":[],"_links":{"self":[{"href":"https:\/\/www.goriffee.com\/pl\/wp-json\/wp\/v2\/product\/63618","targetHints":{"allow":["GET"]}}],"collection":[{"href":"https:\/\/www.goriffee.com\/pl\/wp-json\/wp\/v2\/product"}],"about":[{"href":"https:\/\/www.goriffee.com\/pl\/wp-json\/wp\/v2\/types\/product"}],"replies":[{"embeddable":true,"href":"https:\/\/www.goriffee.com\/pl\/wp-json\/wp\/v2\/comments?post=63618"}],"version-history":[{"count":1,"href":"https:\/\/www.goriffee.com\/pl\/wp-json\/wp\/v2\/product\/63618\/revisions"}],"predecessor-version":[{"id":63624,"href":"https:\/\/www.goriffee.com\/pl\/wp-json\/wp\/v2\/product\/63618\/revisions\/63624"}],"wp:featuredmedia":[{"embeddable":true,"href":"https:\/\/www.goriffee.com\/pl\/wp-json\/wp\/v2\/media\/63619"}],"wp:attachment":[{"href":"https:\/\/www.goriffee.com\/pl\/wp-json\/wp\/v2\/media?parent=63618"}],"wp:term":[{"taxonomy":"product_brand","embeddable":true,"href":"https:\/\/www.goriffee.com\/pl\/wp-json\/wp\/v2\/product_brand?post=63618"},{"taxonomy":"product_cat","embeddable":true,"href":"https:\/\/www.goriffee.com\/pl\/wp-json\/wp\/v2\/product_cat?post=63618"},{"taxonomy":"product_tag","embeddable":true,"href":"https:\/\/www.goriffee.com\/pl\/wp-json\/wp\/v2\/product_tag?post=63618"}],"curies":[{"name":"wp","href":"https:\/\/api.w.org\/{rel}","templated":true}]}}