{"id":63668,"date":"2023-11-13T16:26:13","date_gmt":"2023-11-13T15:26:13","guid":{"rendered":"https:\/\/www.goriffee.com\/produkt\/salwador-andres-salaverria-beztlenowce\/"},"modified":"2025-11-20T13:39:23","modified_gmt":"2025-11-20T12:39:23","slug":"salwador-andres-salaverria-beztlenowce","status":"publish","type":"product","link":"https:\/\/www.goriffee.com\/pl\/shop\/kawa\/wybrana-kawa-na-filtrze\/salwador-andres-salaverria-beztlenowce\/","title":{"rendered":"Salwador Andres Salaverria Beztlenowce"},"content":{"rendered":"<p><img decoding=\"async\" class=\"alignnone size-full wp-image-14996\" src=\"https:\/\/www.goriffee.com\/wp-content\/uploads\/2024\/01\/001-worldwide.png\" alt=\"\" width=\"24\" height=\"24\"> <strong>Kraj pochodzenia<\/strong>: Salwador<\/p>\n<p><img decoding=\"async\" class=\"alignnone size-full wp-image-15000\" src=\"https:\/\/www.goriffee.com\/wp-content\/uploads\/2024\/01\/003-location.png\" alt=\"\" width=\"24\" height=\"24\"> <strong>Region<\/strong>:Apaneca-Ilamatepec, Ataco<\/p>\n<p><img decoding=\"async\" class=\"alignnone size-full wp-image-15006\" src=\"https:\/\/www.goriffee.com\/wp-content\/uploads\/2024\/01\/006-farmer.png\" alt=\"\" width=\"24\" height=\"24\"> <strong>Rolnik: <\/strong>Andr\u00e9s Salaverr\u00eda<\/p>\n<p><img loading=\"lazy\" decoding=\"async\" class=\"alignnone size-full wp-image-14998\" src=\"https:\/\/www.goriffee.com\/wp-content\/uploads\/2024\/01\/002-mountains.png\" alt=\"\" width=\"24\" height=\"24\"> <strong>Wysoko\u015b\u0107<\/strong>: 1 200 m n.p.m.<\/p>\n<p><img loading=\"lazy\" decoding=\"async\" class=\"alignnone wp-image-15004\" src=\"https:\/\/www.goriffee.com\/wp-content\/uploads\/2024\/01\/005-green-tea.png\" alt=\"\" width=\"24\" height=\"24\"> <strong>Odmiana<\/strong>: 100% catuai arabica<\/p>\n<p><img loading=\"lazy\" decoding=\"async\" class=\"wp-image-17367 size-full alignnone\" src=\"https:\/\/www.goriffee.com\/wp-content\/uploads\/2024\/01\/coffee-beans.png\" alt=\"\" width=\"24\" height=\"24\"> <strong>Sk\u0142adniki<\/strong>: 100% ziaren kawy<\/p>\n<p><img loading=\"lazy\" decoding=\"async\" class=\"alignnone size-full wp-image-15002\" src=\"https:\/\/www.goriffee.com\/wp-content\/uploads\/2024\/01\/004-process.png\" alt=\"\" width=\"24\" height=\"24\"> <strong>Proces<\/strong>: [tooltip text=&#8221;Kawa jest zamkni\u0119ta w hermetycznym zbiorniku podczas przetwarzania i fermentuje naturalnie w tych warunkach.&#8221;]fermentacja beztlenowa[\/tooltip]<\/p>\n<p><img loading=\"lazy\" decoding=\"async\" class=\"alignnone size-full wp-image-14994\" src=\"https:\/\/www.goriffee.com\/wp-content\/uploads\/2024\/01\/007-warehouse.png\" alt=\"\" width=\"24\" height=\"24\"> <strong>Zakup<\/strong>: [tooltip text=&#8221;Zakupy w supermarkecie.&#8221;]magazyn[\/tooltip]<\/p>\n<p><img loading=\"lazy\" decoding=\"async\" class=\"alignnone size-full wp-image-15135\" src=\"https:\/\/www.goriffee.com\/wp-content\/uploads\/2024\/01\/almonds.png\" alt=\"\" width=\"24\" height=\"24\"> <strong>Smak<\/strong>: r\u00f3\u017cowy, granat, limonka<\/p>\n","protected":false},"excerpt":{"rendered":"<div class=\"moz-text-html\" lang=\"x-unicode\">\n<p>Andr\u00e9s Salaverr\u00eda nale\u017cy do <strong>m\u0142odego pokolenia rolnik\u00f3w<\/strong>. Od dzieci\u0144stwa by\u0142 entuzjastycznie nastawiony do pomys\u0142u, aby pewnego dnia uprawia\u0107 kaw\u0119 na \u017cycie. Jego rodzina dzia\u0142a w bran\u017cy kawowej od ponad wieku i posiada gospodarstwa w kilku regionach Salwadoru. On sam pracuje w rodzinnym biznesie od 11 lat i posiada tytu\u0142 magistra ekonomii kawy. Po powrocie do Salwadoru w 2011 r. skupi\u0142 si\u0119 na biznesowych, przemys\u0142owych i administracyjnych aspektach farm kawy.    <\/p>\n<p>Kawa na farmie San Francisco jest uprawiana w cieniu i selektywnie zbierana r\u0119cznie, przy czym zbierane s\u0105 tylko w pe\u0142ni dojrza\u0142e wi\u015bnie. Dzia\u0142ania spo\u0142eczne i \u015brodowiskowe odgrywaj\u0105 wa\u017cn\u0105 rol\u0119 w codziennej dzia\u0142alno\u015bci farmy i firmy rodzinnej. Zawsze staraj\u0105 si\u0119 zapewni\u0107 okolicznym spo\u0142eczno\u015bciom us\u0142ugi zdrowotne i infrastruktur\u0119 do dzia\u0142a\u0144 edukacyjnych.  <\/p>\n<\/div>\n<div class=\"moz-text-html\" lang=\"x-unicode\"><\/div>\n<div class=\"moz-text-html\" lang=\"x-unicode\">Ta partia ma bardzo wysok\u0105 kwasowo\u015b\u0107 i <strong>polecamy j\u0105 do filtra<\/strong>, dla mi\u0142o\u015bnik\u00f3w <strong>naprawd\u0119 owocowych kaw<\/strong>.<\/div>\n","protected":false},"featured_media":63678,"comment_status":"open","ping_status":"closed","template":"","meta":{"_acf_changed":false},"product_brand":[1343],"product_cat":[1344,1378],"product_tag":[1404,1381,1380],"class_list":{"0":"post-63668","1":"product","2":"type-product","3":"status-publish","4":"has-post-thumbnail","6":"product_brand-palarnia-goriffee","7":"product_cat-kawa","8":"product_cat-wybrana-kawa-na-filtrze","9":"product_tag-100-arabika-2","10":"product_tag-kawa-na-filtrze","11":"product_tag-ziarna-kawy","12":"pa_chutovy-profil-cytrusy","13":"pa_chutovy-profil-owoce","14":"pa_chutovy-profil-sfermentowane","15":"pa_podla-pripravy-kavy-aeropress","16":"pa_podla-pripravy-kavy-chemex","17":"pa_podla-pripravy-kavy-cold-brew","18":"pa_podla-pripravy-kavy-hario-v60","19":"pa_podla-pripravy-kavy-prasa-francuska","20":"pa_priprava-kavy-filtr","22":"first","23":"outofstock","24":"taxable","25":"shipping-taxable","26":"product-type-variable"},"acf":[],"_links":{"self":[{"href":"https:\/\/www.goriffee.com\/pl\/wp-json\/wp\/v2\/product\/63668","targetHints":{"allow":["GET"]}}],"collection":[{"href":"https:\/\/www.goriffee.com\/pl\/wp-json\/wp\/v2\/product"}],"about":[{"href":"https:\/\/www.goriffee.com\/pl\/wp-json\/wp\/v2\/types\/product"}],"replies":[{"embeddable":true,"href":"https:\/\/www.goriffee.com\/pl\/wp-json\/wp\/v2\/comments?post=63668"}],"version-history":[{"count":1,"href":"https:\/\/www.goriffee.com\/pl\/wp-json\/wp\/v2\/product\/63668\/revisions"}],"predecessor-version":[{"id":63747,"href":"https:\/\/www.goriffee.com\/pl\/wp-json\/wp\/v2\/product\/63668\/revisions\/63747"}],"wp:featuredmedia":[{"embeddable":true,"href":"https:\/\/www.goriffee.com\/pl\/wp-json\/wp\/v2\/media\/63678"}],"wp:attachment":[{"href":"https:\/\/www.goriffee.com\/pl\/wp-json\/wp\/v2\/media?parent=63668"}],"wp:term":[{"taxonomy":"product_brand","embeddable":true,"href":"https:\/\/www.goriffee.com\/pl\/wp-json\/wp\/v2\/product_brand?post=63668"},{"taxonomy":"product_cat","embeddable":true,"href":"https:\/\/www.goriffee.com\/pl\/wp-json\/wp\/v2\/product_cat?post=63668"},{"taxonomy":"product_tag","embeddable":true,"href":"https:\/\/www.goriffee.com\/pl\/wp-json\/wp\/v2\/product_tag?post=63668"}],"curies":[{"name":"wp","href":"https:\/\/api.w.org\/{rel}","templated":true}]}}