{"id":63771,"date":"2023-11-28T14:01:15","date_gmt":"2023-11-28T13:01:15","guid":{"rendered":"https:\/\/www.goriffee.com\/produkt\/honduras-comsa-natural\/"},"modified":"2025-11-20T13:39:30","modified_gmt":"2025-11-20T12:39:30","slug":"honduras-comsa-natural","status":"publish","type":"product","link":"https:\/\/www.goriffee.com\/pl\/shop\/kawa\/wybrana-kawa-do-espresso\/honduras-comsa-natural\/","title":{"rendered":"Honduras Comsa Natural"},"content":{"rendered":"<p><img decoding=\"async\" class=\"alignnone size-full wp-image-14996\" src=\"https:\/\/www.goriffee.com\/wp-content\/uploads\/2024\/01\/001-worldwide.png\" alt=\"\" width=\"24\" height=\"24\"> <strong>Kraj pochodzenia<\/strong>: Honduras<\/p>\n<p><img decoding=\"async\" class=\"alignnone size-full wp-image-15000\" src=\"https:\/\/www.goriffee.com\/wp-content\/uploads\/2024\/01\/003-location.png\" alt=\"\" width=\"24\" height=\"24\"> <strong>Region.<\/strong><\/p>\n<p><img decoding=\"async\" class=\"alignnone size-full wp-image-15006\" src=\"https:\/\/www.goriffee.com\/wp-content\/uploads\/2024\/01\/006-farmer.png\" alt=\"\" width=\"24\" height=\"24\"> <strong>Farma<\/strong>: Cafe Organico Marcala<\/p>\n<p><img loading=\"lazy\" decoding=\"async\" class=\"alignnone size-full wp-image-14998\" src=\"https:\/\/www.goriffee.com\/wp-content\/uploads\/2024\/01\/002-mountains.png\" alt=\"\" width=\"24\" height=\"24\"> <strong>Wysoko\u015b\u0107<\/strong>: 1 800 m n.p.m.<\/p>\n<p><img loading=\"lazy\" decoding=\"async\" class=\"wp-image-17367 size-full alignnone\" src=\"https:\/\/www.goriffee.com\/wp-content\/uploads\/2024\/01\/coffee-beans.png\" alt=\"\" width=\"24\" height=\"24\"> <strong>Sk\u0142adniki<\/strong>: 100% ziaren kawy<\/p>\n<p><img loading=\"lazy\" decoding=\"async\" class=\"alignnone wp-image-15004\" src=\"https:\/\/www.goriffee.com\/wp-content\/uploads\/2024\/01\/005-green-tea.png\" alt=\"\" width=\"24\" height=\"24\"> <strong>Odmiana kawy<\/strong>: 100% caturra arabica<\/p>\n<p><img loading=\"lazy\" decoding=\"async\" class=\"alignnone size-full wp-image-15002\" src=\"https:\/\/www.goriffee.com\/wp-content\/uploads\/2024\/01\/004-process.png\" alt=\"\" width=\"24\" height=\"24\"> <strong>Proces<\/strong>: [tooltip text=&#8221;Wi\u015bnia jest suszona w ca\u0142o\u015bci i dopiero po wysuszeniu pestka jest r\u0119cznie usuwana.&#8221;]naturalny &#8211; obr\u00f3bka na sucho[\/tooltip]<\/p>\n<p><img loading=\"lazy\" decoding=\"async\" class=\"alignnone size-full wp-image-14994\" src=\"https:\/\/www.goriffee.com\/wp-content\/uploads\/2024\/01\/007-warehouse.png\" alt=\"\" width=\"24\" height=\"24\"> <strong>Zakup<\/strong>: [tooltip text=&#8221;Zakupy w supermarkecie&#8221;]Magazyn[\/tooltip]<\/p>\n<p><img loading=\"lazy\" decoding=\"async\" class=\"alignnone size-full wp-image-15135\" src=\"https:\/\/www.goriffee.com\/wp-content\/uploads\/2024\/01\/almonds.png\" alt=\"\" width=\"24\" height=\"24\"> <strong>Smak<\/strong>: owoce tropikalne, truskawka, rum<\/p>\n","protected":false},"excerpt":{"rendered":"<p>Cafe Organico Marcala, czyli COMSA, zosta\u0142a za\u0142o\u017cona w 2000 roku przez 62 rolnik\u00f3w, kt\u00f3rzy chcieli zreformowa\u0107 spos\u00f3b uprawy kawy. Wielu cz\u0142onk\u00f3w nale\u017cy do rdzennego plemienia Lenca, kt\u00f3re wprowadzi\u0142o tradycyjne zr\u00f3wnowa\u017cone praktyki rolnictwa ekologicznego. W 2001 r. uzyskali certyfikat ekologiczny, a w 2006 r. status sprawiedliwego handlu i obecnie zrzeszaj\u0105 ponad 300 cz\u0142onk\u00f3w, zapewniaj\u0105c zatrudnienie wielu lokalnym rolnikom i pracownikom.  <\/p>\n<p>Obecnie plantatorzy COMSA s\u0105 uznawani za innowator\u00f3w w zakresie technik organicznych &#8211; od sekwestracji dwutlenku w\u0119gla, przez metody suszenia zebranej kawy, po recykling \u015bciek\u00f3w.<\/p>\n<p>Kawa ziarnista Honduras Comsa Natural jest idealna do espresso.<\/p>\n","protected":false},"featured_media":63772,"comment_status":"open","ping_status":"closed","template":"","meta":{"_acf_changed":false},"product_brand":[1343],"product_cat":[1344,1345],"product_tag":[1346,1353],"class_list":{"0":"post-63771","1":"product","2":"type-product","3":"status-publish","4":"has-post-thumbnail","6":"product_brand-palarnia-goriffee","7":"product_cat-kawa","8":"product_cat-wybrana-kawa-do-espresso","9":"product_tag-espresso","10":"product_tag-sredni-stopien-palenia","11":"pa_chutovy-profil-owoce","12":"pa_chutovy-profil-slodki","13":"pa_chutovy-profil-ziola","14":"pa_podla-pripravy-kavy-automatyczny-ekspres-do-kawy","15":"pa_podla-pripravy-kavy-dzwigniowy-ekspres-do-kawy-espresso","16":"pa_podla-pripravy-kavy-ekspres-do-kawy-mokka-koto","17":"pa_priprava-kavy-espresso","19":"first","20":"outofstock","21":"taxable","22":"shipping-taxable","23":"product-type-variable"},"acf":[],"_links":{"self":[{"href":"https:\/\/www.goriffee.com\/pl\/wp-json\/wp\/v2\/product\/63771","targetHints":{"allow":["GET"]}}],"collection":[{"href":"https:\/\/www.goriffee.com\/pl\/wp-json\/wp\/v2\/product"}],"about":[{"href":"https:\/\/www.goriffee.com\/pl\/wp-json\/wp\/v2\/types\/product"}],"replies":[{"embeddable":true,"href":"https:\/\/www.goriffee.com\/pl\/wp-json\/wp\/v2\/comments?post=63771"}],"version-history":[{"count":1,"href":"https:\/\/www.goriffee.com\/pl\/wp-json\/wp\/v2\/product\/63771\/revisions"}],"predecessor-version":[{"id":63777,"href":"https:\/\/www.goriffee.com\/pl\/wp-json\/wp\/v2\/product\/63771\/revisions\/63777"}],"wp:featuredmedia":[{"embeddable":true,"href":"https:\/\/www.goriffee.com\/pl\/wp-json\/wp\/v2\/media\/63772"}],"wp:attachment":[{"href":"https:\/\/www.goriffee.com\/pl\/wp-json\/wp\/v2\/media?parent=63771"}],"wp:term":[{"taxonomy":"product_brand","embeddable":true,"href":"https:\/\/www.goriffee.com\/pl\/wp-json\/wp\/v2\/product_brand?post=63771"},{"taxonomy":"product_cat","embeddable":true,"href":"https:\/\/www.goriffee.com\/pl\/wp-json\/wp\/v2\/product_cat?post=63771"},{"taxonomy":"product_tag","embeddable":true,"href":"https:\/\/www.goriffee.com\/pl\/wp-json\/wp\/v2\/product_tag?post=63771"}],"curies":[{"name":"wp","href":"https:\/\/api.w.org\/{rel}","templated":true}]}}