{"id":63799,"date":"2024-01-18T14:25:25","date_gmt":"2024-01-18T13:25:25","guid":{"rendered":"https:\/\/www.goriffee.com\/produkt\/zestaw-rwanda-gasharu-3x-rozne\/"},"modified":"2025-11-20T13:39:25","modified_gmt":"2025-11-20T12:39:25","slug":"zestaw-rwanda-gasharu-3x-rozne","status":"publish","type":"product","link":"https:\/\/www.goriffee.com\/pl\/shop\/kawa\/wybrana-kawa-na-filtrze\/zestaw-rwanda-gasharu-3x-rozne\/","title":{"rendered":"Zestaw: Rwanda Gasharu &#8211; 3x r\u00f3\u017cne"},"content":{"rendered":"<p>Gasharu to rodzinna farma i stacja przetw\u00f3rcza, kt\u00f3ra od ponad 40 lat uprawia i przetwarza najlepsz\u0105 kaw\u0119 w Rwandzie, wspieraj\u0105c lokalne spo\u0142eczno\u015bci rolnicze. Znaczna cz\u0119\u015b\u0107 zebranych funduszy jest inwestowana w spo\u0142eczno\u015b\u0107, na przyk\u0142ad zakup byd\u0142a i programy rozwoju spo\u0142ecznego. Stacja przetw\u00f3rcza Gasharu i m\u0142yn wodny znajduj\u0105 si\u0119 nad brzegiem jeziora Kivu, w niewielkiej odleg\u0142o\u015bci od Parku Narodowego Nyungwe, jednego z najwi\u0119kszych i najlepiej zachowanych g\u00f3rskich las\u00f3w deszczowych w Afryce \u015arodkowej, b\u0119d\u0105cego domem dla ogromnej r\u00f3\u017cnorodno\u015bci biologicznej i szacuje si\u0119, \u017ce 25% afryka\u0144skich naczelnych. Wysoko\u015b\u0107, gleba i klimat w tym obszarze s\u0105 dok\u0142adnie tym, co drzewa kawowe kochaj\u0105 najbardziej. W rezultacie farmy kawowe wok\u00f3\u0142 Gashar otrzymuj\u0105 mn\u00f3stwo opad\u00f3w, dzi\u0119ki czemu wi\u015bnie s\u0105 bardziej soczyste, a kawa bardziej owocowa.    <\/p>\n","protected":false},"excerpt":{"rendered":"<p>Je\u015bli jest jedna kawa, o kt\u00f3rej mo\u017cna powiedzie\u0107, \u017ce jest legendarna, to zdecydowanie jest to Rwanda Gasharu. Cieszymy si\u0119, \u017ce co roku powraca do naszej oferty. Po raz pierwszy mo\u017cna jej spr\u00f3bowa\u0107 w 3 r\u00f3\u017cnych wyko\u0144czeniach. I w\u0142a\u015bnie dlatego stworzyli\u015bmy dla Ciebie ten okazyjny pakiet.   <\/p>\n<p>W opakowaniu znajduj\u0105 si\u0119:<\/p>\n<p>1x 250g RWANDA GASHARU ANAEROBIC<br \/>\n1x 250g RWANDA GASHARU Natural<br \/>\n1x 250g RWANDA GASHARU Washed<\/p>\n<p><del>Oryginalna cena pojedynczej kawy: 44,00 \u20ac<\/del><br \/>\n<strong>Cena pakietu: 39,60 \u20ac  <\/strong><\/p>\n","protected":false},"featured_media":63800,"comment_status":"open","ping_status":"closed","template":"","meta":{"_acf_changed":false},"product_brand":[1343],"product_cat":[1344,1378,1424],"product_tag":[1381,1426,1425],"class_list":{"0":"post-63799","1":"product","2":"type-product","3":"status-publish","4":"has-post-thumbnail","6":"product_brand-palarnia-goriffee","7":"product_cat-kawa","8":"product_cat-wybrana-kawa-na-filtrze","9":"product_cat-zestawy-kawowe","10":"product_tag-kawa-na-filtrze","11":"product_tag-korzystny-pakiet","12":"product_tag-pakiety","13":"pa_chutovy-profil-wyprobuj-3-rozne-zabiegi","14":"pa_podla-pripravy-kavy-aeropress","15":"pa_podla-pripravy-kavy-chemex","16":"pa_podla-pripravy-kavy-cold-brew","17":"pa_podla-pripravy-kavy-hario-v60","18":"pa_podla-pripravy-kavy-prasa-francuska","19":"pa_priprava-kavy-filtr","21":"first","22":"outofstock","23":"sale","24":"taxable","25":"shipping-taxable","26":"purchasable","27":"product-type-simple"},"acf":[],"_links":{"self":[{"href":"https:\/\/www.goriffee.com\/pl\/wp-json\/wp\/v2\/product\/63799","targetHints":{"allow":["GET"]}}],"collection":[{"href":"https:\/\/www.goriffee.com\/pl\/wp-json\/wp\/v2\/product"}],"about":[{"href":"https:\/\/www.goriffee.com\/pl\/wp-json\/wp\/v2\/types\/product"}],"replies":[{"embeddable":true,"href":"https:\/\/www.goriffee.com\/pl\/wp-json\/wp\/v2\/comments?post=63799"}],"version-history":[{"count":1,"href":"https:\/\/www.goriffee.com\/pl\/wp-json\/wp\/v2\/product\/63799\/revisions"}],"predecessor-version":[{"id":63801,"href":"https:\/\/www.goriffee.com\/pl\/wp-json\/wp\/v2\/product\/63799\/revisions\/63801"}],"wp:featuredmedia":[{"embeddable":true,"href":"https:\/\/www.goriffee.com\/pl\/wp-json\/wp\/v2\/media\/63800"}],"wp:attachment":[{"href":"https:\/\/www.goriffee.com\/pl\/wp-json\/wp\/v2\/media?parent=63799"}],"wp:term":[{"taxonomy":"product_brand","embeddable":true,"href":"https:\/\/www.goriffee.com\/pl\/wp-json\/wp\/v2\/product_brand?post=63799"},{"taxonomy":"product_cat","embeddable":true,"href":"https:\/\/www.goriffee.com\/pl\/wp-json\/wp\/v2\/product_cat?post=63799"},{"taxonomy":"product_tag","embeddable":true,"href":"https:\/\/www.goriffee.com\/pl\/wp-json\/wp\/v2\/product_tag?post=63799"}],"curies":[{"name":"wp","href":"https:\/\/api.w.org\/{rel}","templated":true}]}}