{"id":63857,"date":"2024-02-23T15:38:43","date_gmt":"2024-02-23T14:38:43","guid":{"rendered":"https:\/\/www.goriffee.com\/produkt\/zestaw-3x-etiopia-na-filtr\/"},"modified":"2025-11-20T13:39:13","modified_gmt":"2025-11-20T12:39:13","slug":"zestaw-3x-etiopia-na-filtr","status":"publish","type":"product","link":"https:\/\/www.goriffee.com\/pl\/shop\/kawa\/wybrana-kawa-na-filtrze\/zestaw-3x-etiopia-na-filtr\/","title":{"rendered":"Zestaw: 3x etiopia na filtr"},"content":{"rendered":"","protected":false},"excerpt":{"rendered":"<p>Skosztuj 3 r\u00f3\u017cnych kaw Ethiopias w 3 r\u00f3\u017cnych wersjach.<\/p>\n<p>W wygodnym pakiecie rabatowym znajdziesz<\/p>\n<ul>\n<li>1x 250g Ethiopia Dukamo Natural<\/li>\n<li>1x 250g Ethiopia Gedeb Washed<\/li>\n<li>1x 250g Ethiopia Halo Beriti Carbonic Maceration<\/li>\n<\/ul>\n<p><del>Oryginalna cena pojedynczej kawy: 44,00 \u20ac<\/del><br \/>\n<strong>Cena pakietu: 39,60 \u20ac<\/strong><\/p>\n","protected":false},"featured_media":63863,"comment_status":"closed","ping_status":"closed","template":"","meta":{"_acf_changed":false},"product_brand":[1343],"product_cat":[1344,1378,1424],"product_tag":[1433,1426,1432],"class_list":{"0":"post-63857","1":"product","2":"type-product","3":"status-publish","4":"has-post-thumbnail","6":"product_brand-palarnia-goriffee","7":"product_cat-kawa","8":"product_cat-wybrana-kawa-na-filtrze","9":"product_cat-zestawy-kawowe","10":"product_tag-etiopia","11":"product_tag-korzystny-pakiet","12":"product_tag-pakiet","14":"first","15":"outofstock","16":"sale","17":"taxable","18":"shipping-taxable","19":"purchasable","20":"product-type-simple"},"acf":[],"_links":{"self":[{"href":"https:\/\/www.goriffee.com\/pl\/wp-json\/wp\/v2\/product\/63857","targetHints":{"allow":["GET"]}}],"collection":[{"href":"https:\/\/www.goriffee.com\/pl\/wp-json\/wp\/v2\/product"}],"about":[{"href":"https:\/\/www.goriffee.com\/pl\/wp-json\/wp\/v2\/types\/product"}],"replies":[{"embeddable":true,"href":"https:\/\/www.goriffee.com\/pl\/wp-json\/wp\/v2\/comments?post=63857"}],"version-history":[{"count":1,"href":"https:\/\/www.goriffee.com\/pl\/wp-json\/wp\/v2\/product\/63857\/revisions"}],"predecessor-version":[{"id":63865,"href":"https:\/\/www.goriffee.com\/pl\/wp-json\/wp\/v2\/product\/63857\/revisions\/63865"}],"wp:featuredmedia":[{"embeddable":true,"href":"https:\/\/www.goriffee.com\/pl\/wp-json\/wp\/v2\/media\/63863"}],"wp:attachment":[{"href":"https:\/\/www.goriffee.com\/pl\/wp-json\/wp\/v2\/media?parent=63857"}],"wp:term":[{"taxonomy":"product_brand","embeddable":true,"href":"https:\/\/www.goriffee.com\/pl\/wp-json\/wp\/v2\/product_brand?post=63857"},{"taxonomy":"product_cat","embeddable":true,"href":"https:\/\/www.goriffee.com\/pl\/wp-json\/wp\/v2\/product_cat?post=63857"},{"taxonomy":"product_tag","embeddable":true,"href":"https:\/\/www.goriffee.com\/pl\/wp-json\/wp\/v2\/product_tag?post=63857"}],"curies":[{"name":"wp","href":"https:\/\/api.w.org\/{rel}","templated":true}]}}