{"id":64166,"date":"2025-10-07T11:08:42","date_gmt":"2025-10-07T09:08:42","guid":{"rendered":"https:\/\/www.goriffee.com\/produkt\/subskrypcja-kawy-podstawowe-espresso\/"},"modified":"2026-02-10T10:55:57","modified_gmt":"2026-02-10T09:55:57","slug":"kavove-predplatne-basic-espresso","status":"publish","type":"product","link":"https:\/\/www.goriffee.com\/pl\/shop\/klub-kawowy\/kavove-predplatne-basic-espresso\/","title":{"rendered":"Subskrypcja kawy &#8211; Podstawowe espresso"},"content":{"rendered":"<h3><b>Jak to dzia\u0142a?<\/b><\/h3>\n<ol start=\"1\">\n<li><b>Ty wybierasz gramatur\u0119:<\/b> wybierz opakowanie 250 g, 500 g lub 1000 g w zale\u017cno\u015bci od zu\u017cycia.<\/li>\n<li><b>U\u017cytkownik wybiera d\u0142ugo\u015b\u0107 subskrypcji:<\/b> 3 miesi\u0105ce, 6 miesi\u0119cy lub 12 miesi\u0119cy.<\/li>\n<li><b>My zajmujemy si\u0119 reszt\u0105:<\/b> co miesi\u0105c parzymy kaw\u0119 dla Ciebie i wysy\u0142amy j\u0105 bezpo\u015brednio do Twojego domu.<\/li>\n<\/ol>\n<h3><b>Podstawowe informacje<\/b><\/h3>\n<ul>\n<li><b>Przygotowanie kawy:<\/b> espresso<\/li>\n<li><b>Rodzaj kawy:<\/b> Kawa speciality do wyboru (Single Origin lub Espresso Blend)<\/li>\n<li><b>Pakowanie:<\/b> 250g \/ 500g \/ 1000g<\/li>\n<li><b>Cz\u0119stotliwo\u015b\u0107 dostaw:<\/b> 1x w miesi\u0105cu<\/li>\n<\/ul>\n","protected":false},"excerpt":{"rendered":"<h4><b>Koniec zmartwie\u0144 zwi\u0105zanych z zakupem kawy. Po prostu ciesz si\u0119 swoj\u0105 ulubion\u0105 fili\u017cank\u0105. <\/b><\/h4>\n<p>Subskrypcja kawy BASIC to idealny wyb\u00f3r dla ka\u017cdego, kto kocha <b>mocne, ale doskonale zbalansowane espresso<\/b>. Nie musisz ba\u0107 si\u0119 eksperymentowa\u0107, do tej subskrypcji wybieramy tylko <b>najpopularniejsze i najlepiej sprzedaj\u0105ce si\u0119 kawy espresso<\/b> z naszej palarni Goriffee. <\/p>\n<p>Zafunduj sobie przyjemno\u015b\u0107 i zostaw najlepsze espresso nam. Co miesi\u0105c dostarczymy \u015bwie\u017co parzon\u0105 <b>kaw\u0119<\/b> prosto pod Twoje drzwi, przygotowan\u0105 specjalnie dla Twojego domu lub biura. <\/p>\n<p>&nbsp;<\/p>\n<h5>W przypadku zakupu na prezent<\/h5>\n<p><strong>Pierwszy pakiet<\/strong> subskrypcji zostanie dostarczony na adres podany jako <strong>adres rozliczeniowy<\/strong> w sekcji <strong>p\u0142atno\u015bci <\/strong>&#8211; dzi\u0119ki temu mo\u017cna fizycznie podarowa\u0107 sobie ten pakiet.<\/p>\n<p><strong><u>Ka\u017cdy dodatkowy pakiet subskrypcji<\/u><\/strong> b\u0119dzie teraz dostarczany na <strong>adres odbiorcy prezentu<\/strong>, kt\u00f3ry mo\u017cna wprowadzi\u0107 poni\u017cej.<\/p>\n","protected":false},"featured_media":62848,"comment_status":"closed","ping_status":"closed","template":"","meta":{"_acf_changed":false},"product_brand":[1343],"product_cat":[1357],"product_tag":[1496],"class_list":{"0":"post-64166","1":"product","2":"type-product","3":"status-publish","4":"has-post-thumbnail","6":"product_brand-palarnia-goriffee","7":"product_cat-klub-kawowy","8":"product_tag-norepetito","9":"product_shipping_class-kawa-w-subskrypcji","11":"first","12":"instock","13":"taxable","14":"shipping-taxable","15":"purchasable","16":"product-type-variable"},"acf":[],"_links":{"self":[{"href":"https:\/\/www.goriffee.com\/pl\/wp-json\/wp\/v2\/product\/64166","targetHints":{"allow":["GET"]}}],"collection":[{"href":"https:\/\/www.goriffee.com\/pl\/wp-json\/wp\/v2\/product"}],"about":[{"href":"https:\/\/www.goriffee.com\/pl\/wp-json\/wp\/v2\/types\/product"}],"replies":[{"embeddable":true,"href":"https:\/\/www.goriffee.com\/pl\/wp-json\/wp\/v2\/comments?post=64166"}],"version-history":[{"count":2,"href":"https:\/\/www.goriffee.com\/pl\/wp-json\/wp\/v2\/product\/64166\/revisions"}],"predecessor-version":[{"id":65604,"href":"https:\/\/www.goriffee.com\/pl\/wp-json\/wp\/v2\/product\/64166\/revisions\/65604"}],"wp:featuredmedia":[{"embeddable":true,"href":"https:\/\/www.goriffee.com\/pl\/wp-json\/wp\/v2\/media\/62848"}],"wp:attachment":[{"href":"https:\/\/www.goriffee.com\/pl\/wp-json\/wp\/v2\/media?parent=64166"}],"wp:term":[{"taxonomy":"product_brand","embeddable":true,"href":"https:\/\/www.goriffee.com\/pl\/wp-json\/wp\/v2\/product_brand?post=64166"},{"taxonomy":"product_cat","embeddable":true,"href":"https:\/\/www.goriffee.com\/pl\/wp-json\/wp\/v2\/product_cat?post=64166"},{"taxonomy":"product_tag","embeddable":true,"href":"https:\/\/www.goriffee.com\/pl\/wp-json\/wp\/v2\/product_tag?post=64166"}],"curies":[{"name":"wp","href":"https:\/\/api.w.org\/{rel}","templated":true}]}}