{"id":64258,"date":"2025-06-06T15:00:37","date_gmt":"2025-06-06T13:00:37","guid":{"rendered":"https:\/\/www.goriffee.com\/produkt\/szlifierka-reczna-timemore-advanced-c2\/"},"modified":"2025-12-14T17:09:30","modified_gmt":"2025-12-14T16:09:30","slug":"timemore-advanced-c2-rucny-mlyncek","status":"publish","type":"product","link":"https:\/\/www.goriffee.com\/pl\/shop\/akcesoria\/timemore-advanced-c2-rucny-mlyncek\/","title":{"rendered":"Szlifierka r\u0119czna Timemore Advanced C2"},"content":{"rendered":"","protected":false},"excerpt":{"rendered":"<p data-start=\"101\" data-end=\"618\">W ka\u017cdej kategorii akcesori\u00f3w do kawy istnieje faworyt &#8211; a w klasie \u015bredniej m\u0142ynk\u00f3w r\u0119cznych Timemore Advanced C2 s\u0142usznie zajmuje swoje miejsce na szczycie.<\/p>\n<p data-start=\"101\" data-end=\"618\">Ten precyzyjnie zaprojektowany m\u0142ynek wyr\u00f3\u017cnia si\u0119 &#8220;chirurgiczn\u0105&#8221; precyzj\u0105 mielenia i jest idealnym partnerem dla wszystkich mi\u0142o\u015bnik\u00f3w kawy filtrowanej. Regulacja grubo\u015bci mielenia jest \u0142atwa dzi\u0119ki mechanizmowi skokowemu, kt\u00f3ry ujawnia si\u0119 po odkr\u0119ceniu dolnego pojemnika. <\/p>\n<p data-start=\"101\" data-end=\"618\">Elegancki, wysokiej jako\u015bci design idealnie pasuje do ka\u017cdego nowoczesnego zestawu kawowego.<\/p>\n","protected":false},"featured_media":64262,"comment_status":"open","ping_status":"closed","template":"","meta":{"_acf_changed":false},"product_brand":[1456],"product_cat":[1318],"product_tag":[1496],"class_list":{"0":"post-64258","1":"product","2":"type-product","3":"status-publish","4":"has-post-thumbnail","6":"product_brand-timemore","7":"product_cat-akcesoria","8":"product_tag-norepetito","10":"first","11":"outofstock","12":"taxable","13":"shipping-taxable","14":"purchasable","15":"product-type-simple"},"acf":[],"_links":{"self":[{"href":"https:\/\/www.goriffee.com\/pl\/wp-json\/wp\/v2\/product\/64258","targetHints":{"allow":["GET"]}}],"collection":[{"href":"https:\/\/www.goriffee.com\/pl\/wp-json\/wp\/v2\/product"}],"about":[{"href":"https:\/\/www.goriffee.com\/pl\/wp-json\/wp\/v2\/types\/product"}],"replies":[{"embeddable":true,"href":"https:\/\/www.goriffee.com\/pl\/wp-json\/wp\/v2\/comments?post=64258"}],"version-history":[{"count":1,"href":"https:\/\/www.goriffee.com\/pl\/wp-json\/wp\/v2\/product\/64258\/revisions"}],"predecessor-version":[{"id":64263,"href":"https:\/\/www.goriffee.com\/pl\/wp-json\/wp\/v2\/product\/64258\/revisions\/64263"}],"wp:featuredmedia":[{"embeddable":true,"href":"https:\/\/www.goriffee.com\/pl\/wp-json\/wp\/v2\/media\/64262"}],"wp:attachment":[{"href":"https:\/\/www.goriffee.com\/pl\/wp-json\/wp\/v2\/media?parent=64258"}],"wp:term":[{"taxonomy":"product_brand","embeddable":true,"href":"https:\/\/www.goriffee.com\/pl\/wp-json\/wp\/v2\/product_brand?post=64258"},{"taxonomy":"product_cat","embeddable":true,"href":"https:\/\/www.goriffee.com\/pl\/wp-json\/wp\/v2\/product_cat?post=64258"},{"taxonomy":"product_tag","embeddable":true,"href":"https:\/\/www.goriffee.com\/pl\/wp-json\/wp\/v2\/product_tag?post=64258"}],"curies":[{"name":"wp","href":"https:\/\/api.w.org\/{rel}","templated":true}]}}