{"id":64265,"date":"2025-06-06T14:14:44","date_gmt":"2025-06-06T12:14:44","guid":{"rendered":"https:\/\/www.goriffee.com\/produkt\/mlynek-reczny-comandante-c40-mk4-nitro-blade\/"},"modified":"2025-11-03T13:57:21","modified_gmt":"2025-11-03T12:57:21","slug":"mlynek-reczny-comandante-c40-mk4-nitro-blade","status":"publish","type":"product","link":"https:\/\/www.goriffee.com\/pl\/shop\/akcesoria\/mlynek-reczny-comandante-c40-mk4-nitro-blade\/","title":{"rendered":"M\u0142ynek r\u0119czny Comandante C40 MK4 Nitro Blade"},"content":{"rendered":"","protected":false},"excerpt":{"rendered":"<p>Dla ka\u017cdego prawdziwego mi\u0142o\u015bnika kawy, kt\u00f3ry szczyci si\u0119 precyzj\u0105 i wysok\u0105 jako\u015bci\u0105, Comandante C40 MK4 Nitro Blade powinien by\u0107 niezb\u0119dnym elementem wyposa\u017cenia.<\/p>\n<p>Ten r\u0119czny m\u0142ynek nie jest tylko zwyk\u0142ym akcesorium &#8211; jest uwa\u017cany za ikon\u0119 w swojej kategorii, docenian\u0105 przez profesjonalnych barist\u00f3w i pasjonat\u00f3w domowej kawy na ca\u0142ym \u015bwiecie.<\/p>\n","protected":false},"featured_media":64266,"comment_status":"open","ping_status":"closed","template":"","meta":{"_acf_changed":false},"product_brand":[1457],"product_cat":[1318],"product_tag":[],"class_list":{"0":"post-64265","1":"product","2":"type-product","3":"status-publish","4":"has-post-thumbnail","6":"product_brand-commandante","7":"product_cat-akcesoria","9":"first","10":"outofstock","11":"taxable","12":"shipping-taxable","13":"purchasable","14":"product-type-simple"},"acf":[],"_links":{"self":[{"href":"https:\/\/www.goriffee.com\/pl\/wp-json\/wp\/v2\/product\/64265","targetHints":{"allow":["GET"]}}],"collection":[{"href":"https:\/\/www.goriffee.com\/pl\/wp-json\/wp\/v2\/product"}],"about":[{"href":"https:\/\/www.goriffee.com\/pl\/wp-json\/wp\/v2\/types\/product"}],"replies":[{"embeddable":true,"href":"https:\/\/www.goriffee.com\/pl\/wp-json\/wp\/v2\/comments?post=64265"}],"version-history":[{"count":1,"href":"https:\/\/www.goriffee.com\/pl\/wp-json\/wp\/v2\/product\/64265\/revisions"}],"predecessor-version":[{"id":64267,"href":"https:\/\/www.goriffee.com\/pl\/wp-json\/wp\/v2\/product\/64265\/revisions\/64267"}],"wp:featuredmedia":[{"embeddable":true,"href":"https:\/\/www.goriffee.com\/pl\/wp-json\/wp\/v2\/media\/64266"}],"wp:attachment":[{"href":"https:\/\/www.goriffee.com\/pl\/wp-json\/wp\/v2\/media?parent=64265"}],"wp:term":[{"taxonomy":"product_brand","embeddable":true,"href":"https:\/\/www.goriffee.com\/pl\/wp-json\/wp\/v2\/product_brand?post=64265"},{"taxonomy":"product_cat","embeddable":true,"href":"https:\/\/www.goriffee.com\/pl\/wp-json\/wp\/v2\/product_cat?post=64265"},{"taxonomy":"product_tag","embeddable":true,"href":"https:\/\/www.goriffee.com\/pl\/wp-json\/wp\/v2\/product_tag?post=64265"}],"curies":[{"name":"wp","href":"https:\/\/api.w.org\/{rel}","templated":true}]}}