{"id":64277,"date":"2025-05-14T15:45:38","date_gmt":"2025-05-14T13:45:38","guid":{"rendered":"https:\/\/www.goriffee.com\/produkt\/serwer-do-kawy-timemore\/"},"modified":"2025-11-03T13:57:36","modified_gmt":"2025-11-03T12:57:36","slug":"serwer-do-kawy-timemore","status":"publish","type":"product","link":"https:\/\/www.goriffee.com\/pl\/shop\/akcesoria\/serwer-do-kawy-timemore\/","title":{"rendered":"Serwer do kawy Timemore"},"content":{"rendered":"","protected":false},"excerpt":{"rendered":"<p>Przedstawiamy szklany serwer do kawy Timemore &#8211; idealnego towarzysza do rytualnego przygotowywania kawy filtrowanej. Ten elegancki serwer \u0142\u0105czy minimalistyczny design z wysok\u0105 funkcjonalno\u015bci\u0105. <\/p>\n<p>Wykonany jest z wysokiej jako\u015bci szk\u0142a borokrzemowego, kt\u00f3re jest odporne na ciep\u0142o i nie wp\u0142ywa na smak kawy.<\/p>\n<p>Serwer zosta\u0142 zaprojektowany tak, aby by\u0142 kompatybilny z wi\u0119kszo\u015bci\u0105 popularnych dripper\u00f3w, takich jak Timemore, Hario czy Kalita, umo\u017cliwiaj\u0105c kapanie kawy bezpo\u015brednio do niego. Posiada r\u00f3wnie\u017c szklan\u0105 pokrywk\u0119 z gumow\u0105 uszczelk\u0105 dla lepszego utrzymania temperatury i precyzyjnie uformowan\u0105 wylewk\u0119 do czystego nalewania bez kapania. <\/p>\n<p>Dodaj odrobin\u0119 elegancji i praktyczno\u015bci do przygotowywania kawy dzi\u0119ki szklanemu serwerowi Timemore.<\/p>\n","protected":false},"featured_media":64279,"comment_status":"closed","ping_status":"closed","template":"","meta":{"_acf_changed":false},"product_brand":[],"product_cat":[1318],"product_tag":[],"class_list":{"0":"post-64277","1":"product","2":"type-product","3":"status-publish","4":"has-post-thumbnail","6":"product_cat-akcesoria","7":"pa_objem-360-ml","8":"pa_objem-600-ml","10":"first","11":"instock","12":"taxable","13":"shipping-taxable","14":"purchasable","15":"product-type-variable"},"acf":[],"_links":{"self":[{"href":"https:\/\/www.goriffee.com\/pl\/wp-json\/wp\/v2\/product\/64277","targetHints":{"allow":["GET"]}}],"collection":[{"href":"https:\/\/www.goriffee.com\/pl\/wp-json\/wp\/v2\/product"}],"about":[{"href":"https:\/\/www.goriffee.com\/pl\/wp-json\/wp\/v2\/types\/product"}],"replies":[{"embeddable":true,"href":"https:\/\/www.goriffee.com\/pl\/wp-json\/wp\/v2\/comments?post=64277"}],"version-history":[{"count":1,"href":"https:\/\/www.goriffee.com\/pl\/wp-json\/wp\/v2\/product\/64277\/revisions"}],"predecessor-version":[{"id":64281,"href":"https:\/\/www.goriffee.com\/pl\/wp-json\/wp\/v2\/product\/64277\/revisions\/64281"}],"wp:featuredmedia":[{"embeddable":true,"href":"https:\/\/www.goriffee.com\/pl\/wp-json\/wp\/v2\/media\/64279"}],"wp:attachment":[{"href":"https:\/\/www.goriffee.com\/pl\/wp-json\/wp\/v2\/media?parent=64277"}],"wp:term":[{"taxonomy":"product_brand","embeddable":true,"href":"https:\/\/www.goriffee.com\/pl\/wp-json\/wp\/v2\/product_brand?post=64277"},{"taxonomy":"product_cat","embeddable":true,"href":"https:\/\/www.goriffee.com\/pl\/wp-json\/wp\/v2\/product_cat?post=64277"},{"taxonomy":"product_tag","embeddable":true,"href":"https:\/\/www.goriffee.com\/pl\/wp-json\/wp\/v2\/product_tag?post=64277"}],"curies":[{"name":"wp","href":"https:\/\/api.w.org\/{rel}","templated":true}]}}