{"id":64278,"date":"2025-04-30T10:32:30","date_gmt":"2025-04-30T08:32:30","guid":{"rendered":"https:\/\/www.goriffee.com\/produkt\/tabletki-odkamieniajace-jura-9szt\/"},"modified":"2026-02-05T15:16:30","modified_gmt":"2026-02-05T14:16:30","slug":"odvapnovacie-tablety-jura-9ks","status":"publish","type":"product","link":"https:\/\/www.goriffee.com\/pl\/shop\/akcesoria\/odvapnovacie-tablety-jura-9ks\/","title":{"rendered":"Tabletki odkamieniaj\u0105ce JURA 9szt"},"content":{"rendered":"","protected":false},"excerpt":{"rendered":"<p>Zoptymalizuj Smak swojej kawy i przed\u0142u\u017c \u017cywotno\u015b\u0107 ekspresu do kawy. Te dwufazowe tabletki JURA skutecznie usuwaj\u0105 kamie\u0144, kt\u00f3ry mo\u017ce negatywnie wp\u0142ywa\u0107 na wydajno\u015b\u0107 ekspresu i smak ulubionej kawy Goriffee. Ich specjalna formu\u0142a chroni r\u00f3wnie\u017c podzespo\u0142y ekspresu. Regularne stosowanie tabletek zapewnia optymaln\u0105 temperatur\u0119 wody i pe\u0142ne rozwini\u0119cie aromatu ka\u017cdej fili\u017canki.   <\/p>\n<p>Specjalny sk\u0142ad tabletek gwarantuje skuteczn\u0105, ale delikatn\u0105 konserwacj\u0119 ukochanego sprz\u0119tu. Podczas ich pracy nie dochodzi do uszkodze\u0144 ekspresu, powierzchnia jest czysta, a urz\u0105dzenie sprawne przez wiele lat. Ilekro\u0107 najdzie Ci\u0119 ochota na fili\u017cank\u0119 aromatycznej kawy, b\u0119dziesz mie\u0107 pewno\u015b\u0107, \u017ce p\u0142yn\u0105ca z niej przyjemno\u015b\u0107 b\u0119dzie absolutnie wyj\u0105tkowa i intensywniejsza poznawczo. Czysta woda wolna od kamienia, metali ci\u0119\u017ckich i innych szkodliwych substancji pozwala wydoby\u0107 prawdziwy smak ziaren kawy i uwydatnia aromat, kt\u00f3remu nie mo\u017cna si\u0119 oprze\u0107.   <\/p>\n<p>Utrzymuj sw\u00f3j ekspres do kawy w najlepszej formie, aby zawsze cieszy\u0107 si\u0119 doskona\u0142\u0105 kaw\u0105 od Goriffee.<\/p>\n","protected":false},"featured_media":64280,"comment_status":"open","ping_status":"closed","template":"","meta":{"_acf_changed":false},"product_brand":[1459],"product_cat":[1318],"product_tag":[1496],"class_list":{"0":"post-64278","1":"product","2":"type-product","3":"status-publish","4":"has-post-thumbnail","6":"product_brand-jura","7":"product_cat-akcesoria","8":"product_tag-norepetito","10":"first","11":"instock","12":"taxable","13":"shipping-taxable","14":"purchasable","15":"product-type-simple"},"acf":[],"_links":{"self":[{"href":"https:\/\/www.goriffee.com\/pl\/wp-json\/wp\/v2\/product\/64278","targetHints":{"allow":["GET"]}}],"collection":[{"href":"https:\/\/www.goriffee.com\/pl\/wp-json\/wp\/v2\/product"}],"about":[{"href":"https:\/\/www.goriffee.com\/pl\/wp-json\/wp\/v2\/types\/product"}],"replies":[{"embeddable":true,"href":"https:\/\/www.goriffee.com\/pl\/wp-json\/wp\/v2\/comments?post=64278"}],"version-history":[{"count":2,"href":"https:\/\/www.goriffee.com\/pl\/wp-json\/wp\/v2\/product\/64278\/revisions"}],"predecessor-version":[{"id":69783,"href":"https:\/\/www.goriffee.com\/pl\/wp-json\/wp\/v2\/product\/64278\/revisions\/69783"}],"wp:featuredmedia":[{"embeddable":true,"href":"https:\/\/www.goriffee.com\/pl\/wp-json\/wp\/v2\/media\/64280"}],"wp:attachment":[{"href":"https:\/\/www.goriffee.com\/pl\/wp-json\/wp\/v2\/media?parent=64278"}],"wp:term":[{"taxonomy":"product_brand","embeddable":true,"href":"https:\/\/www.goriffee.com\/pl\/wp-json\/wp\/v2\/product_brand?post=64278"},{"taxonomy":"product_cat","embeddable":true,"href":"https:\/\/www.goriffee.com\/pl\/wp-json\/wp\/v2\/product_cat?post=64278"},{"taxonomy":"product_tag","embeddable":true,"href":"https:\/\/www.goriffee.com\/pl\/wp-json\/wp\/v2\/product_tag?post=64278"}],"curies":[{"name":"wp","href":"https:\/\/api.w.org\/{rel}","templated":true}]}}