{"id":64297,"date":"2025-04-23T10:08:57","date_gmt":"2025-04-23T08:08:57","guid":{"rendered":"https:\/\/www.goriffee.com\/produkt\/dwufazowe-tabletki-czyszczace-jura-6szt\/"},"modified":"2025-12-14T17:09:11","modified_gmt":"2025-12-14T16:09:11","slug":"jura-dvojfazove-cistiace-tablety-6ks","status":"publish","type":"product","link":"https:\/\/www.goriffee.com\/pl\/shop\/akcesoria\/jura-dvojfazove-cistiace-tablety-6ks\/","title":{"rendered":"Dwufazowe tabletki czyszcz\u0105ce Jura 6szt"},"content":{"rendered":"<ul>\n<li data-sourcepos=\"3:1-3:127\">Tabletki czyszcz\u0105ce Jura s\u0105 przeznaczone do czyszczenia automatycznych ekspres\u00f3w do kawy i utrzymywania higieny podczas pracy z mlekiem, kaw\u0105 i wod\u0105.<\/li>\n<li data-sourcepos=\"4:1-4:67\">Tabletki te s\u0105 kluczem do utrzymania bardzo wysokiej jako\u015bci kawy.<\/li>\n<li data-sourcepos=\"5:1-5:29\">Opakowanie zawiera 6 tabletek.<\/li>\n<li data-sourcepos=\"6:1-6:134\">Tabletki zapewniaj\u0105 d\u0142ugotrwa\u0142\u0105 ochron\u0119, niezawodnie usuwaj\u0105c t\u0142uste osady z kawy mi\u0119dzy jednostk\u0105 zaparzaj\u0105c\u0105 a wylotem kawy.<\/li>\n<li data-sourcepos=\"7:1-7:86\">Chroni\u0105 r\u00f3wnie\u017c wszystkie rury, skutecznie spowalniaj\u0105c gromadzenie si\u0119 fus\u00f3w z kawy.<\/li>\n<li data-sourcepos=\"8:1-9:0\">Wszystko to mo\u017cna zrobi\u0107 za pomoc\u0105 jednego przycisku, bez konieczno\u015bci si\u0119gania do wn\u0119trza urz\u0105dzenia.<\/li>\n<\/ul>\n","protected":false},"excerpt":{"rendered":"<p data-sourcepos=\"9:1-9:242\">Tabletki czyszcz\u0105ce Jura to klucz do d\u0142ugiej \u017cywotno\u015bci i optymalnej wydajno\u015bci ekspresu do kawy. Dzi\u0119ki ich skutecznemu sk\u0142adowi ekspres b\u0119dzie zawsze w doskona\u0142ym stanie. Ciesz si\u0119 pyszn\u0105 kaw\u0105 ka\u017cdego dnia bez niepo\u017c\u0105danych smak\u00f3w spowodowanych osadami.  <\/p>\n<p data-sourcepos=\"11:1-11:12\">\n","protected":false},"featured_media":64298,"comment_status":"open","ping_status":"closed","template":"","meta":{"_acf_changed":false},"product_brand":[1459],"product_cat":[1318],"product_tag":[1496],"class_list":{"0":"post-64297","1":"product","2":"type-product","3":"status-publish","4":"has-post-thumbnail","6":"product_brand-jura","7":"product_cat-akcesoria","8":"product_tag-norepetito","10":"first","11":"instock","12":"taxable","13":"shipping-taxable","14":"purchasable","15":"product-type-simple"},"acf":[],"_links":{"self":[{"href":"https:\/\/www.goriffee.com\/pl\/wp-json\/wp\/v2\/product\/64297","targetHints":{"allow":["GET"]}}],"collection":[{"href":"https:\/\/www.goriffee.com\/pl\/wp-json\/wp\/v2\/product"}],"about":[{"href":"https:\/\/www.goriffee.com\/pl\/wp-json\/wp\/v2\/types\/product"}],"replies":[{"embeddable":true,"href":"https:\/\/www.goriffee.com\/pl\/wp-json\/wp\/v2\/comments?post=64297"}],"version-history":[{"count":1,"href":"https:\/\/www.goriffee.com\/pl\/wp-json\/wp\/v2\/product\/64297\/revisions"}],"predecessor-version":[{"id":64300,"href":"https:\/\/www.goriffee.com\/pl\/wp-json\/wp\/v2\/product\/64297\/revisions\/64300"}],"wp:featuredmedia":[{"embeddable":true,"href":"https:\/\/www.goriffee.com\/pl\/wp-json\/wp\/v2\/media\/64298"}],"wp:attachment":[{"href":"https:\/\/www.goriffee.com\/pl\/wp-json\/wp\/v2\/media?parent=64297"}],"wp:term":[{"taxonomy":"product_brand","embeddable":true,"href":"https:\/\/www.goriffee.com\/pl\/wp-json\/wp\/v2\/product_brand?post=64297"},{"taxonomy":"product_cat","embeddable":true,"href":"https:\/\/www.goriffee.com\/pl\/wp-json\/wp\/v2\/product_cat?post=64297"},{"taxonomy":"product_tag","embeddable":true,"href":"https:\/\/www.goriffee.com\/pl\/wp-json\/wp\/v2\/product_tag?post=64297"}],"curies":[{"name":"wp","href":"https:\/\/api.w.org\/{rel}","templated":true}]}}