{"id":64312,"date":"2025-04-30T10:57:31","date_gmt":"2025-04-30T08:57:31","guid":{"rendered":"https:\/\/www.goriffee.com\/produkt\/urnex-rinza-srodek-czyszczacy-do-maszyny-spieniajacej\/"},"modified":"2025-12-14T17:09:28","modified_gmt":"2025-12-14T16:09:28","slug":"urnex-rinza-cistiaci-prostriedok-na-napenovac","status":"publish","type":"product","link":"https:\/\/www.goriffee.com\/pl\/shop\/akcesoria\/urnex-rinza-cistiaci-prostriedok-na-napenovac\/","title":{"rendered":"Urnex Rinza &#8211; \u015brodek czyszcz\u0105cy do maszyny spieniaj\u0105cej"},"content":{"rendered":"","protected":false},"excerpt":{"rendered":"<p><strong>Idealne cappuccino i d\u0142uga \u017cywotno\u015b\u0107 ekspresu do kawy<\/strong><\/p>\n<p>Lubisz kremowe cappuccino, g\u0142adkie latte macchiato lub inne napoje kawowe z idealnie spienionym mlekiem? W takim razie wiesz, \u017ce czysto\u015b\u0107 systemu mlecznego ekspresu do kawy jest absolutnie kluczowa. Pozosta\u0142o\u015bci mleka mog\u0105 szybko si\u0119 osadza\u0107, wp\u0142ywaj\u0105c na smak kawy, a co gorsza, uszkadzaj\u0105c wewn\u0119trzne cz\u0119\u015bci ekspresu i pogarszaj\u0105c jako\u015b\u0107 mlecznej pianki.  <\/p>\n<p>Przedstawiamy Urnex Rinza, sprawdzony profesjonalny \u015brodek czyszcz\u0105cy opracowany specjalnie w celu skutecznego usuwania osad\u00f3w mleka, bia\u0142ka i t\u0142uszczu:<\/p>\n<ul>\n<li>Dysze parowe<\/li>\n<li>Automatyczne cappuccinatory<\/li>\n<li>Obwody mleka wszystkich typ\u00f3w ekspres\u00f3w do kawy (automatycznych i d\u017awigniowych)<\/li>\n<\/ul>\n","protected":false},"featured_media":64314,"comment_status":"closed","ping_status":"closed","template":"","meta":{"_acf_changed":false},"product_brand":[1461],"product_cat":[1318],"product_tag":[1496],"class_list":{"0":"post-64312","1":"product","2":"type-product","3":"status-publish","4":"has-post-thumbnail","6":"product_brand-urnex","7":"product_cat-akcesoria","8":"product_tag-norepetito","10":"first","11":"instock","12":"taxable","13":"shipping-taxable","14":"purchasable","15":"product-type-simple"},"acf":[],"_links":{"self":[{"href":"https:\/\/www.goriffee.com\/pl\/wp-json\/wp\/v2\/product\/64312","targetHints":{"allow":["GET"]}}],"collection":[{"href":"https:\/\/www.goriffee.com\/pl\/wp-json\/wp\/v2\/product"}],"about":[{"href":"https:\/\/www.goriffee.com\/pl\/wp-json\/wp\/v2\/types\/product"}],"replies":[{"embeddable":true,"href":"https:\/\/www.goriffee.com\/pl\/wp-json\/wp\/v2\/comments?post=64312"}],"version-history":[{"count":1,"href":"https:\/\/www.goriffee.com\/pl\/wp-json\/wp\/v2\/product\/64312\/revisions"}],"predecessor-version":[{"id":64315,"href":"https:\/\/www.goriffee.com\/pl\/wp-json\/wp\/v2\/product\/64312\/revisions\/64315"}],"wp:featuredmedia":[{"embeddable":true,"href":"https:\/\/www.goriffee.com\/pl\/wp-json\/wp\/v2\/media\/64314"}],"wp:attachment":[{"href":"https:\/\/www.goriffee.com\/pl\/wp-json\/wp\/v2\/media?parent=64312"}],"wp:term":[{"taxonomy":"product_brand","embeddable":true,"href":"https:\/\/www.goriffee.com\/pl\/wp-json\/wp\/v2\/product_brand?post=64312"},{"taxonomy":"product_cat","embeddable":true,"href":"https:\/\/www.goriffee.com\/pl\/wp-json\/wp\/v2\/product_cat?post=64312"},{"taxonomy":"product_tag","embeddable":true,"href":"https:\/\/www.goriffee.com\/pl\/wp-json\/wp\/v2\/product_tag?post=64312"}],"curies":[{"name":"wp","href":"https:\/\/api.w.org\/{rel}","templated":true}]}}