{"id":64333,"date":"2025-02-20T16:48:39","date_gmt":"2025-02-20T15:48:39","guid":{"rendered":"https:\/\/www.goriffee.com\/produkt\/okazyjny-pakiet-3x-kostaryka-za-espresso\/"},"modified":"2025-11-20T13:39:41","modified_gmt":"2025-11-20T12:39:41","slug":"okazyjny-pakiet-3x-kostaryka-za-espresso","status":"publish","type":"product","link":"https:\/\/www.goriffee.com\/pl\/shop\/kawa\/okazyjny-pakiet-3x-kostaryka-za-espresso\/","title":{"rendered":"Zestaw kaw: 3x Kostaryka za espresso"},"content":{"rendered":"","protected":false},"excerpt":{"rendered":"<p><strong>Odkryj Kostaryk\u0119 z ka\u017cdym \u0142ykiem &#8211; trio wyj\u0105tkowych kaw espresso<\/strong><\/p>\n<p>Zanurz si\u0119 w bogatych i r\u00f3\u017cnorodnych smakach Kostaryki dzi\u0119ki naszej ekskluzywnej kawie 3x Costa Rica Different &#8211; starannie wyselekcjonowanej kolekcji trzech najwy\u017cszej jako\u015bci kaw parzonych w celu uzyskania idealnego espresso.<\/p>\n<p><strong>Don Claudio<\/strong> &#8211; pi\u0119knie zbalansowane espresso z nutami \u015bwie\u017cych \u015bliwek, g\u0142adkiego karmelu i delikatnych pistacji. Bogaty, s\u0142odki i satysfakcjonuj\u0105cy smak. <\/p>\n<p><strong>Los Pinos Facundo<\/strong> &#8211; dynamiczny i z\u0142o\u017cony profil z nutami pra\u017conych orzeszk\u00f3w ziemnych, \u015bwie\u017c\u0105 kwasowo\u015bci\u0105 limonki i s\u0142odycz\u0105 dojrza\u0142ej \u015bliwki. Odwa\u017cny, a jednocze\u015bnie elegancki smak. <\/p>\n<p><strong>Casa De Piedra<\/strong> &#8211; jedwabista i aromatyczna kawa, kt\u00f3ra wyr\u00f3\u017cnia si\u0119 s\u0142odk\u0105 wanili\u0105, \u015bwie\u017cym jab\u0142kiem i soczyst\u0105 wi\u015bni\u0105 &#8211; wyrafinowane espresso z trwa\u0142ym, g\u0142adkim wyko\u0144czeniem.<\/p>\n<p>Kup wszystkie trzy razem i zaoszcz\u0119d\u017a 10%! Przenie\u015b swoje espresso na wy\u017cszy poziom dzi\u0119ki tej ekskluzywnej kostaryka\u0144skiej kolekcji dla tych, kt\u00f3rzy ceni\u0105 sobie jako\u015b\u0107 w ka\u017cdym \u0142yku. <\/p>\n","protected":false},"featured_media":64334,"comment_status":"open","ping_status":"closed","template":"","meta":{"_acf_changed":false},"product_brand":[1343],"product_cat":[1344,1424],"product_tag":[1426],"class_list":{"0":"post-64333","1":"product","2":"type-product","3":"status-publish","4":"has-post-thumbnail","6":"product_brand-palarnia-goriffee","7":"product_cat-kawa","8":"product_cat-zestawy-kawowe","9":"product_tag-korzystny-pakiet","11":"first","12":"outofstock","13":"sale","14":"taxable","15":"shipping-taxable","16":"purchasable","17":"product-type-simple"},"acf":[],"_links":{"self":[{"href":"https:\/\/www.goriffee.com\/pl\/wp-json\/wp\/v2\/product\/64333","targetHints":{"allow":["GET"]}}],"collection":[{"href":"https:\/\/www.goriffee.com\/pl\/wp-json\/wp\/v2\/product"}],"about":[{"href":"https:\/\/www.goriffee.com\/pl\/wp-json\/wp\/v2\/types\/product"}],"replies":[{"embeddable":true,"href":"https:\/\/www.goriffee.com\/pl\/wp-json\/wp\/v2\/comments?post=64333"}],"version-history":[{"count":2,"href":"https:\/\/www.goriffee.com\/pl\/wp-json\/wp\/v2\/product\/64333\/revisions"}],"predecessor-version":[{"id":65180,"href":"https:\/\/www.goriffee.com\/pl\/wp-json\/wp\/v2\/product\/64333\/revisions\/65180"}],"wp:featuredmedia":[{"embeddable":true,"href":"https:\/\/www.goriffee.com\/pl\/wp-json\/wp\/v2\/media\/64334"}],"wp:attachment":[{"href":"https:\/\/www.goriffee.com\/pl\/wp-json\/wp\/v2\/media?parent=64333"}],"wp:term":[{"taxonomy":"product_brand","embeddable":true,"href":"https:\/\/www.goriffee.com\/pl\/wp-json\/wp\/v2\/product_brand?post=64333"},{"taxonomy":"product_cat","embeddable":true,"href":"https:\/\/www.goriffee.com\/pl\/wp-json\/wp\/v2\/product_cat?post=64333"},{"taxonomy":"product_tag","embeddable":true,"href":"https:\/\/www.goriffee.com\/pl\/wp-json\/wp\/v2\/product_tag?post=64333"}],"curies":[{"name":"wp","href":"https:\/\/api.w.org\/{rel}","templated":true}]}}