{"id":64348,"date":"2025-01-29T11:45:05","date_gmt":"2025-01-29T10:45:05","guid":{"rendered":"https:\/\/www.goriffee.com\/produkt\/goriffee-x-isadore\/"},"modified":"2025-12-14T17:09:13","modified_gmt":"2025-12-14T16:09:13","slug":"predpredaj-cyklodres-goriffee-x-isadore","status":"publish","type":"product","link":"https:\/\/www.goriffee.com\/pl\/shop\/towar\/predpredaj-cyklodres-goriffee-x-isadore\/","title":{"rendered":"Goriffee x Isadore"},"content":{"rendered":"\t\t<div data-elementor-type=\"product-post\" data-elementor-id=\"64348\" class=\"elementor elementor-64348 elementor-53326\" data-elementor-post-type=\"product\">\n\t\t\t\t\t\t<section class=\"elementor-section elementor-top-section elementor-element elementor-element-2038878 elementor-section-boxed elementor-section-gap-beside-yes elementor-section-height-default elementor-section-height-default elementor-section-column-vertical-align-stretch\" data-id=\"2038878\" data-element_type=\"section\" data-e-type=\"section\">\n\t\t\t\t\t\t<div class=\"elementor-container elementor-column-gap-extended\">\n\t\t\t\t\t<div class=\"elementor-column elementor-col-100 elementor-top-column elementor-element elementor-element-64012138\" data-id=\"64012138\" data-element_type=\"column\" data-e-type=\"column\">\n\t\t\t<div class=\"elementor-widget-wrap elementor-element-populated\">\n\t\t\t\t\t\t<div class=\"elementor-element elementor-element-558109a1 elementor-widget elementor-widget-text-editor\" data-id=\"558109a1\" data-element_type=\"widget\" data-e-type=\"widget\" data-widget_type=\"text-editor.default\">\n\t\t\t\t<div class=\"elementor-widget-container\">\n\t\t\t\t\t\t\t\t\t<h4>Sk\u0142ad<\/h4><p><b>Materia\u0142 1<\/b><\/p><p>87% poliester z recyklingu<br>13% elastan<\/p><p><b>Materia\u0142 2<\/b><\/p><p>93% poliester z recyklingu<br>7% elastan<\/p><p><b>Materia\u0142 3<\/b><\/p><p>90% poliester z recyklingu<br>10% elastan<\/p><p><b>Materia\u0142 4<\/b><\/p><p>77% poliester z recyklingu<br>23% elastan<\/p>\t\t\t\t\t\t\t\t<\/div>\n\t\t\t\t<\/div>\n\t\t\t\t\t<\/div>\n\t\t<\/div>\n\t\t\t\t\t<\/div>\n\t\t<\/section>\n\t\t\t\t<\/div>\n\t\t","protected":false},"excerpt":{"rendered":"<p>Kiedy pasja do dobrej kawy i kolarstwa \u0142\u0105cz\u0105 si\u0119, powstaje co\u015b wyj\u0105tkowego. Przedstawiamy koszulk\u0119 kolarsk\u0105 Goriffee, stworzon\u0105 we wsp\u00f3\u0142pracy z legendarn\u0105 mark\u0105 Isadore &#8211; s\u0142owackim liderem w dziedzinie odzie\u017cy rowerowej premium. <\/p>\n<p>Ta koszulka to nie tylko design, to filozofia. Opiera si\u0119 na koszulce Alternative Jersey, ale ma sw\u00f3j w\u0142asny, oryginalny wygl\u0105d, kt\u00f3ry odzwierciedla energi\u0119 spo\u0142eczno\u015bci Goriffee &#8211; ch\u0119\u0107 odkrywania nowych smak\u00f3w, nowych \u015bcie\u017cek i nowych wyzwa\u0144. <\/p>\n<p>Wykonane z materia\u0142\u00f3w pochodz\u0105cych z recyklingu &#8211; przyjazne dla \u015brodowiska, tak jak nasza kawa.<br \/>\nMaksymalny komfort i oddychalno\u015b\u0107 &#8211; idealne na d\u0142ugie przeja\u017cd\u017cki i intensywne osi\u0105gi.<br \/>\nAerodynamiczne dopasowanie &#8211; poniewa\u017c liczy si\u0119 ka\u017cda sekunda i ka\u017cdy \u0142yk kawy.<br \/>\nUnikalna estetyka Goriffee &#8211; poniewa\u017c kolarstwo to co\u015b wi\u0119cej ni\u017c sport, to styl \u017cycia.<\/p>\n<p>\ud83d\udeb4\u200d\u2642\ufe0f Zaparz espresso, za\u0142\u00f3\u017c koszulk\u0119 Goriffee i ruszaj na przygod\u0119!<\/p>\n","protected":false},"featured_media":64350,"comment_status":"open","ping_status":"closed","template":"","meta":{"_acf_changed":false},"product_brand":[1462,1343],"product_cat":[1323],"product_tag":[1463,1464,1496],"class_list":{"0":"post-64348","1":"product","2":"type-product","3":"status-publish","4":"has-post-thumbnail","6":"product_brand-isadore-apparel","7":"product_brand-palarnia-goriffee","8":"product_cat-towar","9":"product_tag-cyklodres","10":"product_tag-koszulka-kolarska","11":"product_tag-norepetito","13":"first","14":"instock","15":"taxable","16":"shipping-taxable","17":"purchasable","18":"product-type-variable"},"acf":[],"_links":{"self":[{"href":"https:\/\/www.goriffee.com\/pl\/wp-json\/wp\/v2\/product\/64348","targetHints":{"allow":["GET"]}}],"collection":[{"href":"https:\/\/www.goriffee.com\/pl\/wp-json\/wp\/v2\/product"}],"about":[{"href":"https:\/\/www.goriffee.com\/pl\/wp-json\/wp\/v2\/types\/product"}],"replies":[{"embeddable":true,"href":"https:\/\/www.goriffee.com\/pl\/wp-json\/wp\/v2\/comments?post=64348"}],"version-history":[{"count":2,"href":"https:\/\/www.goriffee.com\/pl\/wp-json\/wp\/v2\/product\/64348\/revisions"}],"predecessor-version":[{"id":64371,"href":"https:\/\/www.goriffee.com\/pl\/wp-json\/wp\/v2\/product\/64348\/revisions\/64371"}],"wp:featuredmedia":[{"embeddable":true,"href":"https:\/\/www.goriffee.com\/pl\/wp-json\/wp\/v2\/media\/64350"}],"wp:attachment":[{"href":"https:\/\/www.goriffee.com\/pl\/wp-json\/wp\/v2\/media?parent=64348"}],"wp:term":[{"taxonomy":"product_brand","embeddable":true,"href":"https:\/\/www.goriffee.com\/pl\/wp-json\/wp\/v2\/product_brand?post=64348"},{"taxonomy":"product_cat","embeddable":true,"href":"https:\/\/www.goriffee.com\/pl\/wp-json\/wp\/v2\/product_cat?post=64348"},{"taxonomy":"product_tag","embeddable":true,"href":"https:\/\/www.goriffee.com\/pl\/wp-json\/wp\/v2\/product_tag?post=64348"}],"curies":[{"name":"wp","href":"https:\/\/api.w.org\/{rel}","templated":true}]}}