{"id":64408,"date":"2022-12-21T19:12:32","date_gmt":"2022-12-21T18:12:32","guid":{"rendered":"https:\/\/www.goriffee.com\/produkt\/subskrypcja-kawy-na-6-miesiecy\/"},"modified":"2025-11-03T13:58:08","modified_gmt":"2025-11-03T12:58:08","slug":"subskrypcja-kawy-na-6-miesiecy","status":"publish","type":"product","link":"https:\/\/www.goriffee.com\/pl\/shop\/klub-kawowy\/subskrypcja-kawy-na-6-miesiecy\/","title":{"rendered":"Subskrypcja kawy na 6 miesi\u0119cy"},"content":{"rendered":"<ul>\n<li>Przedstawiamy nasz\u0105 6-miesi\u0119czn\u0105 subskrypcj\u0119 kawy &#8211; idealne rozwi\u0105zanie dla tych, kt\u00f3rzy chc\u0105 cieszy\u0107 si\u0119 \u015bwie\u017co palon\u0105 kaw\u0105 bez konieczno\u015bci ponownego zamawiania.<\/li>\n<\/ul>\n<h6><span style=\"font-family: Platform;\"><strong>Co otrzymujesz w ramach naszej subskrypcji?<\/strong><\/span><\/h6>\n<ul>\n<li><strong>Regularna dawka \u015bwie\u017co\u015bci:<\/strong> co miesi\u0105c dostarczamy \u015bwie\u017co palon\u0105 kaw\u0119 bezpo\u015brednio z naszej palarni, dzi\u0119ki czemu mo\u017cesz cieszy\u0107 si\u0119 autentycznymi smakami z ca\u0142ego \u015bwiata.<\/li>\n<li><strong>Spersonalizowany wyb\u00f3r:<\/strong> wybierz preferowan\u0105 metod\u0119 przygotowania &#8211; espresso lub filtr &#8211; i wybierz idealn\u0105 ilo\u015b\u0107: 250 g lub 500 g.<\/li>\n<li><strong>Dogodna cena:<\/strong> subskrypcje oferuj\u0105 przewag\u0119 cenow\u0105 w por\u00f3wnaniu do pojedynczych zakup\u00f3w, oszcz\u0119dzaj\u0105c nie tylko czas, ale i pieni\u0105dze.<\/li>\n<li><strong>Idealny prezent:<\/strong> Je\u015bli szukasz prezentu dla mi\u0142o\u015bnika kawy, nasza subskrypcja to \u015bwietny wyb\u00f3r. Pierwsz\u0105 przesy\u0142k\u0119 dostarczymy na Tw\u00f3j adres, aby\u015b m\u00f3g\u0142 wr\u0119czy\u0107 j\u0105 osobi\u015bcie, a kolejne trafi\u0105 bezpo\u015brednio do odbiorcy. <\/li>\n<\/ul>\n<h6><strong>Jak to dzia\u0142a?<\/strong><\/h6>\n<ol>\n<li><strong>Wyb\u00f3r subskrypcji:<\/strong> Wybierz swoje preferencje &#8211; rodzaj kawy (espresso lub filtrowana) i ilo\u015b\u0107 (250 g lub 500 g).<\/li>\n<li><strong>Dostawa:<\/strong> co miesi\u0105c, w pierwszej po\u0142owie miesi\u0105ca, kurier dostarcza \u015bwie\u017co palon\u0105 kaw\u0119 bezpo\u015brednio pod Twoje drzwi.<\/li>\n<li><strong>Rozkoszuj si\u0119:<\/strong> Ciesz si\u0119 r\u00f3\u017cnorodnymi smakami i aromatami naszych starannie wyselekcjonowanych kaw z ca\u0142ego \u015bwiata.<\/li>\n<\/ol>\n<p>Do\u0142\u0105cz do naszego klubu kawowego i do\u015bwiadcz wygody regularnych dostaw wysokiej jako\u015bci kawy, kt\u00f3ra zachwyci Twoje zmys\u0142y i sprawi, \u017ce ka\u017cdy dzie\u0144 b\u0119dzie przyjemniejszy.<\/p>\n","protected":false},"excerpt":{"rendered":"<p>Dla wszystkich, kt\u00f3rzy lubi\u0105 delektowa\u0107 si\u0119 fili\u017cank\u0105 uczciwej kawy, mamy idealne rozwi\u0105zanie &#8211; 6-miesi\u0119czny abonament kawowy! Co miesi\u0105c dostarczymy \u015bwie\u017co palon\u0105 kaw\u0119 prosto z naszej palarni, aby\u015b m\u00f3g\u0142 cieszy\u0107 si\u0119 jej pe\u0142nym aromatem i smakiem. Wybierz pomi\u0119dzy espresso lub filtrem i wyobra\u017a sobie aromat \u015bwie\u017co zmielonej kawy unosz\u0105cy si\u0119 w Twoim domu. Wybierz ilo\u015b\u0107 250 g lub 500 g i ciesz si\u0119 wygod\u0105 regularnych dostaw wyj\u0105tkowych smak\u00f3w z ca\u0142ego \u015bwiata w doskona\u0142ej cenie. Idealna dla Ciebie lub jako prezent dla entuzjast\u00f3w kawy! Zam\u00f3w ju\u017c dzi\u015b i rozpocznij swoj\u0105 kawow\u0105 przygod\u0119     <\/p>\n<h5>W przypadku zakupu na prezent<\/h5>\n<p><strong>Pierwszy pakiet<\/strong> subskrypcji zostanie dostarczony na adres podany jako <strong>adres rozliczeniowy<\/strong> w sekcji <strong>p\u0142atno\u015bci <\/strong>&#8211; dzi\u0119ki temu mo\u017cna fizycznie podarowa\u0107 sobie ten pakiet.<\/p>\n<p><strong><u>Ka\u017cdy dodatkowy pakiet subskrypcji<\/u><\/strong> b\u0119dzie teraz dostarczany na <strong>adres odbiorcy prezentu<\/strong>, kt\u00f3ry mo\u017cna wprowadzi\u0107 poni\u017cej.<\/p>\n","protected":false},"featured_media":62850,"comment_status":"closed","ping_status":"closed","template":"","meta":{"_acf_changed":false},"product_brand":[1343],"product_cat":[1357],"product_tag":[1360,1496,1359,1467],"class_list":{"0":"post-64408","1":"product","2":"type-product","3":"status-publish","4":"has-post-thumbnail","6":"product_brand-palarnia-goriffee","7":"product_cat-klub-kawowy","8":"product_tag-klub-kawowy","9":"product_tag-norepetito","10":"product_tag-subskrypcja-kawy","11":"product_tag-subskrypcja-polroczna","12":"product_shipping_class-kawa-w-subskrypcji","13":"pa_priprava-kavy-espresso","14":"pa_priprava-kavy-filtr","16":"first","17":"instock","18":"taxable","19":"shipping-taxable","20":"purchasable","21":"product-type-variable"},"acf":[],"_links":{"self":[{"href":"https:\/\/www.goriffee.com\/pl\/wp-json\/wp\/v2\/product\/64408","targetHints":{"allow":["GET"]}}],"collection":[{"href":"https:\/\/www.goriffee.com\/pl\/wp-json\/wp\/v2\/product"}],"about":[{"href":"https:\/\/www.goriffee.com\/pl\/wp-json\/wp\/v2\/types\/product"}],"replies":[{"embeddable":true,"href":"https:\/\/www.goriffee.com\/pl\/wp-json\/wp\/v2\/comments?post=64408"}],"version-history":[{"count":1,"href":"https:\/\/www.goriffee.com\/pl\/wp-json\/wp\/v2\/product\/64408\/revisions"}],"predecessor-version":[{"id":64414,"href":"https:\/\/www.goriffee.com\/pl\/wp-json\/wp\/v2\/product\/64408\/revisions\/64414"}],"wp:featuredmedia":[{"embeddable":true,"href":"https:\/\/www.goriffee.com\/pl\/wp-json\/wp\/v2\/media\/62850"}],"wp:attachment":[{"href":"https:\/\/www.goriffee.com\/pl\/wp-json\/wp\/v2\/media?parent=64408"}],"wp:term":[{"taxonomy":"product_brand","embeddable":true,"href":"https:\/\/www.goriffee.com\/pl\/wp-json\/wp\/v2\/product_brand?post=64408"},{"taxonomy":"product_cat","embeddable":true,"href":"https:\/\/www.goriffee.com\/pl\/wp-json\/wp\/v2\/product_cat?post=64408"},{"taxonomy":"product_tag","embeddable":true,"href":"https:\/\/www.goriffee.com\/pl\/wp-json\/wp\/v2\/product_tag?post=64408"}],"curies":[{"name":"wp","href":"https:\/\/api.w.org\/{rel}","templated":true}]}}