{"id":64417,"date":"2024-03-19T16:19:06","date_gmt":"2024-03-19T15:19:06","guid":{"rendered":"https:\/\/www.goriffee.com\/produkt\/korzystny-pakiet-3x-classic-espresso\/"},"modified":"2026-05-04T11:04:29","modified_gmt":"2026-05-04T09:04:29","slug":"vyhodny-balik-3x-klasicke-espresso","status":"publish","type":"product","link":"https:\/\/www.goriffee.com\/pl\/shop\/kawa\/vyhodny-balik-3x-klasicke-espresso\/","title":{"rendered":"Zestaw kaw: 3x Classic Espresso"},"content":{"rendered":"","protected":false},"excerpt":{"rendered":"<p>Espresso nigdy do\u015b\u0107. Dlatego teraz masz \u015bwietn\u0105 okazj\u0119, aby zam\u00f3wi\u0107 okazyjny pakiet naszych kaw espresso z 10% rabatem. <\/p>\n<p>W opakowaniu znajduj\u0105 si\u0119:<\/p>\n<p>1x 250g Brazil Caramelo natural<br \/>\n1x 250g Colombia Popayan Reserve Washed<br \/>\n1x 250g Highlander espresso blend<\/p>\n","protected":false},"featured_media":42008,"comment_status":"open","ping_status":"closed","template":"","meta":{"_acf_changed":false},"product_brand":[],"product_cat":[1344,1424],"product_tag":[1404,1346,1411,1426,1396],"class_list":{"0":"post-64417","1":"product","2":"type-product","3":"status-publish","4":"has-post-thumbnail","6":"product_cat-kawa","7":"product_cat-zestawy-kawowe","8":"product_tag-100-arabika-2","9":"product_tag-espresso","10":"product_tag-kawa-do-espresso","11":"product_tag-korzystny-pakiet","12":"product_tag-wybor-kawy","13":"pa_podla-pripravy-kavy-automatyczny-ekspres-do-kawy","14":"pa_podla-pripravy-kavy-dzwigniowy-ekspres-do-kawy-espresso","15":"pa_podla-pripravy-kavy-ekspres-do-kawy-mokka-koto","16":"pa_priprava-kavy-espresso","17":"pa_roast-full-city-roast","18":"pa_roast-srednio-palona","20":"first","21":"instock","22":"sale","23":"taxable","24":"shipping-taxable","25":"purchasable","26":"product-type-simple"},"acf":[],"_links":{"self":[{"href":"https:\/\/www.goriffee.com\/pl\/wp-json\/wp\/v2\/product\/64417","targetHints":{"allow":["GET"]}}],"collection":[{"href":"https:\/\/www.goriffee.com\/pl\/wp-json\/wp\/v2\/product"}],"about":[{"href":"https:\/\/www.goriffee.com\/pl\/wp-json\/wp\/v2\/types\/product"}],"replies":[{"embeddable":true,"href":"https:\/\/www.goriffee.com\/pl\/wp-json\/wp\/v2\/comments?post=64417"}],"version-history":[{"count":2,"href":"https:\/\/www.goriffee.com\/pl\/wp-json\/wp\/v2\/product\/64417\/revisions"}],"predecessor-version":[{"id":69715,"href":"https:\/\/www.goriffee.com\/pl\/wp-json\/wp\/v2\/product\/64417\/revisions\/69715"}],"wp:featuredmedia":[{"embeddable":true,"href":"https:\/\/www.goriffee.com\/pl\/wp-json\/wp\/v2\/media\/42008"}],"wp:attachment":[{"href":"https:\/\/www.goriffee.com\/pl\/wp-json\/wp\/v2\/media?parent=64417"}],"wp:term":[{"taxonomy":"product_brand","embeddable":true,"href":"https:\/\/www.goriffee.com\/pl\/wp-json\/wp\/v2\/product_brand?post=64417"},{"taxonomy":"product_cat","embeddable":true,"href":"https:\/\/www.goriffee.com\/pl\/wp-json\/wp\/v2\/product_cat?post=64417"},{"taxonomy":"product_tag","embeddable":true,"href":"https:\/\/www.goriffee.com\/pl\/wp-json\/wp\/v2\/product_tag?post=64417"}],"curies":[{"name":"wp","href":"https:\/\/api.w.org\/{rel}","templated":true}]}}