{"id":64425,"date":"2024-09-18T13:37:10","date_gmt":"2024-09-18T11:37:10","guid":{"rendered":"https:\/\/www.goriffee.com\/produkt\/kawa-slowtella-250g\/"},"modified":"2026-04-09T10:18:12","modified_gmt":"2026-04-09T08:18:12","slug":"kawa-slowtella-250g","status":"publish","type":"product","link":"https:\/\/www.goriffee.com\/pl\/shop\/smerfy\/kawa-slowtella-250g\/","title":{"rendered":"Kawa Slowtella 250g"},"content":{"rendered":"\t\t<div data-elementor-type=\"product-post\" data-elementor-id=\"64425\" class=\"elementor elementor-64425 elementor-47491\" data-elementor-post-type=\"product\">\n\t\t\t\t\t\t<section class=\"elementor-section elementor-top-section elementor-element elementor-element-6a8faf6d elementor-section-boxed elementor-section-gap-beside-yes elementor-section-height-default elementor-section-height-default elementor-section-column-vertical-align-stretch\" data-id=\"6a8faf6d\" data-element_type=\"section\" data-e-type=\"section\">\n\t\t\t\t\t\t<div class=\"elementor-container elementor-column-gap-extended\">\n\t\t\t\t\t<div class=\"elementor-column elementor-col-100 elementor-top-column elementor-element elementor-element-3a9db8c8\" data-id=\"3a9db8c8\" data-element_type=\"column\" data-e-type=\"column\">\n\t\t\t<div class=\"elementor-widget-wrap elementor-element-populated\">\n\t\t\t\t\t\t<div class=\"elementor-element elementor-element-6833bda6 elementor-widget elementor-widget-text-editor\" data-id=\"6833bda6\" data-element_type=\"widget\" data-e-type=\"widget\" data-widget_type=\"text-editor.default\">\n\t\t\t\t<div class=\"elementor-widget-container\">\n\t\t\t\t\t\t\t\t\t<p>Nowa kawa Slowtella to unikalne po\u0142\u0105czenie specjalnie palonej kawy Brasilia Caramelo Doce ze s\u0142owackiej palarni Goriffee oraz legendarnej kawy Slowtella. Kawa, po wypaleniu na zam\u00f3wienie, jest mielona przy u\u017cyciu specjalnej technologii na jedwabi\u015bcie g\u0142adk\u0105 mas\u0119 i \u0142\u0105czona z legendarn\u0105 Slowtell\u0105 w g\u0142adki krem orzechowo-kawowy. <\/p><p>Nie zawiera oleju palmowego. Nie zawiera nabia\u0142u, a nawet lecytyny sojowej. Jest tylko lekko s\u0142odzony cukrem z kwiat\u00f3w kokosa z Indonezji.  <\/p><p>Sk\u0142adniki: orzechy laskowe 61%, cukier z kwiatu palmy kokosowej, kawa palona 7%, mas\u0142o kakaowe, kakao w proszku 6% (20-22% t\u0142uszczu). Zawiera kofein\u0119 w ilo\u015bci maks. 20 mg\/100 g.  <\/p>\t\t\t\t\t\t\t\t<\/div>\n\t\t\t\t<\/div>\n\t\t\t\t\t<\/div>\n\t\t<\/div>\n\t\t\t\t\t<\/div>\n\t\t<\/section>\n\t\t\t\t<\/div>\n\t\t","protected":false},"excerpt":{"rendered":"<p>Kawa Slowtella to unikalne po\u0142\u0105czenie specjalnie palonej kawy Brasilia Caramelo Doce ze s\u0142owackiej palarni Goriffee i legendarnej Slowtelli. Kawa, po wypaleniu na zam\u00f3wienie, jest mielona przy u\u017cyciu specjalnej technologii na jedwabi\u015bcie g\u0142adk\u0105 mas\u0119 i \u0142\u0105czona z legendarn\u0105 Slowtell\u0105 w g\u0142adki krem orzechowo-kawowy.   <strong>Nagrodzony 3 gwiazdkami w konkursie Great Taste 2021.<\/strong><\/p>\n","protected":false},"featured_media":64427,"comment_status":"closed","ping_status":"closed","template":"","meta":{"_acf_changed":false},"product_brand":[1468],"product_cat":[1469,1323],"product_tag":[],"class_list":{"0":"post-64425","1":"product","2":"type-product","3":"status-publish","4":"has-post-thumbnail","6":"product_brand-slowlandia","7":"product_cat-smerfy","8":"product_cat-towar","10":"first","11":"instock","12":"taxable","13":"shipping-taxable","14":"purchasable","15":"product-type-simple"},"acf":[],"_links":{"self":[{"href":"https:\/\/www.goriffee.com\/pl\/wp-json\/wp\/v2\/product\/64425","targetHints":{"allow":["GET"]}}],"collection":[{"href":"https:\/\/www.goriffee.com\/pl\/wp-json\/wp\/v2\/product"}],"about":[{"href":"https:\/\/www.goriffee.com\/pl\/wp-json\/wp\/v2\/types\/product"}],"replies":[{"embeddable":true,"href":"https:\/\/www.goriffee.com\/pl\/wp-json\/wp\/v2\/comments?post=64425"}],"version-history":[{"count":2,"href":"https:\/\/www.goriffee.com\/pl\/wp-json\/wp\/v2\/product\/64425\/revisions"}],"predecessor-version":[{"id":64436,"href":"https:\/\/www.goriffee.com\/pl\/wp-json\/wp\/v2\/product\/64425\/revisions\/64436"}],"wp:featuredmedia":[{"embeddable":true,"href":"https:\/\/www.goriffee.com\/pl\/wp-json\/wp\/v2\/media\/64427"}],"wp:attachment":[{"href":"https:\/\/www.goriffee.com\/pl\/wp-json\/wp\/v2\/media?parent=64425"}],"wp:term":[{"taxonomy":"product_brand","embeddable":true,"href":"https:\/\/www.goriffee.com\/pl\/wp-json\/wp\/v2\/product_brand?post=64425"},{"taxonomy":"product_cat","embeddable":true,"href":"https:\/\/www.goriffee.com\/pl\/wp-json\/wp\/v2\/product_cat?post=64425"},{"taxonomy":"product_tag","embeddable":true,"href":"https:\/\/www.goriffee.com\/pl\/wp-json\/wp\/v2\/product_tag?post=64425"}],"curies":[{"name":"wp","href":"https:\/\/api.w.org\/{rel}","templated":true}]}}