{"id":64587,"date":"2026-04-19T12:48:00","date_gmt":"2026-04-19T10:48:00","guid":{"rendered":"https:\/\/www.goriffee.com\/produkt\/korzystny-pakiet-3x-kapsulki-z-kawa-do-nespresso\/"},"modified":"2026-01-15T13:18:53","modified_gmt":"2026-01-15T12:18:53","slug":"korzystny-pakiet-3x-kapsulki-z-kawa-do-nespresso","status":"publish","type":"product","link":"https:\/\/www.goriffee.com\/pl\/shop\/kawa\/korzystny-pakiet-3x-kapsulki-z-kawa-do-nespresso\/","title":{"rendered":"Zestaw kaw: 3x kapsu\u0142ki z kaw\u0105 do Nespresso"},"content":{"rendered":"","protected":false},"excerpt":{"rendered":"<p><strong data-start=\"107\" data-end=\"156\">3 kawy w kapsu\u0142kach Nespresso<\/strong><br data-start=\"156\" data-end=\"159\" \/>Trzy ulubione kawy w jednym opakowaniu &#8211; w ca\u0142kowicie kompostowalnych kapsu\u0142kach kompatybilnych z systemem Nespresso\u00ae. Ciesz si\u0119 r\u00f3\u017cnorodnym smakiem wybranej kawy w domu, bez k\u0142opot\u00f3w i z 10% rabatem.<\/p>\n<p>W opakowaniu znajduj\u0105 si\u0119:<\/p>\n<p>1x 250g Brazil Caramelo natural &#8211; kapsu\u0142ki z kaw\u0105 do Nespresso<br \/>\n1x 250g Milkyway espresso blend &#8211; kapsu\u0142ki z kaw\u0105 do Nespresso<br \/>\n1x 250g Colombia Decaf &#8211; kapsu\u0142ki z kaw\u0105 do Nespresso<\/p>\n","protected":false},"featured_media":58568,"comment_status":"closed","ping_status":"closed","template":"","meta":{"_acf_changed":false},"product_brand":[1343],"product_cat":[1344,1424],"product_tag":[],"class_list":{"0":"post-64587","1":"product","2":"type-product","3":"status-publish","4":"has-post-thumbnail","6":"product_brand-palarnia-goriffee","7":"product_cat-kawa","8":"product_cat-zestawy-kawowe","10":"first","11":"instock","12":"sale","13":"taxable","14":"shipping-taxable","15":"purchasable","16":"product-type-simple"},"acf":[],"_links":{"self":[{"href":"https:\/\/www.goriffee.com\/pl\/wp-json\/wp\/v2\/product\/64587","targetHints":{"allow":["GET"]}}],"collection":[{"href":"https:\/\/www.goriffee.com\/pl\/wp-json\/wp\/v2\/product"}],"about":[{"href":"https:\/\/www.goriffee.com\/pl\/wp-json\/wp\/v2\/types\/product"}],"replies":[{"embeddable":true,"href":"https:\/\/www.goriffee.com\/pl\/wp-json\/wp\/v2\/comments?post=64587"}],"version-history":[{"count":3,"href":"https:\/\/www.goriffee.com\/pl\/wp-json\/wp\/v2\/product\/64587\/revisions"}],"predecessor-version":[{"id":68832,"href":"https:\/\/www.goriffee.com\/pl\/wp-json\/wp\/v2\/product\/64587\/revisions\/68832"}],"wp:featuredmedia":[{"embeddable":true,"href":"https:\/\/www.goriffee.com\/pl\/wp-json\/wp\/v2\/media\/58568"}],"wp:attachment":[{"href":"https:\/\/www.goriffee.com\/pl\/wp-json\/wp\/v2\/media?parent=64587"}],"wp:term":[{"taxonomy":"product_brand","embeddable":true,"href":"https:\/\/www.goriffee.com\/pl\/wp-json\/wp\/v2\/product_brand?post=64587"},{"taxonomy":"product_cat","embeddable":true,"href":"https:\/\/www.goriffee.com\/pl\/wp-json\/wp\/v2\/product_cat?post=64587"},{"taxonomy":"product_tag","embeddable":true,"href":"https:\/\/www.goriffee.com\/pl\/wp-json\/wp\/v2\/product_tag?post=64587"}],"curies":[{"name":"wp","href":"https:\/\/api.w.org\/{rel}","templated":true}]}}