{"id":64647,"date":"2025-09-23T06:00:33","date_gmt":"2025-09-23T04:00:33","guid":{"rendered":"https:\/\/www.goriffee.com\/produkt\/pieczen-testowa\/"},"modified":"2026-03-06T08:55:58","modified_gmt":"2026-03-06T07:55:58","slug":"pieczen-testowa","status":"publish","type":"product","link":"https:\/\/www.goriffee.com\/pl\/shop\/kawa\/wybrana-kawa-do-espresso\/pieczen-testowa\/","title":{"rendered":"Piecze\u0144 testowa"},"content":{"rendered":"","protected":false},"excerpt":{"rendered":"<p>W Goriffee szukamy najbardziej optymalnego palenia dla ka\u017cdej kawy, w kt\u00f3rym smak odmiany jest doskonale wydobyty. Du\u017co eksperymentujemy, testujemy i wypalamy. Cz\u0119sto okazuje si\u0119, \u017ce wystarczy odrobina, aby osi\u0105gn\u0105\u0107 doskona\u0142o\u015b\u0107. Zdecydowali\u015bmy si\u0119 jednak zaoferowa\u0107 tak\u0105 kaw\u0119 do sprzeda\u017cy. By\u0107 mo\u017ce nie osi\u0105ga ona 100% standardu GORIFFEE, ale jest zbyt dobra, by j\u0105 po prostu wyrzuci\u0107.    <\/p>\n","protected":false},"featured_media":64649,"comment_status":"open","ping_status":"closed","template":"","meta":{"_acf_changed":false},"product_brand":[1343],"product_cat":[1344,1345,1378],"product_tag":[1482],"class_list":{"0":"post-64647","1":"product","2":"type-product","3":"status-publish","4":"has-post-thumbnail","6":"product_brand-palarnia-goriffee","7":"product_cat-kawa","8":"product_cat-wybrana-kawa-do-espresso","9":"product_cat-wybrana-kawa-na-filtrze","10":"product_tag-test-pieczenia","11":"pa_roast-jasne-palona","12":"pa_roast-srednia-bezkofeinowa","13":"pa_roast-srednio-palona","15":"first","16":"outofstock","17":"taxable","18":"shipping-taxable","19":"product-type-variable"},"acf":[],"_links":{"self":[{"href":"https:\/\/www.goriffee.com\/pl\/wp-json\/wp\/v2\/product\/64647","targetHints":{"allow":["GET"]}}],"collection":[{"href":"https:\/\/www.goriffee.com\/pl\/wp-json\/wp\/v2\/product"}],"about":[{"href":"https:\/\/www.goriffee.com\/pl\/wp-json\/wp\/v2\/types\/product"}],"replies":[{"embeddable":true,"href":"https:\/\/www.goriffee.com\/pl\/wp-json\/wp\/v2\/comments?post=64647"}],"version-history":[{"count":1,"href":"https:\/\/www.goriffee.com\/pl\/wp-json\/wp\/v2\/product\/64647\/revisions"}],"predecessor-version":[{"id":65545,"href":"https:\/\/www.goriffee.com\/pl\/wp-json\/wp\/v2\/product\/64647\/revisions\/65545"}],"wp:featuredmedia":[{"embeddable":true,"href":"https:\/\/www.goriffee.com\/pl\/wp-json\/wp\/v2\/media\/64649"}],"wp:attachment":[{"href":"https:\/\/www.goriffee.com\/pl\/wp-json\/wp\/v2\/media?parent=64647"}],"wp:term":[{"taxonomy":"product_brand","embeddable":true,"href":"https:\/\/www.goriffee.com\/pl\/wp-json\/wp\/v2\/product_brand?post=64647"},{"taxonomy":"product_cat","embeddable":true,"href":"https:\/\/www.goriffee.com\/pl\/wp-json\/wp\/v2\/product_cat?post=64647"},{"taxonomy":"product_tag","embeddable":true,"href":"https:\/\/www.goriffee.com\/pl\/wp-json\/wp\/v2\/product_tag?post=64647"}],"curies":[{"name":"wp","href":"https:\/\/api.w.org\/{rel}","templated":true}]}}