{"id":64653,"date":"2024-04-02T22:37:41","date_gmt":"2024-04-02T20:37:41","guid":{"rendered":"https:\/\/www.goriffee.com\/produkt\/korzystny-pakiet-3x-nowoczesne-espresso\/"},"modified":"2025-11-20T13:39:25","modified_gmt":"2025-11-20T12:39:25","slug":"korzystny-pakiet-3x-nowoczesne-espresso","status":"publish","type":"product","link":"https:\/\/www.goriffee.com\/pl\/shop\/kawa\/wybrana-kawa-do-espresso\/korzystny-pakiet-3x-nowoczesne-espresso\/","title":{"rendered":"Zestaw kaw: 3x Modern espresso"},"content":{"rendered":"","protected":false},"excerpt":{"rendered":"<p>Skosztuj naszych 3 nowych kaw palonych z my\u015bl\u0105 o mi\u0142o\u015bnikach nowoczesnego espresso. Wybrali\u015bmy 3 nowe produkty, kt\u00f3re zabior\u0105 Ci\u0119 w \u015bwiat wyj\u0105tkowej kawy. Teraz masz \u015bwietn\u0105 okazj\u0119, aby zam\u00f3wi\u0107 wygodny pakiet naszych kaw espresso z 10% rabatem.  <\/p>\n","protected":false},"featured_media":64654,"comment_status":"open","ping_status":"closed","template":"","meta":{"_acf_changed":false},"product_brand":[1343],"product_cat":[1344,1345,1424],"product_tag":[1426,1483,1432],"class_list":{"0":"post-64653","1":"product","2":"type-product","3":"status-publish","4":"has-post-thumbnail","6":"product_brand-palarnia-goriffee","7":"product_cat-kawa","8":"product_cat-wybrana-kawa-do-espresso","9":"product_cat-zestawy-kawowe","10":"product_tag-korzystny-pakiet","11":"product_tag-nowoczesne-espresso","12":"product_tag-pakiet","14":"first","15":"outofstock","16":"sale","17":"taxable","18":"shipping-taxable","19":"purchasable","20":"product-type-simple"},"acf":[],"_links":{"self":[{"href":"https:\/\/www.goriffee.com\/pl\/wp-json\/wp\/v2\/product\/64653","targetHints":{"allow":["GET"]}}],"collection":[{"href":"https:\/\/www.goriffee.com\/pl\/wp-json\/wp\/v2\/product"}],"about":[{"href":"https:\/\/www.goriffee.com\/pl\/wp-json\/wp\/v2\/types\/product"}],"replies":[{"embeddable":true,"href":"https:\/\/www.goriffee.com\/pl\/wp-json\/wp\/v2\/comments?post=64653"}],"version-history":[{"count":2,"href":"https:\/\/www.goriffee.com\/pl\/wp-json\/wp\/v2\/product\/64653\/revisions"}],"predecessor-version":[{"id":65179,"href":"https:\/\/www.goriffee.com\/pl\/wp-json\/wp\/v2\/product\/64653\/revisions\/65179"}],"wp:featuredmedia":[{"embeddable":true,"href":"https:\/\/www.goriffee.com\/pl\/wp-json\/wp\/v2\/media\/64654"}],"wp:attachment":[{"href":"https:\/\/www.goriffee.com\/pl\/wp-json\/wp\/v2\/media?parent=64653"}],"wp:term":[{"taxonomy":"product_brand","embeddable":true,"href":"https:\/\/www.goriffee.com\/pl\/wp-json\/wp\/v2\/product_brand?post=64653"},{"taxonomy":"product_cat","embeddable":true,"href":"https:\/\/www.goriffee.com\/pl\/wp-json\/wp\/v2\/product_cat?post=64653"},{"taxonomy":"product_tag","embeddable":true,"href":"https:\/\/www.goriffee.com\/pl\/wp-json\/wp\/v2\/product_tag?post=64653"}],"curies":[{"name":"wp","href":"https:\/\/api.w.org\/{rel}","templated":true}]}}