{"id":68753,"date":"2026-01-14T11:14:44","date_gmt":"2026-01-14T10:14:44","guid":{"rendered":"https:\/\/www.goriffee.com\/shop\/bez-kategorii\/vyhodny-balik-31-zadarmo-kavy-z-azie\/"},"modified":"2026-01-15T13:17:14","modified_gmt":"2026-01-15T12:17:14","slug":"vyhodny-balik-31-zadarmo-kavy-z-azie","status":"publish","type":"product","link":"https:\/\/www.goriffee.com\/pl\/shop\/kawa\/vyhodny-balik-31-zadarmo-kavy-z-azie\/","title":{"rendered":"Zestaw kaw: 3+1 darmowych kaw z Azji"},"content":{"rendered":"","protected":false},"excerpt":{"rendered":"<h3 data-path-to-node=\"1\">Zestaw kaw: 3+1 za darmo &#8211; odkryj egzotyczne smaki Azji<\/h3>\n<p data-path-to-node=\"2\">Zanurz si\u0119 w \u015bwiecie azjatyckiej kawy speciality, kt\u00f3ra w ostatnich latach prze\u017cywa ogromny rozkwit i s\u0142usznie zdobywa miejsce w \u015bwiatowej czo\u0142\u00f3wce. Przygotowali\u015bmy zestaw degustacyjny, w kt\u00f3rym g\u0142\u00f3wn\u0105 rol\u0119 odgrywaj\u0105 eksperymentalne metody przetwarzania i unikalne terroir Indonezji i Indii.<\/p>\n<p data-path-to-node=\"3\">Jako bonus przy zakupie u nas, otrzymasz <b data-path-to-node=\"3\" data-index-in-node=\"34\">250 g naszej \u015bwi\u0105tecznej mieszanki do parzenia kawy<\/b> ca\u0142kowicie za darmo.<\/p>\n<p data-path-to-node=\"4\">Wszystkie ziarna w tym pakiecie s\u0105 <b data-path-to-node=\"4\" data-index-in-node=\"30\">kawami filtrowanymi<\/b> i s\u0105 palone jako <b data-path-to-node=\"4\" data-index-in-node=\"68\">jasno palone<\/b>. To w\u0142a\u015bnie ten delikatny styl palenia pozwala w pe\u0142ni wy\u0142oni\u0107 si\u0119 ich z\u0142o\u017conym owocowym profilom i czysto\u015bci smaku.<\/p>\n<p data-path-to-node=\"5\"><b data-path-to-node=\"5\" data-index-in-node=\"0\">Co zawiera opakowanie?<\/b><\/p>\n<ul data-path-to-node=\"6\">\n<li>\n<p data-path-to-node=\"6,0,0\"><b data-path-to-node=\"6,0,0\" data-index-in-node=\"0\">Indonezja Hendra Maulizar Fermentacja beztlenowa (250g)<\/b><\/p>\n<\/li>\n<li>\n<p data-path-to-node=\"6,1,0\"><b data-path-to-node=\"6,1,0\" data-index-in-node=\"0\">Indonezja Hendra Maulizar maceracja w\u0119glowa (250g)<\/b><\/p>\n<\/li>\n<li>\n<p data-path-to-node=\"6,2,0\"><b data-path-to-node=\"6,2,0\" data-index-in-node=\"0\">Filtr beztlenowy India Gundhikan (250g)<\/b><\/p>\n<\/li>\n<li>\n<p data-path-to-node=\"6,3,0\"><b data-path-to-node=\"6,3,0\" data-index-in-node=\"0\">+ GRATIS: \u015bwi\u0105teczna mieszanka do zaparzania (250 g)<\/b><\/p>\n<\/li>\n<\/ul>\n<p data-path-to-node=\"7\">\n","protected":false},"featured_media":68754,"comment_status":"closed","ping_status":"closed","template":"","meta":{"_acf_changed":false},"product_brand":[1343],"product_cat":[1344,1424],"product_tag":[],"class_list":{"0":"post-68753","1":"product","2":"type-product","3":"status-publish","4":"has-post-thumbnail","6":"product_brand-palarnia-goriffee","7":"product_cat-kawa","8":"product_cat-zestawy-kawowe","10":"first","11":"outofstock","12":"sale","13":"taxable","14":"shipping-taxable","15":"purchasable","16":"product-type-simple"},"acf":[],"_links":{"self":[{"href":"https:\/\/www.goriffee.com\/pl\/wp-json\/wp\/v2\/product\/68753","targetHints":{"allow":["GET"]}}],"collection":[{"href":"https:\/\/www.goriffee.com\/pl\/wp-json\/wp\/v2\/product"}],"about":[{"href":"https:\/\/www.goriffee.com\/pl\/wp-json\/wp\/v2\/types\/product"}],"replies":[{"embeddable":true,"href":"https:\/\/www.goriffee.com\/pl\/wp-json\/wp\/v2\/comments?post=68753"}],"version-history":[{"count":1,"href":"https:\/\/www.goriffee.com\/pl\/wp-json\/wp\/v2\/product\/68753\/revisions"}],"predecessor-version":[{"id":68830,"href":"https:\/\/www.goriffee.com\/pl\/wp-json\/wp\/v2\/product\/68753\/revisions\/68830"}],"wp:featuredmedia":[{"embeddable":true,"href":"https:\/\/www.goriffee.com\/pl\/wp-json\/wp\/v2\/media\/68754"}],"wp:attachment":[{"href":"https:\/\/www.goriffee.com\/pl\/wp-json\/wp\/v2\/media?parent=68753"}],"wp:term":[{"taxonomy":"product_brand","embeddable":true,"href":"https:\/\/www.goriffee.com\/pl\/wp-json\/wp\/v2\/product_brand?post=68753"},{"taxonomy":"product_cat","embeddable":true,"href":"https:\/\/www.goriffee.com\/pl\/wp-json\/wp\/v2\/product_cat?post=68753"},{"taxonomy":"product_tag","embeddable":true,"href":"https:\/\/www.goriffee.com\/pl\/wp-json\/wp\/v2\/product_tag?post=68753"}],"curies":[{"name":"wp","href":"https:\/\/api.w.org\/{rel}","templated":true}]}}