{"id":73111,"date":"2026-04-20T08:00:02","date_gmt":"2026-04-20T06:00:02","guid":{"rendered":"https:\/\/www.goriffee.com\/shop\/bez-kategorii\/vyhodny-balik-3x-ovocne-hviezdy\/"},"modified":"2026-04-24T15:25:55","modified_gmt":"2026-04-24T13:25:55","slug":"vyhodny-balik-3x-ovocne-hviezdy","status":"publish","type":"product","link":"https:\/\/www.goriffee.com\/pl\/shop\/zestawy-kawowe\/vyhodny-balik-3x-ovocne-hviezdy\/","title":{"rendered":"Zestaw kaw: 3x Fruit Stars"},"content":{"rendered":"","protected":false},"excerpt":{"rendered":"<ul>\n<li>Przygotuj si\u0119 na degustacj\u0119, jakiej nigdy wcze\u015bniej nie do\u015bwiadczy\u0142e\u015b! Ten wygodny pakiet \u0142\u0105czy w sobie to, co najlepsze w \u015bwiecie wyselekcjonowanych kaw kofermentowanych, kt\u00f3re idealnie nadaj\u0105 si\u0119 do parzenia przez filtr. Zanurz si\u0119 w niekonwencjonalnym profilu smakowym, kt\u00f3ry \u0142amie kawowe stereotypy. Dzi\u0119ki unikalnemu procesowi przetwarzania w fili\u017cance znajdziesz intensywne i czyste smaki.   <\/li>\n<\/ul>\n<p>Pakiet jest idealny dla tych, kt\u00f3rzy szukaj\u0105 ekscytuj\u0105cych, owocowych i niezapomnianych wra\u017ce\u0144.<\/p>\n<p>Zawiera 3x 250 g:<\/p>\n<ul>\n<li>Go Bananas Filter Blend<\/li>\n<li>Mieszanka filtr\u00f3w Peach Please<\/li>\n<li>Marshmallow Brewing Blend<\/li>\n<\/ul>\n","protected":false},"featured_media":62831,"comment_status":"open","ping_status":"closed","template":"","meta":{"_acf_changed":false},"product_brand":[1343],"product_cat":[1424],"product_tag":[],"class_list":{"0":"post-73111","1":"product","2":"type-product","3":"status-publish","4":"has-post-thumbnail","6":"product_brand-palarnia-goriffee","7":"product_cat-zestawy-kawowe","9":"first","10":"instock","11":"sale","12":"taxable","13":"shipping-taxable","14":"purchasable","15":"product-type-simple"},"acf":[],"_links":{"self":[{"href":"https:\/\/www.goriffee.com\/pl\/wp-json\/wp\/v2\/product\/73111","targetHints":{"allow":["GET"]}}],"collection":[{"href":"https:\/\/www.goriffee.com\/pl\/wp-json\/wp\/v2\/product"}],"about":[{"href":"https:\/\/www.goriffee.com\/pl\/wp-json\/wp\/v2\/types\/product"}],"replies":[{"embeddable":true,"href":"https:\/\/www.goriffee.com\/pl\/wp-json\/wp\/v2\/comments?post=73111"}],"version-history":[{"count":0,"href":"https:\/\/www.goriffee.com\/pl\/wp-json\/wp\/v2\/product\/73111\/revisions"}],"wp:featuredmedia":[{"embeddable":true,"href":"https:\/\/www.goriffee.com\/pl\/wp-json\/wp\/v2\/media\/62831"}],"wp:attachment":[{"href":"https:\/\/www.goriffee.com\/pl\/wp-json\/wp\/v2\/media?parent=73111"}],"wp:term":[{"taxonomy":"product_brand","embeddable":true,"href":"https:\/\/www.goriffee.com\/pl\/wp-json\/wp\/v2\/product_brand?post=73111"},{"taxonomy":"product_cat","embeddable":true,"href":"https:\/\/www.goriffee.com\/pl\/wp-json\/wp\/v2\/product_cat?post=73111"},{"taxonomy":"product_tag","embeddable":true,"href":"https:\/\/www.goriffee.com\/pl\/wp-json\/wp\/v2\/product_tag?post=73111"}],"curies":[{"name":"wp","href":"https:\/\/api.w.org\/{rel}","templated":true}]}}